{"id":77142,"date":"2026-04-09T14:32:31","date_gmt":"2026-04-09T12:32:31","guid":{"rendered":"https:\/\/www.fleurop-home.ch\/de-ch\/p\/rosa-klappkarte-its-a-girl-zum-aufstellen"},"modified":"2026-04-13T11:28:06","modified_gmt":"2026-04-13T09:28:06","slug":"carte-rose-a-volet-its-a-girl","status":"publish","type":"product","link":"https:\/\/www.fleurop-home.ch\/fr-ch\/p\/rosa-klappkarte-its-a-girl","title":{"rendered":"Carte rose \u00e0 volet \u201cit's a girl\u201d !\u201d"},"content":{"rendered":"<p>Carte \u00e0 volet sobre et intemporelle pour f\u00e9liciter le Gender Reveal et les filles nouveau-n\u00e9es.<\/p>\n<p>- Carte \u00e0 volet double face<br \/>\n- Pages int\u00e9rieures vierges<br \/>\n- Papier naturel de haute qualit\u00e9, imprim\u00e9 en mat<br \/>\n- Comme carte de v\u0153ux pour une croissance f\u00e9minine<br \/>\n- Des couleurs riches en haute r\u00e9solution d'impression<br \/>\n- Impression de film brillant en or<br \/>\n- Fabriqu\u00e9 en Allemagne<\/p>","protected":false},"excerpt":{"rendered":"<p>Carte \u00e0 volet sobre et intemporelle pour f\u00e9liciter le Gender Reveal et les filles nouveau-n\u00e9es.<\/p>","protected":false},"featured_media":77141,"template":"","meta":[],"product_brand":[],"product_cat":[58,52],"product_tag":[324],"woo-feed-brand":[],"class_list":{"0":"post-77142","1":"product","2":"type-product","3":"status-publish","4":"has-post-thumbnail","6":"product_cat-grusskarten","7":"product_cat-geschenke","8":"product_tag-marein-ag","10":"first","11":"instock","12":"taxable","13":"shipping-taxable","14":"purchasable","15":"product-type-simple"},"_links":{"self":[{"href":"https:\/\/www.fleurop-home.ch\/fr-ch\/wp-json\/wp\/v2\/product\/77142","targetHints":{"allow":["GET"]}}],"collection":[{"href":"https:\/\/www.fleurop-home.ch\/fr-ch\/wp-json\/wp\/v2\/product"}],"about":[{"href":"https:\/\/www.fleurop-home.ch\/fr-ch\/wp-json\/wp\/v2\/types\/product"}],"wp:featuredmedia":[{"embeddable":true,"href":"https:\/\/www.fleurop-home.ch\/fr-ch\/wp-json\/wp\/v2\/media\/77141"}],"wp:attachment":[{"href":"https:\/\/www.fleurop-home.ch\/fr-ch\/wp-json\/wp\/v2\/media?parent=77142"}],"wp:term":[{"taxonomy":"product_brand","embeddable":true,"href":"https:\/\/www.fleurop-home.ch\/fr-ch\/wp-json\/wp\/v2\/product_brand?post=77142"},{"taxonomy":"product_cat","embeddable":true,"href":"https:\/\/www.fleurop-home.ch\/fr-ch\/wp-json\/wp\/v2\/product_cat?post=77142"},{"taxonomy":"product_tag","embeddable":true,"href":"https:\/\/www.fleurop-home.ch\/fr-ch\/wp-json\/wp\/v2\/product_tag?post=77142"},{"taxonomy":"woo-feed-brand","embeddable":true,"href":"https:\/\/www.fleurop-home.ch\/fr-ch\/wp-json\/wp\/v2\/woo-feed-brand?post=77142"}],"curies":[{"name":"wp","href":"https:\/\/api.w.org\/{rel}","templated":true}]}}