{"id":77127,"date":"2026-04-09T14:32:10","date_gmt":"2026-04-09T12:32:10","guid":{"rendered":"https:\/\/www.fleurop-home.ch\/de-ch\/p\/quality-stempelkissen-64-x-99-mm-gold"},"modified":"2026-04-16T13:25:34","modified_gmt":"2026-04-16T11:25:34","slug":"tampon-encreur-quality-or","status":"publish","type":"product","link":"https:\/\/www.fleurop-home.ch\/fr-ch\/p\/quality-stempelkissen-gold","title":{"rendered":"Quality tampon encreur, or"},"content":{"rendered":"<p>Avec l'aide du tampon encreur, tu peux facilement mouiller tes tampons avec de l'encre et ensuite transf\u00e9rer des motifs uniques sur diff\u00e9rents mat\u00e9riaux. Le tampon encreur est prot\u00e9g\u00e9 dans une bo\u00eete avec couvercle, ce qui emp\u00eache l'encre de s\u00e9cher \u00e0 tout moment. Les tampons encreurs Quality offrent la meilleure qualit\u00e9 d'encre et d'humidit\u00e9 possible.<\/p>\n<p>Les tampons encreurs sont disponibles dans de nombreuses couleurs diff\u00e9rentes. L'encre adh\u00e8re \u00e0 diverses surfaces comme le papier, le carton, le papier m\u00e2ch\u00e9 et le bois.<\/p>\n<p>- 64 x 99 mm<br \/>\n- 1 pi\u00e8ce<\/p>","protected":false},"excerpt":{"rendered":"<p>Tampon encreur Quality 64 x 99 mm, or<\/p>","protected":false},"featured_media":77126,"template":"","meta":[],"product_brand":[],"product_cat":[1195,23,1263,29],"product_tag":[324],"woo-feed-brand":[],"class_list":{"0":"post-77127","1":"product","2":"type-product","3":"status-publish","4":"has-post-thumbnail","6":"product_cat-dekogrundlagen","7":"product_cat-home-living","8":"product_cat-fleuropkids","9":"product_cat-do-it-yourself","10":"product_tag-marein-ag","12":"first","13":"instock","14":"taxable","15":"shipping-taxable","16":"purchasable","17":"product-type-simple"},"_links":{"self":[{"href":"https:\/\/www.fleurop-home.ch\/fr-ch\/wp-json\/wp\/v2\/product\/77127","targetHints":{"allow":["GET"]}}],"collection":[{"href":"https:\/\/www.fleurop-home.ch\/fr-ch\/wp-json\/wp\/v2\/product"}],"about":[{"href":"https:\/\/www.fleurop-home.ch\/fr-ch\/wp-json\/wp\/v2\/types\/product"}],"wp:featuredmedia":[{"embeddable":true,"href":"https:\/\/www.fleurop-home.ch\/fr-ch\/wp-json\/wp\/v2\/media\/77126"}],"wp:attachment":[{"href":"https:\/\/www.fleurop-home.ch\/fr-ch\/wp-json\/wp\/v2\/media?parent=77127"}],"wp:term":[{"taxonomy":"product_brand","embeddable":true,"href":"https:\/\/www.fleurop-home.ch\/fr-ch\/wp-json\/wp\/v2\/product_brand?post=77127"},{"taxonomy":"product_cat","embeddable":true,"href":"https:\/\/www.fleurop-home.ch\/fr-ch\/wp-json\/wp\/v2\/product_cat?post=77127"},{"taxonomy":"product_tag","embeddable":true,"href":"https:\/\/www.fleurop-home.ch\/fr-ch\/wp-json\/wp\/v2\/product_tag?post=77127"},{"taxonomy":"woo-feed-brand","embeddable":true,"href":"https:\/\/www.fleurop-home.ch\/fr-ch\/wp-json\/wp\/v2\/woo-feed-brand?post=77127"}],"curies":[{"name":"wp","href":"https:\/\/api.w.org\/{rel}","templated":true}]}}