{"id":77124,"date":"2026-04-09T14:32:07","date_gmt":"2026-04-09T12:32:07","guid":{"rendered":"https:\/\/www.fleurop-home.ch\/de-ch\/p\/papiertueten-papiertaschen-mit-edlem-streifen-und-tupfenmuster-in-goldpraegung-als-geschenkverpackung-braun-gold-25-4-x-30-x-12-7-cm-4-stk"},"modified":"2026-04-13T16:59:20","modified_gmt":"2026-04-13T14:59:20","slug":"sacs-en-papier-a-rayures-et-a-pois-en-couleur-or","status":"publish","type":"product","link":"https:\/\/www.fleurop-home.ch\/fr-ch\/p\/papiertaschen-streifen-und-tupfenmuster-in-goldpraegung","title":{"rendered":"Pochettes en papier, motifs \u00e0 rayures et \u00e0 pois en relief dor\u00e9"},"content":{"rendered":"<p>Sacs en papier, sacs en papier avec un motif \u00e9l\u00e9gant de rayures et de pois en relief dor\u00e9 comme emballage cadeau, marron &amp; or, 25.4 x 30 x 12.7 cm, 4 pcs.<\/p>\n<p>Les sacs en papier sont de petits artistes de la transformation avec lesquels tu peux travailler de mani\u00e8re imaginative et cr\u00e9ative. Tu peux les peindre et les coller, les plier et les tamponner, ton imagination est sans limite. Leur couleur les rend absolument neutres et en fait une toile id\u00e9ale pour tes id\u00e9es. Qu'il soit color\u00e9, discret ou ludique, ton emballage cadeau fait maison sera certainement une r\u00e9ussite.<\/p>\n<p>- 25.4 x 30 x 12.7 cm<br \/>\n- 4 pi\u00e8ces, rayures &amp; points<\/p>","protected":false},"excerpt":{"rendered":"<p>Sacs en papier, 25.4 x 30 x 12.7 cm, 4 pi\u00e8ces<\/p>","protected":false},"featured_media":77123,"template":"","meta":[],"product_brand":[],"product_cat":[1193,23,29],"product_tag":[324],"woo-feed-brand":[],"class_list":{"0":"post-77124","1":"product","2":"type-product","3":"status-publish","4":"has-post-thumbnail","6":"product_cat-baender-tueten","7":"product_cat-home-living","8":"product_cat-do-it-yourself","9":"product_tag-marein-ag","11":"first","12":"instock","13":"taxable","14":"shipping-taxable","15":"purchasable","16":"product-type-simple"},"_links":{"self":[{"href":"https:\/\/www.fleurop-home.ch\/fr-ch\/wp-json\/wp\/v2\/product\/77124","targetHints":{"allow":["GET"]}}],"collection":[{"href":"https:\/\/www.fleurop-home.ch\/fr-ch\/wp-json\/wp\/v2\/product"}],"about":[{"href":"https:\/\/www.fleurop-home.ch\/fr-ch\/wp-json\/wp\/v2\/types\/product"}],"wp:featuredmedia":[{"embeddable":true,"href":"https:\/\/www.fleurop-home.ch\/fr-ch\/wp-json\/wp\/v2\/media\/77123"}],"wp:attachment":[{"href":"https:\/\/www.fleurop-home.ch\/fr-ch\/wp-json\/wp\/v2\/media?parent=77124"}],"wp:term":[{"taxonomy":"product_brand","embeddable":true,"href":"https:\/\/www.fleurop-home.ch\/fr-ch\/wp-json\/wp\/v2\/product_brand?post=77124"},{"taxonomy":"product_cat","embeddable":true,"href":"https:\/\/www.fleurop-home.ch\/fr-ch\/wp-json\/wp\/v2\/product_cat?post=77124"},{"taxonomy":"product_tag","embeddable":true,"href":"https:\/\/www.fleurop-home.ch\/fr-ch\/wp-json\/wp\/v2\/product_tag?post=77124"},{"taxonomy":"woo-feed-brand","embeddable":true,"href":"https:\/\/www.fleurop-home.ch\/fr-ch\/wp-json\/wp\/v2\/woo-feed-brand?post=77124"}],"curies":[{"name":"wp","href":"https:\/\/api.w.org\/{rel}","templated":true}]}}