{"id":77121,"date":"2026-04-09T14:32:04","date_gmt":"2026-04-09T12:32:04","guid":{"rendered":"https:\/\/www.fleurop-home.ch\/de-ch\/p\/papiertuete-papiertasche-als-geschenkverpackung-zum-selbst-dekorieren-mit-papierkordel-taschengriff-braun-14-x-14-x-8-9-cm-6-stk"},"modified":"2026-04-13T16:57:21","modified_gmt":"2026-04-13T14:57:21","slug":"sac-en-papier-marron-14-x-14-x-8-9-cm-6-pcs","status":"publish","type":"product","link":"https:\/\/www.fleurop-home.ch\/fr-ch\/p\/papiertasche-braun-14-x-14-x-8-9-cm-6-stk","title":{"rendered":"Sac en papier marron, 14 x 14 x 8.9 cm, 6 pcs."},"content":{"rendered":"<p>Sac en papier, sac en papier comme emballage cadeau \u00e0 d\u00e9corer soi-m\u00eame avec cordelette en papier poign\u00e9e de sac, marron, 14 x 14 x 8.9 cm, 6 pcs.<\/p>\n<p>Les sacs en papier sont de petits artistes de la transformation avec lesquels tu peux travailler de mani\u00e8re imaginative et cr\u00e9ative. Tu peux les peindre et les coller, les plier et les tamponner, ton imagination est sans limite. Leur couleur les rend absolument neutres et en fait une toile id\u00e9ale pour tes id\u00e9es. Qu'il soit color\u00e9, discret ou ludique, ton emballage cadeau fait maison sera certainement une r\u00e9ussite.<\/p>\n<p>- 14 x 14 x 8.9 cm<br \/>\n- 6 pi\u00e8ces<\/p>","protected":false},"excerpt":{"rendered":"<p>Sacs en papier,14 x 14. x 8.9 cm, 6 pcs. marron<\/p>","protected":false},"featured_media":77120,"template":"","meta":[],"product_brand":[],"product_cat":[1193,23,29],"product_tag":[324],"woo-feed-brand":[],"class_list":{"0":"post-77121","1":"product","2":"type-product","3":"status-publish","4":"has-post-thumbnail","6":"product_cat-baender-tueten","7":"product_cat-home-living","8":"product_cat-do-it-yourself","9":"product_tag-marein-ag","11":"first","12":"instock","13":"taxable","14":"shipping-taxable","15":"purchasable","16":"product-type-simple"},"_links":{"self":[{"href":"https:\/\/www.fleurop-home.ch\/fr-ch\/wp-json\/wp\/v2\/product\/77121","targetHints":{"allow":["GET"]}}],"collection":[{"href":"https:\/\/www.fleurop-home.ch\/fr-ch\/wp-json\/wp\/v2\/product"}],"about":[{"href":"https:\/\/www.fleurop-home.ch\/fr-ch\/wp-json\/wp\/v2\/types\/product"}],"wp:featuredmedia":[{"embeddable":true,"href":"https:\/\/www.fleurop-home.ch\/fr-ch\/wp-json\/wp\/v2\/media\/77120"}],"wp:attachment":[{"href":"https:\/\/www.fleurop-home.ch\/fr-ch\/wp-json\/wp\/v2\/media?parent=77121"}],"wp:term":[{"taxonomy":"product_brand","embeddable":true,"href":"https:\/\/www.fleurop-home.ch\/fr-ch\/wp-json\/wp\/v2\/product_brand?post=77121"},{"taxonomy":"product_cat","embeddable":true,"href":"https:\/\/www.fleurop-home.ch\/fr-ch\/wp-json\/wp\/v2\/product_cat?post=77121"},{"taxonomy":"product_tag","embeddable":true,"href":"https:\/\/www.fleurop-home.ch\/fr-ch\/wp-json\/wp\/v2\/product_tag?post=77121"},{"taxonomy":"woo-feed-brand","embeddable":true,"href":"https:\/\/www.fleurop-home.ch\/fr-ch\/wp-json\/wp\/v2\/woo-feed-brand?post=77121"}],"curies":[{"name":"wp","href":"https:\/\/api.w.org\/{rel}","templated":true}]}}