{"id":77118,"date":"2026-04-09T14:32:00","date_gmt":"2026-04-09T12:32:00","guid":{"rendered":"https:\/\/www.fleurop-home.ch\/de-ch\/p\/papierboxen-19-5-x-10-x-6-3-cm-4-stk"},"modified":"2026-04-13T17:00:18","modified_gmt":"2026-04-13T15:00:18","slug":"boites-en-papier-19-5-x-10-x-6-3-cm-4-pcs","status":"publish","type":"product","link":"https:\/\/www.fleurop-home.ch\/fr-ch\/p\/papierboxen-19-5-x-10-x-6-3-cm-4-stk","title":{"rendered":"Bo\u00eetes en papier 19.5 x 10 x 6.3 cm, 4 pcs."},"content":{"rendered":"<p>Les bo\u00eetes en papier sont de petits artistes de la transformation avec lesquels tu peux travailler de mani\u00e8re imaginative et cr\u00e9ative. Tu peux les peindre, les coller ou les tamponner, il n'y a pas de limites \u00e0 ton imagination. Leur couleur les rend absolument neutres et en fait une toile id\u00e9ale pour tes id\u00e9es. Qu'il soit color\u00e9, discret ou ludique, ton emballage cadeau fait maison sera certainement une r\u00e9ussite. Toutes les bo\u00eetes sont certifi\u00e9es pour le contact alimentaire. Il est conseill\u00e9 de prot\u00e9ger en plus les bo\u00eetes avec du papier sulfuris\u00e9 ou quelque chose de similaire en cas de p\u00e2tisserie grasse.<\/p>\n<p>- 19.5 x 10 x 6.3 cm<br \/>\n- 4 pi\u00e8ces, fen\u00eatre incluse<\/p>","protected":false},"excerpt":{"rendered":"<p>Bo\u00eetes en papier,19.5x10x6.3 cm, marron,4 pcs.<\/p>","protected":false},"featured_media":77117,"template":"","meta":[],"product_brand":[],"product_cat":[1193,23,29],"product_tag":[324],"woo-feed-brand":[],"class_list":{"0":"post-77118","1":"product","2":"type-product","3":"status-publish","4":"has-post-thumbnail","6":"product_cat-baender-tueten","7":"product_cat-home-living","8":"product_cat-do-it-yourself","9":"product_tag-marein-ag","11":"first","12":"instock","13":"taxable","14":"shipping-taxable","15":"purchasable","16":"product-type-simple"},"_links":{"self":[{"href":"https:\/\/www.fleurop-home.ch\/fr-ch\/wp-json\/wp\/v2\/product\/77118","targetHints":{"allow":["GET"]}}],"collection":[{"href":"https:\/\/www.fleurop-home.ch\/fr-ch\/wp-json\/wp\/v2\/product"}],"about":[{"href":"https:\/\/www.fleurop-home.ch\/fr-ch\/wp-json\/wp\/v2\/types\/product"}],"wp:featuredmedia":[{"embeddable":true,"href":"https:\/\/www.fleurop-home.ch\/fr-ch\/wp-json\/wp\/v2\/media\/77117"}],"wp:attachment":[{"href":"https:\/\/www.fleurop-home.ch\/fr-ch\/wp-json\/wp\/v2\/media?parent=77118"}],"wp:term":[{"taxonomy":"product_brand","embeddable":true,"href":"https:\/\/www.fleurop-home.ch\/fr-ch\/wp-json\/wp\/v2\/product_brand?post=77118"},{"taxonomy":"product_cat","embeddable":true,"href":"https:\/\/www.fleurop-home.ch\/fr-ch\/wp-json\/wp\/v2\/product_cat?post=77118"},{"taxonomy":"product_tag","embeddable":true,"href":"https:\/\/www.fleurop-home.ch\/fr-ch\/wp-json\/wp\/v2\/product_tag?post=77118"},{"taxonomy":"woo-feed-brand","embeddable":true,"href":"https:\/\/www.fleurop-home.ch\/fr-ch\/wp-json\/wp\/v2\/woo-feed-brand?post=77118"}],"curies":[{"name":"wp","href":"https:\/\/api.w.org\/{rel}","templated":true}]}}