{"id":77114,"date":"2026-04-09T14:31:58","date_gmt":"2026-04-09T12:31:58","guid":{"rendered":"https:\/\/www.fleurop-home.ch\/de-ch\/p\/papierbeutel-papiertueten-uni-mit-huebscher-verschlusskappe-als-geschenkverpackung-zum-selbst-dekorieren-braun-13-5-x-8-7-cm-6-stk"},"modified":"2026-04-13T16:44:47","modified_gmt":"2026-04-13T14:44:47","slug":"sacs-en-papier-unis","status":"publish","type":"product","link":"https:\/\/www.fleurop-home.ch\/fr-ch\/p\/papiertueten-uni","title":{"rendered":"Sacs en papier unis"},"content":{"rendered":"<p>Sacs en papier, sacs en papier unis avec un joli bouchon comme emballage cadeau \u00e0 d\u00e9corer soi-m\u00eame, blanc, 13.5 x 8.7 cm, 6 pcs.<\/p>\n<p>Les sacs en papier sont de petits artistes de la transformation avec lesquels tu peux travailler de mani\u00e8re imaginative et cr\u00e9ative. Ils peuvent \u00eatre coll\u00e9s, d\u00e9cor\u00e9s avec des hang tags et tamponn\u00e9s, ton imagination est sans limite. Leur couleur les rend absolument neutres et en fait une toile id\u00e9ale pour tes id\u00e9es. Qu'il soit color\u00e9, discret ou ludique, ton emballage cadeau fait maison sera certainement une r\u00e9ussite. Pour les produits gras, il est recommand\u00e9 de prot\u00e9ger les sachets avec du papier sulfuris\u00e9 ou autre.<\/p>\n<p>- 13.5 x 8.7 cm<br \/>\n- 6 pi\u00e8ces<\/p>","protected":false},"excerpt":{"rendered":"<p>Sacs en papier, blanc, 6 pi\u00e8ces<\/p>","protected":false},"featured_media":77113,"template":"","meta":[],"product_brand":[],"product_cat":[1193,23,29],"product_tag":[324],"woo-feed-brand":[],"class_list":{"0":"post-77114","1":"product","2":"type-product","3":"status-publish","4":"has-post-thumbnail","6":"product_cat-baender-tueten","7":"product_cat-home-living","8":"product_cat-do-it-yourself","9":"product_tag-marein-ag","11":"first","12":"instock","13":"taxable","14":"shipping-taxable","15":"purchasable","16":"product-type-simple"},"_links":{"self":[{"href":"https:\/\/www.fleurop-home.ch\/fr-ch\/wp-json\/wp\/v2\/product\/77114","targetHints":{"allow":["GET"]}}],"collection":[{"href":"https:\/\/www.fleurop-home.ch\/fr-ch\/wp-json\/wp\/v2\/product"}],"about":[{"href":"https:\/\/www.fleurop-home.ch\/fr-ch\/wp-json\/wp\/v2\/types\/product"}],"wp:featuredmedia":[{"embeddable":true,"href":"https:\/\/www.fleurop-home.ch\/fr-ch\/wp-json\/wp\/v2\/media\/77113"}],"wp:attachment":[{"href":"https:\/\/www.fleurop-home.ch\/fr-ch\/wp-json\/wp\/v2\/media?parent=77114"}],"wp:term":[{"taxonomy":"product_brand","embeddable":true,"href":"https:\/\/www.fleurop-home.ch\/fr-ch\/wp-json\/wp\/v2\/product_brand?post=77114"},{"taxonomy":"product_cat","embeddable":true,"href":"https:\/\/www.fleurop-home.ch\/fr-ch\/wp-json\/wp\/v2\/product_cat?post=77114"},{"taxonomy":"product_tag","embeddable":true,"href":"https:\/\/www.fleurop-home.ch\/fr-ch\/wp-json\/wp\/v2\/product_tag?post=77114"},{"taxonomy":"woo-feed-brand","embeddable":true,"href":"https:\/\/www.fleurop-home.ch\/fr-ch\/wp-json\/wp\/v2\/woo-feed-brand?post=77114"}],"curies":[{"name":"wp","href":"https:\/\/api.w.org\/{rel}","templated":true}]}}