{"id":77099,"date":"2026-04-09T14:31:30","date_gmt":"2026-04-09T12:31:30","guid":{"rendered":"https:\/\/www.fleurop-home.ch\/de-ch\/p\/nuggikette-set-zoo-3-stueck-26-x-2-5-cm-3-stk"},"modified":"2026-04-10T08:09:45","modified_gmt":"2026-04-10T06:09:45","slug":"nuggikette-set-zoo-3-stueck","status":"publish","type":"product","link":"https:\/\/www.fleurop-home.ch\/fr-ch\/p\/nuggikette-set-zoo-3-stueck","title":{"rendered":"Nuggikette Set Zoo, 3 St\u00fcck"},"content":{"rendered":"<p>Dieses zarte 3er-Set Schnullerketten \u00fcberzeugt durch liebevolle Designs in sanften Pastellfarben. Ob Schwan, Giraffe oder Blumenmotiv \u2013 jedes Band bringt eine fr\u00f6hliche Note in den Babyalltag. Die stabilen Clips sorgen f\u00fcr sicheren Halt an Kleidung, Kinderwagen oder Babyschale, w\u00e4hrend das weiche Material angenehm zu tragen und leicht zu reinigen ist. So bleibt der Schnuller stets sauber und griffbereit. Eine stilvolle und praktische L\u00f6sung f\u00fcr unterwegs \u2013 ideal auch als Geschenk f\u00fcr junge Eltern.<\/p>\n<p>\u2022 3er-Set Schnullerketten im liebevollen Tier- und Blumen-Design<br \/>\n\u2022 Sanfte Pastellfarben mit Giraffen-, Schwan- und Bl\u00fctenmotiven<br \/>\n- Bande douce et r\u00e9sistante avec un clip s\u00fbr - s'adapte \u00e0 toutes les t\u00e9tines<br \/>\n- Les couleurs : Color\u00e9<br \/>\n- Mat\u00e9riel : textile<br \/>\n- Taille : 26 x 2,5 cm<\/p>","protected":false},"excerpt":{"rendered":"<p>Nuggikette Set Zoo, 3 St\u00fcck, 26 x 2.5 cm, 3 Stk.<\/p>","protected":false},"featured_media":77098,"template":"","meta":[],"product_brand":[],"product_cat":[62,59],"product_tag":[324],"woo-feed-brand":[],"class_list":{"0":"post-77099","1":"product","2":"type-product","3":"status-publish","4":"has-post-thumbnail","6":"product_cat-spielzeug","7":"product_cat-kids","8":"product_tag-marein-ag","10":"first","11":"instock","12":"taxable","13":"shipping-taxable","14":"purchasable","15":"product-type-simple"},"_links":{"self":[{"href":"https:\/\/www.fleurop-home.ch\/fr-ch\/wp-json\/wp\/v2\/product\/77099","targetHints":{"allow":["GET"]}}],"collection":[{"href":"https:\/\/www.fleurop-home.ch\/fr-ch\/wp-json\/wp\/v2\/product"}],"about":[{"href":"https:\/\/www.fleurop-home.ch\/fr-ch\/wp-json\/wp\/v2\/types\/product"}],"wp:featuredmedia":[{"embeddable":true,"href":"https:\/\/www.fleurop-home.ch\/fr-ch\/wp-json\/wp\/v2\/media\/77098"}],"wp:attachment":[{"href":"https:\/\/www.fleurop-home.ch\/fr-ch\/wp-json\/wp\/v2\/media?parent=77099"}],"wp:term":[{"taxonomy":"product_brand","embeddable":true,"href":"https:\/\/www.fleurop-home.ch\/fr-ch\/wp-json\/wp\/v2\/product_brand?post=77099"},{"taxonomy":"product_cat","embeddable":true,"href":"https:\/\/www.fleurop-home.ch\/fr-ch\/wp-json\/wp\/v2\/product_cat?post=77099"},{"taxonomy":"product_tag","embeddable":true,"href":"https:\/\/www.fleurop-home.ch\/fr-ch\/wp-json\/wp\/v2\/product_tag?post=77099"},{"taxonomy":"woo-feed-brand","embeddable":true,"href":"https:\/\/www.fleurop-home.ch\/fr-ch\/wp-json\/wp\/v2\/woo-feed-brand?post=77099"}],"curies":[{"name":"wp","href":"https:\/\/api.w.org\/{rel}","templated":true}]}}