{"id":77074,"date":"2026-04-09T14:30:39","date_gmt":"2026-04-09T12:30:39","guid":{"rendered":"https:\/\/www.fleurop-home.ch\/de-ch\/p\/mini-pinienzapfen-4-stueck"},"modified":"2026-04-09T16:27:11","modified_gmt":"2026-04-09T14:27:11","slug":"mini-pinienzapfen-4-stueck","status":"publish","type":"product","link":"https:\/\/www.fleurop-home.ch\/fr-ch\/p\/mini-pinienzapfen-4-stueck","title":{"rendered":"Mini pomme de pin, 4 pi\u00e8ces"},"content":{"rendered":"<p>Ces mini pommes de pin naturelles apportent le charme de la nature directement dans ta maison. Id\u00e9ales pour les d\u00e9corations d'automne et de No\u00ebl, les v\u00e9ritables pommes de pin peuvent \u00eatre utilis\u00e9es de diff\u00e9rentes mani\u00e8res, que ce soit pour des couronnes, des d\u00e9corations de table ou des guirlandes. Avec leur couleur et leur structure naturelles, elles sont le choix parfait pour tous ceux qui souhaitent apporter une touche authentique et rustique \u00e0 leur d\u00e9coration.<\/p>\n<p>- Contenu : 4 pi\u00e8ces | Taille : environ \u00f8 35 x 40 mm<br \/>\n- couleur : marron | mat\u00e9riel : pin<br \/>\n- De vraies pommes de pin<br \/>\n- Non trait\u00e9 et naturel<br \/>\n- Parfait pour les d\u00e9corations d'automne et de No\u00ebl comme les couronnes, les d\u00e9corations de table, les guirlandes, etc.<\/p>","protected":false},"excerpt":{"rendered":"<p>Pomme de pin, 4 pcs.<\/p>","protected":false},"featured_media":77073,"template":"","meta":[],"product_brand":[],"product_cat":[1196,23,29],"product_tag":[324],"woo-feed-brand":[],"class_list":{"0":"post-77074","1":"product","2":"type-product","3":"status-publish","4":"has-post-thumbnail","6":"product_cat-natur-deko","7":"product_cat-home-living","8":"product_cat-do-it-yourself","9":"product_tag-marein-ag","11":"first","12":"instock","13":"taxable","14":"shipping-taxable","15":"purchasable","16":"product-type-simple"},"_links":{"self":[{"href":"https:\/\/www.fleurop-home.ch\/fr-ch\/wp-json\/wp\/v2\/product\/77074","targetHints":{"allow":["GET"]}}],"collection":[{"href":"https:\/\/www.fleurop-home.ch\/fr-ch\/wp-json\/wp\/v2\/product"}],"about":[{"href":"https:\/\/www.fleurop-home.ch\/fr-ch\/wp-json\/wp\/v2\/types\/product"}],"wp:featuredmedia":[{"embeddable":true,"href":"https:\/\/www.fleurop-home.ch\/fr-ch\/wp-json\/wp\/v2\/media\/77073"}],"wp:attachment":[{"href":"https:\/\/www.fleurop-home.ch\/fr-ch\/wp-json\/wp\/v2\/media?parent=77074"}],"wp:term":[{"taxonomy":"product_brand","embeddable":true,"href":"https:\/\/www.fleurop-home.ch\/fr-ch\/wp-json\/wp\/v2\/product_brand?post=77074"},{"taxonomy":"product_cat","embeddable":true,"href":"https:\/\/www.fleurop-home.ch\/fr-ch\/wp-json\/wp\/v2\/product_cat?post=77074"},{"taxonomy":"product_tag","embeddable":true,"href":"https:\/\/www.fleurop-home.ch\/fr-ch\/wp-json\/wp\/v2\/product_tag?post=77074"},{"taxonomy":"woo-feed-brand","embeddable":true,"href":"https:\/\/www.fleurop-home.ch\/fr-ch\/wp-json\/wp\/v2\/woo-feed-brand?post=77074"}],"curies":[{"name":"wp","href":"https:\/\/api.w.org\/{rel}","templated":true}]}}