{"id":77071,"date":"2026-04-09T14:30:36","date_gmt":"2026-04-09T12:30:36","guid":{"rendered":"https:\/\/www.fleurop-home.ch\/de-ch\/p\/may-berry-stempel-wuestenkaktus3-5-x-5-5-x-2-cm"},"modified":"2026-04-15T14:05:15","modified_gmt":"2026-04-15T12:05:15","slug":"may-berry-stempel-wuestenkaktus","status":"publish","type":"product","link":"https:\/\/www.fleurop-home.ch\/fr-ch\/p\/may-berry-stempel-wuestenkaktus","title":{"rendered":"Tampon May &amp; Berry, cactus du d\u00e9sert"},"content":{"rendered":"<p>Personnalise tes cartes de v\u0153ux ou tes cadeaux avec les jolis tampons de May &amp; Berry. Ce sont les petits mots et les gestes qui rendent notre vie belle et sp\u00e9ciale. Souvent, nous n'avons pas le temps d'exprimer correctement nos sentiments et d'exprimer notre gratitude aux personnes qui sont \u00e0 nos c\u00f4t\u00e9s. C'est bien quand on a un tampon May &amp; Berry's sous la main, avec lequel les petits mots paraissent soudain tr\u00e8s grands.<\/p>\n<p>- Fabriqu\u00e9 en Belgique<\/p>","protected":false},"excerpt":{"rendered":"<p>M&amp;B W\u00fcstenkaktus, 3.5 x 5.5 x 2 cm<\/p>","protected":false},"featured_media":77070,"template":"","meta":[],"product_brand":[],"product_cat":[1195,23,29],"product_tag":[324],"woo-feed-brand":[],"class_list":{"0":"post-77071","1":"product","2":"type-product","3":"status-publish","4":"has-post-thumbnail","6":"product_cat-dekogrundlagen","7":"product_cat-home-living","8":"product_cat-do-it-yourself","9":"product_tag-marein-ag","11":"first","12":"instock","13":"taxable","14":"shipping-taxable","15":"purchasable","16":"product-type-simple"},"_links":{"self":[{"href":"https:\/\/www.fleurop-home.ch\/fr-ch\/wp-json\/wp\/v2\/product\/77071","targetHints":{"allow":["GET"]}}],"collection":[{"href":"https:\/\/www.fleurop-home.ch\/fr-ch\/wp-json\/wp\/v2\/product"}],"about":[{"href":"https:\/\/www.fleurop-home.ch\/fr-ch\/wp-json\/wp\/v2\/types\/product"}],"wp:featuredmedia":[{"embeddable":true,"href":"https:\/\/www.fleurop-home.ch\/fr-ch\/wp-json\/wp\/v2\/media\/77070"}],"wp:attachment":[{"href":"https:\/\/www.fleurop-home.ch\/fr-ch\/wp-json\/wp\/v2\/media?parent=77071"}],"wp:term":[{"taxonomy":"product_brand","embeddable":true,"href":"https:\/\/www.fleurop-home.ch\/fr-ch\/wp-json\/wp\/v2\/product_brand?post=77071"},{"taxonomy":"product_cat","embeddable":true,"href":"https:\/\/www.fleurop-home.ch\/fr-ch\/wp-json\/wp\/v2\/product_cat?post=77071"},{"taxonomy":"product_tag","embeddable":true,"href":"https:\/\/www.fleurop-home.ch\/fr-ch\/wp-json\/wp\/v2\/product_tag?post=77071"},{"taxonomy":"woo-feed-brand","embeddable":true,"href":"https:\/\/www.fleurop-home.ch\/fr-ch\/wp-json\/wp\/v2\/woo-feed-brand?post=77071"}],"curies":[{"name":"wp","href":"https:\/\/api.w.org\/{rel}","templated":true}]}}