{"id":77059,"date":"2026-04-09T14:30:17","date_gmt":"2026-04-09T12:30:17","guid":{"rendered":"https:\/\/www.fleurop-home.ch\/de-ch\/p\/matt-weisser-blechtopf-mit-tafel-und-haken-d12xh23cm"},"modified":"2026-04-15T12:24:24","modified_gmt":"2026-04-15T10:24:24","slug":"blechtopf-weiss-mit-tafel-haken","status":"publish","type":"product","link":"https:\/\/www.fleurop-home.ch\/fr-ch\/p\/blechtopf-weiss-mit-tafel-haken","title":{"rendered":"Pot en fer blanc avec tableau &amp; crochet"},"content":{"rendered":"<p>Mit dem H\u00e4ngetopf kannst du deine Pflanzen stilvol pr\u00e4sentieren! Egal ob Orchidee, Kaktus oder deine pers\u00f6nliche Lieblingspflanze \u2013 der schlichte Look eignet sich f\u00fcr fast alle Arten und ist zudem noch zeitlos.<\/p>\n<p>Der Topf hat eine Abmessung von \u00f8 12 x 23.5 cm und kommt ohne Loch in der Mitte.<\/p>\n<p>\u2022 \u00f8 12 x 23.5 cm<br \/>\n- 1 pi\u00e8ce<\/p>","protected":false},"excerpt":{"rendered":"<p>H\u00e4ngetopf, weiss mit Tafel, D12xH23cm<\/p>","protected":false},"featured_media":77058,"template":"","meta":[],"product_brand":[],"product_cat":[1198,23,27,34,40],"product_tag":[324],"woo-feed-brand":[],"class_list":{"0":"post-77059","1":"product","2":"type-product","3":"status-publish","4":"has-post-thumbnail","6":"product_cat-toepfe","7":"product_cat-home-living","8":"product_cat-vasen-gefaesse","9":"product_cat-garten-balkon","10":"product_cat-uebertoepfe","11":"product_tag-marein-ag","13":"first","14":"instock","15":"taxable","16":"shipping-taxable","17":"purchasable","18":"product-type-simple"},"_links":{"self":[{"href":"https:\/\/www.fleurop-home.ch\/fr-ch\/wp-json\/wp\/v2\/product\/77059","targetHints":{"allow":["GET"]}}],"collection":[{"href":"https:\/\/www.fleurop-home.ch\/fr-ch\/wp-json\/wp\/v2\/product"}],"about":[{"href":"https:\/\/www.fleurop-home.ch\/fr-ch\/wp-json\/wp\/v2\/types\/product"}],"wp:featuredmedia":[{"embeddable":true,"href":"https:\/\/www.fleurop-home.ch\/fr-ch\/wp-json\/wp\/v2\/media\/77058"}],"wp:attachment":[{"href":"https:\/\/www.fleurop-home.ch\/fr-ch\/wp-json\/wp\/v2\/media?parent=77059"}],"wp:term":[{"taxonomy":"product_brand","embeddable":true,"href":"https:\/\/www.fleurop-home.ch\/fr-ch\/wp-json\/wp\/v2\/product_brand?post=77059"},{"taxonomy":"product_cat","embeddable":true,"href":"https:\/\/www.fleurop-home.ch\/fr-ch\/wp-json\/wp\/v2\/product_cat?post=77059"},{"taxonomy":"product_tag","embeddable":true,"href":"https:\/\/www.fleurop-home.ch\/fr-ch\/wp-json\/wp\/v2\/product_tag?post=77059"},{"taxonomy":"woo-feed-brand","embeddable":true,"href":"https:\/\/www.fleurop-home.ch\/fr-ch\/wp-json\/wp\/v2\/woo-feed-brand?post=77059"}],"curies":[{"name":"wp","href":"https:\/\/api.w.org\/{rel}","templated":true}]}}