{"id":77045,"date":"2026-04-09T14:29:47","date_gmt":"2026-04-09T12:29:47","guid":{"rendered":"https:\/\/www.fleurop-home.ch\/de-ch\/p\/magische-lcd-schreibtafel-mit-zauberstift-inkl-batterie-22x14-5cm"},"modified":"2026-04-15T13:53:07","modified_gmt":"2026-04-15T11:53:07","slug":"ardoise-magique-lcd-avec-stylo-magique","status":"publish","type":"product","link":"https:\/\/www.fleurop-home.ch\/fr-ch\/p\/magische-lcd-schreibtafel-mit-zauberstift","title":{"rendered":"Tableau LCD magique avec crayon magique"},"content":{"rendered":"<p>Tableau LCD magique avec crayon magique (pile incluse), 22\u00d714.5cm<\/p>\n<p>Avec cette ardoise LCD sympa, ton enfant peut laisser libre cours \u00e0 sa cr\u00e9ativit\u00e9. Attrape le crayon magique et tu peux dessiner, \u00e9crire ou simplement gribouiller. Si tu veux effacer ton \u0153uvre d'art, il te suffit d'appuyer sur le bouton de la grande poubelle et la planche \u00e0 dessin redevient noire. L'ardoise r\u00e9utilisable est une excellente id\u00e9e de cadeau pour le prochain anniversaire de ton enfant ou pour No\u00ebl.<\/p>\n<p>REMARQUE : le tableau fonctionne avec une pile CR2025 qui est d\u00e9j\u00e0 int\u00e9gr\u00e9e dans la planche \u00e0 dessin.<\/p>\n<p>Tableau \u00e0 dessin d\u00e9contract\u00e9 avec crayon magique :<\/p>\n<p>- Encourage la cr\u00e9ativit\u00e9 des enfants<br \/>\n- Pour \u00e9crire, dessiner et gribouiller<br \/>\n- Id\u00e9al pour apprendre ou jouer<br \/>\n- Comprend un crayon magique pratique<br \/>\n- Superbe id\u00e9e de cadeau pour les anniversaires<br \/>\n- Couleur : noir\/bleu<br \/>\n- Mat\u00e9riau : plastique<br \/>\n- Taille du tableau : 22 x 14,5 cm<br \/>\n- Taille de l'\u00e9cran : environ 17 x 12,5 cm<br \/>\n- Taille du stylo : environ 12 x 1 cm<br \/>\n- Poids : environ 92 g<\/p>","protected":false},"excerpt":{"rendered":"<p>(22\u00d714.5cm) Ardoise magique LCD Planche \u00e0 dessin r\u00e9utilisable avec crayon magique (pile incluse)<\/p>","protected":false},"featured_media":77044,"template":"","meta":[],"product_brand":[],"product_cat":[62,23,59,939],"product_tag":[324],"woo-feed-brand":[],"class_list":{"0":"post-77045","1":"product","2":"type-product","3":"status-publish","4":"has-post-thumbnail","6":"product_cat-spielzeug","7":"product_cat-home-living","8":"product_cat-kids","9":"product_cat-kindergeschenke","10":"product_tag-marein-ag","12":"first","13":"instock","14":"taxable","15":"shipping-taxable","16":"purchasable","17":"product-type-simple"},"_links":{"self":[{"href":"https:\/\/www.fleurop-home.ch\/fr-ch\/wp-json\/wp\/v2\/product\/77045","targetHints":{"allow":["GET"]}}],"collection":[{"href":"https:\/\/www.fleurop-home.ch\/fr-ch\/wp-json\/wp\/v2\/product"}],"about":[{"href":"https:\/\/www.fleurop-home.ch\/fr-ch\/wp-json\/wp\/v2\/types\/product"}],"wp:featuredmedia":[{"embeddable":true,"href":"https:\/\/www.fleurop-home.ch\/fr-ch\/wp-json\/wp\/v2\/media\/77044"}],"wp:attachment":[{"href":"https:\/\/www.fleurop-home.ch\/fr-ch\/wp-json\/wp\/v2\/media?parent=77045"}],"wp:term":[{"taxonomy":"product_brand","embeddable":true,"href":"https:\/\/www.fleurop-home.ch\/fr-ch\/wp-json\/wp\/v2\/product_brand?post=77045"},{"taxonomy":"product_cat","embeddable":true,"href":"https:\/\/www.fleurop-home.ch\/fr-ch\/wp-json\/wp\/v2\/product_cat?post=77045"},{"taxonomy":"product_tag","embeddable":true,"href":"https:\/\/www.fleurop-home.ch\/fr-ch\/wp-json\/wp\/v2\/product_tag?post=77045"},{"taxonomy":"woo-feed-brand","embeddable":true,"href":"https:\/\/www.fleurop-home.ch\/fr-ch\/wp-json\/wp\/v2\/woo-feed-brand?post=77045"}],"curies":[{"name":"wp","href":"https:\/\/api.w.org\/{rel}","templated":true}]}}