{"id":77041,"date":"2026-04-09T14:29:41","date_gmt":"2026-04-09T12:29:41","guid":{"rendered":"https:\/\/www.fleurop-home.ch\/de-ch\/p\/lila-klappkarte-hip-hip-hooray-zum-aufstellen"},"modified":"2026-04-13T11:42:31","modified_gmt":"2026-04-13T09:42:31","slug":"carte-pliante-violette-hip-hip-hooray","status":"publish","type":"product","link":"https:\/\/www.fleurop-home.ch\/fr-ch\/p\/lila-klappkarte-hip-hip-hooray","title":{"rendered":"Carte pliable violette \u201chip hip hooray !\u201d"},"content":{"rendered":"<p>Une carte cadeau id\u00e9ale pour f\u00e9liciter quelqu'un ou pour c\u00e9l\u00e9brer quelque chose !<\/p>\n<p>- Carte \u00e0 volet double face<br \/>\n- Pages int\u00e9rieures vierges<br \/>\n- Papier naturel de haute qualit\u00e9, imprim\u00e9 en mat<br \/>\n- Des couleurs riches en haute r\u00e9solution d'impression<br \/>\n- Impression de film brillant en or<br \/>\n- Fabriqu\u00e9 en Allemagne<\/p>","protected":false},"excerpt":{"rendered":"<p>Une carte cadeau id\u00e9ale pour f\u00e9liciter quelqu'un ou pour c\u00e9l\u00e9brer quelque chose !<\/p>","protected":false},"featured_media":77040,"template":"","meta":[],"product_brand":[],"product_cat":[58,52],"product_tag":[324],"woo-feed-brand":[],"class_list":{"0":"post-77041","1":"product","2":"type-product","3":"status-publish","4":"has-post-thumbnail","6":"product_cat-grusskarten","7":"product_cat-geschenke","8":"product_tag-marein-ag","10":"first","11":"instock","12":"taxable","13":"shipping-taxable","14":"purchasable","15":"product-type-simple"},"_links":{"self":[{"href":"https:\/\/www.fleurop-home.ch\/fr-ch\/wp-json\/wp\/v2\/product\/77041","targetHints":{"allow":["GET"]}}],"collection":[{"href":"https:\/\/www.fleurop-home.ch\/fr-ch\/wp-json\/wp\/v2\/product"}],"about":[{"href":"https:\/\/www.fleurop-home.ch\/fr-ch\/wp-json\/wp\/v2\/types\/product"}],"wp:featuredmedia":[{"embeddable":true,"href":"https:\/\/www.fleurop-home.ch\/fr-ch\/wp-json\/wp\/v2\/media\/77040"}],"wp:attachment":[{"href":"https:\/\/www.fleurop-home.ch\/fr-ch\/wp-json\/wp\/v2\/media?parent=77041"}],"wp:term":[{"taxonomy":"product_brand","embeddable":true,"href":"https:\/\/www.fleurop-home.ch\/fr-ch\/wp-json\/wp\/v2\/product_brand?post=77041"},{"taxonomy":"product_cat","embeddable":true,"href":"https:\/\/www.fleurop-home.ch\/fr-ch\/wp-json\/wp\/v2\/product_cat?post=77041"},{"taxonomy":"product_tag","embeddable":true,"href":"https:\/\/www.fleurop-home.ch\/fr-ch\/wp-json\/wp\/v2\/product_tag?post=77041"},{"taxonomy":"woo-feed-brand","embeddable":true,"href":"https:\/\/www.fleurop-home.ch\/fr-ch\/wp-json\/wp\/v2\/woo-feed-brand?post=77041"}],"curies":[{"name":"wp","href":"https:\/\/api.w.org\/{rel}","templated":true}]}}