{"id":77028,"date":"2026-04-09T14:29:20","date_gmt":"2026-04-09T12:29:20","guid":{"rendered":"https:\/\/www.fleurop-home.ch\/de-ch\/p\/korksticker-abc-buchstaben-aufkleber-aus-kork-mit-dem-ganzen-alphabet-braun-2-x-2-cm-80-stk"},"modified":"2026-04-16T13:25:35","modified_gmt":"2026-04-16T11:25:35","slug":"autocollants-en-liege-alphabet","status":"publish","type":"product","link":"https:\/\/www.fleurop-home.ch\/fr-ch\/p\/korksticker-alphabet","title":{"rendered":"Autocollants en li\u00e8ge Alphabet"},"content":{"rendered":"<p>Autocollants en li\u00e8ge ABC, lettres autocollantes en li\u00e8ge avec tout l'alphabet, marron, 2 x 2 cm, 80 pi\u00e8ces.<\/p>\n<p>Le li\u00e8ge est un mat\u00e9riau merveilleux pour toutes sortes d'activit\u00e9s manuelles et cr\u00e9atives. On peut le peindre, y \u00e9crire, l'utiliser comme tableau d'affichage avec de petites \u00e9pingles et l'utiliser pour toutes sortes de d\u00e9corations. Avec son toucher chaud et agr\u00e9able, il donne aux objets un aspect agr\u00e9able et confortable. Le li\u00e8ge est imperm\u00e9able et l\u00e9ger.<br \/>\nGr\u00e2ce au film d\u00e9tachable, les autocollants en li\u00e8ge peuvent \u00eatre fix\u00e9s sur toutes sortes de surfaces lisses et utilis\u00e9s de mani\u00e8re d\u00e9corative, par exemple sur des livres d'\u00e9cole, des cahiers, des classeurs, des disques, des porte-stylos, etc.<\/p>","protected":false},"excerpt":{"rendered":"<p>Autocollants en li\u00e8ge, ABC II, 80 pi\u00e8ces<\/p>","protected":false},"featured_media":77027,"template":"","meta":[],"product_brand":[],"product_cat":[1195,23,1263,29,59,62],"product_tag":[324],"woo-feed-brand":[],"class_list":{"0":"post-77028","1":"product","2":"type-product","3":"status-publish","4":"has-post-thumbnail","6":"product_cat-dekogrundlagen","7":"product_cat-home-living","8":"product_cat-fleuropkids","9":"product_cat-do-it-yourself","10":"product_cat-kids","11":"product_cat-spielzeug","12":"product_tag-marein-ag","14":"first","15":"instock","16":"taxable","17":"shipping-taxable","18":"purchasable","19":"product-type-simple"},"_links":{"self":[{"href":"https:\/\/www.fleurop-home.ch\/fr-ch\/wp-json\/wp\/v2\/product\/77028","targetHints":{"allow":["GET"]}}],"collection":[{"href":"https:\/\/www.fleurop-home.ch\/fr-ch\/wp-json\/wp\/v2\/product"}],"about":[{"href":"https:\/\/www.fleurop-home.ch\/fr-ch\/wp-json\/wp\/v2\/types\/product"}],"wp:featuredmedia":[{"embeddable":true,"href":"https:\/\/www.fleurop-home.ch\/fr-ch\/wp-json\/wp\/v2\/media\/77027"}],"wp:attachment":[{"href":"https:\/\/www.fleurop-home.ch\/fr-ch\/wp-json\/wp\/v2\/media?parent=77028"}],"wp:term":[{"taxonomy":"product_brand","embeddable":true,"href":"https:\/\/www.fleurop-home.ch\/fr-ch\/wp-json\/wp\/v2\/product_brand?post=77028"},{"taxonomy":"product_cat","embeddable":true,"href":"https:\/\/www.fleurop-home.ch\/fr-ch\/wp-json\/wp\/v2\/product_cat?post=77028"},{"taxonomy":"product_tag","embeddable":true,"href":"https:\/\/www.fleurop-home.ch\/fr-ch\/wp-json\/wp\/v2\/product_tag?post=77028"},{"taxonomy":"woo-feed-brand","embeddable":true,"href":"https:\/\/www.fleurop-home.ch\/fr-ch\/wp-json\/wp\/v2\/woo-feed-brand?post=77028"}],"curies":[{"name":"wp","href":"https:\/\/api.w.org\/{rel}","templated":true}]}}