{"id":77025,"date":"2026-04-09T14:29:17","date_gmt":"2026-04-09T12:29:17","guid":{"rendered":"https:\/\/www.fleurop-home.ch\/de-ch\/p\/kordelset-bastelschnuere-mit-drei-unterschiedlilichein-texturen-in-harmonischen-naturtoenen-fuer-diy-projekte-natur-1-mm-x-9-45-m-1-5-mm-x-2-8-m-2-mm-x-2-8-m-gebuendelt"},"modified":"2026-04-13T16:42:53","modified_gmt":"2026-04-13T14:42:53","slug":"ficelle-de-bricolage-goudron-naturel","status":"publish","type":"product","link":"https:\/\/www.fleurop-home.ch\/fr-ch\/p\/bastelschnuere-naturtoene","title":{"rendered":"Cordons de bricolage tons naturels"},"content":{"rendered":"<p>Set de cordons, cordons de bricolage avec trois textures diff\u00e9rentes dans des tons naturels harmonieux pour les projets DIY, naturel, 1 mm x 9.45 m \/ 1.5 mm x 2.8 m \/ 2 mm x 2.8 m, en paquet<\/p>\n<p>Ces trois cordons de bricolage et de jardinage de haute qualit\u00e9 ne devraient manquer dans aucun tiroir de bricolage. Utilis\u00e9e comme cordon cadeau pour un joli emballage ou enroul\u00e9e autour d'un objet en guise de cordon d\u00e9coratif, elle ne manquera pas d'attirer l'attention. Elle est \u00e9galement parfaite pour les travaux de bricolage. Comme elle n'est pas tr\u00e8s r\u00e9sistante \u00e0 la d\u00e9chirure, la ficelle de chanvre peut aussi \u00eatre utilis\u00e9e pour des projets de macram\u00e9 ou de tissage.<\/p>\n<p>- 1 mm \/ 1,5 mm \/ 2 mm<br \/>\n- 3 pi\u00e8ces<\/p>","protected":false},"excerpt":{"rendered":"<p>Rubans de jute D 1 \/ 1.5 \/ 2 mm, 3 pi\u00e8ces<\/p>","protected":false},"featured_media":77024,"template":"","meta":[],"product_brand":[],"product_cat":[1193,23,29],"product_tag":[324],"woo-feed-brand":[],"class_list":{"0":"post-77025","1":"product","2":"type-product","3":"status-publish","4":"has-post-thumbnail","6":"product_cat-baender-tueten","7":"product_cat-home-living","8":"product_cat-do-it-yourself","9":"product_tag-marein-ag","11":"first","12":"instock","13":"taxable","14":"shipping-taxable","15":"purchasable","16":"product-type-simple"},"_links":{"self":[{"href":"https:\/\/www.fleurop-home.ch\/fr-ch\/wp-json\/wp\/v2\/product\/77025","targetHints":{"allow":["GET"]}}],"collection":[{"href":"https:\/\/www.fleurop-home.ch\/fr-ch\/wp-json\/wp\/v2\/product"}],"about":[{"href":"https:\/\/www.fleurop-home.ch\/fr-ch\/wp-json\/wp\/v2\/types\/product"}],"wp:featuredmedia":[{"embeddable":true,"href":"https:\/\/www.fleurop-home.ch\/fr-ch\/wp-json\/wp\/v2\/media\/77024"}],"wp:attachment":[{"href":"https:\/\/www.fleurop-home.ch\/fr-ch\/wp-json\/wp\/v2\/media?parent=77025"}],"wp:term":[{"taxonomy":"product_brand","embeddable":true,"href":"https:\/\/www.fleurop-home.ch\/fr-ch\/wp-json\/wp\/v2\/product_brand?post=77025"},{"taxonomy":"product_cat","embeddable":true,"href":"https:\/\/www.fleurop-home.ch\/fr-ch\/wp-json\/wp\/v2\/product_cat?post=77025"},{"taxonomy":"product_tag","embeddable":true,"href":"https:\/\/www.fleurop-home.ch\/fr-ch\/wp-json\/wp\/v2\/product_tag?post=77025"},{"taxonomy":"woo-feed-brand","embeddable":true,"href":"https:\/\/www.fleurop-home.ch\/fr-ch\/wp-json\/wp\/v2\/woo-feed-brand?post=77025"}],"curies":[{"name":"wp","href":"https:\/\/api.w.org\/{rel}","templated":true}]}}