{"id":77001,"date":"2026-04-09T14:28:22","date_gmt":"2026-04-09T12:28:22","guid":{"rendered":"https:\/\/www.fleurop-home.ch\/de-ch\/p\/holz-kinder-buntstifte-skizzen-farbverlauf-farbstifte-17-5cm-12-stk"},"modified":"2026-04-16T13:25:35","modified_gmt":"2026-04-16T11:25:35","slug":"crayons-de-couleur-degrade-12-pcs","status":"publish","type":"product","link":"https:\/\/www.fleurop-home.ch\/fr-ch\/p\/buntstifte-farbverlauf-12-stk","title":{"rendered":"Crayons de couleur d\u00e9grad\u00e9, 12 pcs."},"content":{"rendered":"<p>Bois Crayons de couleur pour enfants Esquisse D\u00e9grad\u00e9 Crayons de couleur, 17.5cm, 12 pcs.<\/p>\n<p>Commande d\u00e8s maintenant ce set de 12 crayons de couleur et laisse libre cours \u00e0 ta cr\u00e9ativit\u00e9 ! Les superbes crayons de couleur ont \u00e9t\u00e9 fabriqu\u00e9s en bois et sont parfaits pour colorier des images ou faire des croquis. Les crayons ont un superbe d\u00e9grad\u00e9 de couleurs arc-en-ciel, ce qui fait briller les yeux des enfants \u00e0 coup s\u00fbr. Gr\u00e2ce \u00e0 leur \u00e9paisseur extra large, les crayons sont agr\u00e9ables \u00e0 tenir en main.<\/p>\n<p>Crayons de couleur en bois avec un d\u00e9grad\u00e9 de couleurs arc-en-ciel :<\/p>\n<p>- Viennent dans un set pratique de 12<br \/>\n- Superbe d\u00e9grad\u00e9 de couleurs arc-en-ciel<br \/>\n- Parfait pour colorier ou faire des croquis<br \/>\n- Crayons de couleur \u00e9pais id\u00e9aux pour les enfants<br \/>\n- Couleur : multicolore\/noir<br \/>\n- Mat\u00e9riau : bois\/noir<br \/>\n- Taille du stylo : environ \u00d8 1 x 17,5 cm<br \/>\n- Poids : environ 150 g<\/p>","protected":false},"excerpt":{"rendered":"<p>(12 pi\u00e8ces) 17.5cm bois enfants crayons de couleur esquisse d\u00e9grad\u00e9 de couleurs<\/p>","protected":false},"featured_media":77000,"template":"","meta":[],"product_brand":[],"product_cat":[939,23,1195,1263,29,59],"product_tag":[324],"woo-feed-brand":[],"class_list":{"0":"post-77001","1":"product","2":"type-product","3":"status-publish","4":"has-post-thumbnail","6":"product_cat-kindergeschenke","7":"product_cat-home-living","8":"product_cat-dekogrundlagen","9":"product_cat-fleuropkids","10":"product_cat-do-it-yourself","11":"product_cat-kids","12":"product_tag-marein-ag","14":"first","15":"instock","16":"taxable","17":"shipping-taxable","18":"purchasable","19":"product-type-simple"},"_links":{"self":[{"href":"https:\/\/www.fleurop-home.ch\/fr-ch\/wp-json\/wp\/v2\/product\/77001","targetHints":{"allow":["GET"]}}],"collection":[{"href":"https:\/\/www.fleurop-home.ch\/fr-ch\/wp-json\/wp\/v2\/product"}],"about":[{"href":"https:\/\/www.fleurop-home.ch\/fr-ch\/wp-json\/wp\/v2\/types\/product"}],"wp:featuredmedia":[{"embeddable":true,"href":"https:\/\/www.fleurop-home.ch\/fr-ch\/wp-json\/wp\/v2\/media\/77000"}],"wp:attachment":[{"href":"https:\/\/www.fleurop-home.ch\/fr-ch\/wp-json\/wp\/v2\/media?parent=77001"}],"wp:term":[{"taxonomy":"product_brand","embeddable":true,"href":"https:\/\/www.fleurop-home.ch\/fr-ch\/wp-json\/wp\/v2\/product_brand?post=77001"},{"taxonomy":"product_cat","embeddable":true,"href":"https:\/\/www.fleurop-home.ch\/fr-ch\/wp-json\/wp\/v2\/product_cat?post=77001"},{"taxonomy":"product_tag","embeddable":true,"href":"https:\/\/www.fleurop-home.ch\/fr-ch\/wp-json\/wp\/v2\/product_tag?post=77001"},{"taxonomy":"woo-feed-brand","embeddable":true,"href":"https:\/\/www.fleurop-home.ch\/fr-ch\/wp-json\/wp\/v2\/woo-feed-brand?post=77001"}],"curies":[{"name":"wp","href":"https:\/\/api.w.org\/{rel}","templated":true}]}}