{"id":76997,"date":"2026-04-09T14:28:17","date_gmt":"2026-04-09T12:28:17","guid":{"rendered":"https:\/\/www.fleurop-home.ch\/de-ch\/p\/hellblaue-klappkarte-its-a-boy-zum-aufstellen"},"modified":"2026-04-13T11:38:51","modified_gmt":"2026-04-13T09:38:51","slug":"carte-pliable-bleu-clair-its-a-boy","status":"publish","type":"product","link":"https:\/\/www.fleurop-home.ch\/fr-ch\/p\/hellblaue-klappkarte-its-a-boy","title":{"rendered":"Carte \u00e0 volet bleu clair \u201cit's a boy !\u201d"},"content":{"rendered":"<p>Carte \u00e0 volet sobre et intemporelle pour f\u00e9liciter le Gender Reveal et le nouveau-n\u00e9 gar\u00e7on.<\/p>\n<p>- Carte \u00e0 volet double face<br \/>\n- Pages int\u00e9rieures vierges<br \/>\n- Comme carte de v\u0153ux pour une croissance masculine<br \/>\n- Papier naturel de haute qualit\u00e9, imprim\u00e9 en mat<br \/>\n- Des couleurs riches en haute r\u00e9solution d'impression<br \/>\n- Impression de film brillant en or<br \/>\n- Fabriqu\u00e9 en Allemagne<\/p>","protected":false},"excerpt":{"rendered":"<p>Carte \u00e0 volet sobre et intemporelle pour f\u00e9liciter le Gender Reveal et le nouveau-n\u00e9 gar\u00e7on.<\/p>","protected":false},"featured_media":76996,"template":"","meta":[],"product_brand":[],"product_cat":[58,52],"product_tag":[324],"woo-feed-brand":[],"class_list":{"0":"post-76997","1":"product","2":"type-product","3":"status-publish","4":"has-post-thumbnail","6":"product_cat-grusskarten","7":"product_cat-geschenke","8":"product_tag-marein-ag","10":"first","11":"instock","12":"taxable","13":"shipping-taxable","14":"purchasable","15":"product-type-simple"},"_links":{"self":[{"href":"https:\/\/www.fleurop-home.ch\/fr-ch\/wp-json\/wp\/v2\/product\/76997","targetHints":{"allow":["GET"]}}],"collection":[{"href":"https:\/\/www.fleurop-home.ch\/fr-ch\/wp-json\/wp\/v2\/product"}],"about":[{"href":"https:\/\/www.fleurop-home.ch\/fr-ch\/wp-json\/wp\/v2\/types\/product"}],"wp:featuredmedia":[{"embeddable":true,"href":"https:\/\/www.fleurop-home.ch\/fr-ch\/wp-json\/wp\/v2\/media\/76996"}],"wp:attachment":[{"href":"https:\/\/www.fleurop-home.ch\/fr-ch\/wp-json\/wp\/v2\/media?parent=76997"}],"wp:term":[{"taxonomy":"product_brand","embeddable":true,"href":"https:\/\/www.fleurop-home.ch\/fr-ch\/wp-json\/wp\/v2\/product_brand?post=76997"},{"taxonomy":"product_cat","embeddable":true,"href":"https:\/\/www.fleurop-home.ch\/fr-ch\/wp-json\/wp\/v2\/product_cat?post=76997"},{"taxonomy":"product_tag","embeddable":true,"href":"https:\/\/www.fleurop-home.ch\/fr-ch\/wp-json\/wp\/v2\/product_tag?post=76997"},{"taxonomy":"woo-feed-brand","embeddable":true,"href":"https:\/\/www.fleurop-home.ch\/fr-ch\/wp-json\/wp\/v2\/woo-feed-brand?post=76997"}],"curies":[{"name":"wp","href":"https:\/\/api.w.org\/{rel}","templated":true}]}}