{"id":76984,"date":"2026-04-09T14:27:53","date_gmt":"2026-04-09T12:27:53","guid":{"rendered":"https:\/\/www.fleurop-home.ch\/de-ch\/p\/gruene-klappkarte-super-dad-zum-aufstellen"},"modified":"2026-04-13T11:43:44","modified_gmt":"2026-04-13T09:43:44","slug":"carte-verte-pliable-super-papa","status":"publish","type":"product","link":"https:\/\/www.fleurop-home.ch\/fr-ch\/p\/gruene-klappkarte-super-dad","title":{"rendered":"Carte verte \u00e0 rabat \u201cSUPER DAD\u201d.\u201d"},"content":{"rendered":"<p>Envoie un message d'amour \u00e0 ton super papa avec cette carte pliable. Id\u00e9al aussi pour la f\u00eate des p\u00e8res.<\/p>\n<p>- Carte \u00e0 volet double face<br \/>\n- Pages int\u00e9rieures vierges<br \/>\n- Comme carte de remerciement ou de v\u0153ux pour ton papa<br \/>\n- Papier naturel de haute qualit\u00e9, imprim\u00e9 en mat<br \/>\n- Des couleurs riches en haute r\u00e9solution d'impression<br \/>\n- Impression de film brillant en or<br \/>\n- Fabriqu\u00e9 en Allemagne<\/p>","protected":false},"excerpt":{"rendered":"<p>Envoie un message d'amour \u00e0 ton super papa avec cette carte pliable. Id\u00e9al aussi pour la f\u00eate des p\u00e8res.<\/p>","protected":false},"featured_media":76983,"template":"","meta":[],"product_brand":[],"product_cat":[58,52],"product_tag":[324],"woo-feed-brand":[],"class_list":{"0":"post-76984","1":"product","2":"type-product","3":"status-publish","4":"has-post-thumbnail","6":"product_cat-grusskarten","7":"product_cat-geschenke","8":"product_tag-marein-ag","10":"first","11":"instock","12":"taxable","13":"shipping-taxable","14":"purchasable","15":"product-type-simple"},"_links":{"self":[{"href":"https:\/\/www.fleurop-home.ch\/fr-ch\/wp-json\/wp\/v2\/product\/76984","targetHints":{"allow":["GET"]}}],"collection":[{"href":"https:\/\/www.fleurop-home.ch\/fr-ch\/wp-json\/wp\/v2\/product"}],"about":[{"href":"https:\/\/www.fleurop-home.ch\/fr-ch\/wp-json\/wp\/v2\/types\/product"}],"wp:featuredmedia":[{"embeddable":true,"href":"https:\/\/www.fleurop-home.ch\/fr-ch\/wp-json\/wp\/v2\/media\/76983"}],"wp:attachment":[{"href":"https:\/\/www.fleurop-home.ch\/fr-ch\/wp-json\/wp\/v2\/media?parent=76984"}],"wp:term":[{"taxonomy":"product_brand","embeddable":true,"href":"https:\/\/www.fleurop-home.ch\/fr-ch\/wp-json\/wp\/v2\/product_brand?post=76984"},{"taxonomy":"product_cat","embeddable":true,"href":"https:\/\/www.fleurop-home.ch\/fr-ch\/wp-json\/wp\/v2\/product_cat?post=76984"},{"taxonomy":"product_tag","embeddable":true,"href":"https:\/\/www.fleurop-home.ch\/fr-ch\/wp-json\/wp\/v2\/product_tag?post=76984"},{"taxonomy":"woo-feed-brand","embeddable":true,"href":"https:\/\/www.fleurop-home.ch\/fr-ch\/wp-json\/wp\/v2\/woo-feed-brand?post=76984"}],"curies":[{"name":"wp","href":"https:\/\/api.w.org\/{rel}","templated":true}]}}