{"id":76981,"date":"2026-04-09T14:27:48","date_gmt":"2026-04-09T12:27:48","guid":{"rendered":"https:\/\/www.fleurop-home.ch\/de-ch\/p\/gift-tags-geschenkanhaenger-fuer-pakete-assortiert-mit-zehn-bunten-mini-holzklammern-fuer-verpackungen-und-dekorationen-schwarz-weiss-4-x-7-cm-0-7-x-3-5-cm-40-tlg"},"modified":"2026-04-09T16:23:39","modified_gmt":"2026-04-09T14:23:39","slug":"gift-tags-schwarz-weiss-40-tlg","status":"publish","type":"product","link":"https:\/\/www.fleurop-home.ch\/fr-ch\/p\/gift-tags-schwarz-weiss-40-tlg","title":{"rendered":"Tags cadeaux, noir\/blanc, 40 pcs."},"content":{"rendered":"<p>&nbsp;<\/p>\n<p>- 30 \u00e9tiquettes cadeau, 4 x 7 cm<br \/>\n- 10 agrafes, 0,7 x 3,5 cm<\/p>\n<p>Les 30 \u00e9tiquettes cadeau blanco permettent d'\u00e9tiqueter les emballages cadeaux avec style. Le kit comprend des pinces en bois assorties pour fixer les cartes sur les cadeaux.<br \/>\nPour les f\u00eates aussi, les jolies \u00e9tiquettes peuvent \u00eatre utilis\u00e9es avec les mini-pinces en bois agraf\u00e9es aux serviettes pour une jolie d\u00e9coration de table.<\/p>\n<p>Pendentifs avec cordon, \u00e9tiquettes, mini pinces, pinces \u00e0 bois, pinces \u00e0 linge, clips, emballages, d\u00e9corations, plaquette avec le nom, \u00e9tiquette avec le nom, mariage, anniversaire, Saint-Valentin, f\u00eate des m\u00e8res, bapt\u00eame<\/p>","protected":false},"excerpt":{"rendered":"<p>Gift Tags, Geschenkanh\u00e4nger f\u00fcr Pakete assortiert mit zehn bunten mini Holzklammern f\u00fcr Verpackungen und Dekorationen, Schwarz &amp; Weiss, 4 x 7 cm &amp; 0.7 x 3.5 cm, 40 tlg.<\/p>","protected":false},"featured_media":76980,"template":"","meta":[],"product_brand":[],"product_cat":[1193,23,29],"product_tag":[324],"woo-feed-brand":[],"class_list":{"0":"post-76981","1":"product","2":"type-product","3":"status-publish","4":"has-post-thumbnail","6":"product_cat-baender-tueten","7":"product_cat-home-living","8":"product_cat-do-it-yourself","9":"product_tag-marein-ag","11":"first","12":"instock","13":"taxable","14":"shipping-taxable","15":"purchasable","16":"product-type-simple"},"_links":{"self":[{"href":"https:\/\/www.fleurop-home.ch\/fr-ch\/wp-json\/wp\/v2\/product\/76981","targetHints":{"allow":["GET"]}}],"collection":[{"href":"https:\/\/www.fleurop-home.ch\/fr-ch\/wp-json\/wp\/v2\/product"}],"about":[{"href":"https:\/\/www.fleurop-home.ch\/fr-ch\/wp-json\/wp\/v2\/types\/product"}],"wp:featuredmedia":[{"embeddable":true,"href":"https:\/\/www.fleurop-home.ch\/fr-ch\/wp-json\/wp\/v2\/media\/76980"}],"wp:attachment":[{"href":"https:\/\/www.fleurop-home.ch\/fr-ch\/wp-json\/wp\/v2\/media?parent=76981"}],"wp:term":[{"taxonomy":"product_brand","embeddable":true,"href":"https:\/\/www.fleurop-home.ch\/fr-ch\/wp-json\/wp\/v2\/product_brand?post=76981"},{"taxonomy":"product_cat","embeddable":true,"href":"https:\/\/www.fleurop-home.ch\/fr-ch\/wp-json\/wp\/v2\/product_cat?post=76981"},{"taxonomy":"product_tag","embeddable":true,"href":"https:\/\/www.fleurop-home.ch\/fr-ch\/wp-json\/wp\/v2\/product_tag?post=76981"},{"taxonomy":"woo-feed-brand","embeddable":true,"href":"https:\/\/www.fleurop-home.ch\/fr-ch\/wp-json\/wp\/v2\/woo-feed-brand?post=76981"}],"curies":[{"name":"wp","href":"https:\/\/api.w.org\/{rel}","templated":true}]}}