{"id":76978,"date":"2026-04-09T14:27:45","date_gmt":"2026-04-09T12:27:45","guid":{"rendered":"https:\/\/www.fleurop-home.ch\/de-ch\/p\/gift-tags-geschenkanhaenger-fuer-pakete-assortiert-mit-zehn-bunten-mini-holzklammern-fuer-verpackungen-und-dekorationen-gruen-rosa-4-x-7-cm-0-7-x-3-5-cm-40-tlg"},"modified":"2026-04-13T16:29:20","modified_gmt":"2026-04-13T14:29:20","slug":"pendentif-cadeau-vert-rose","status":"publish","type":"product","link":"https:\/\/www.fleurop-home.ch\/fr-ch\/p\/geschenkanhaenger-gruen-rosa","title":{"rendered":"\u00c9tiquettes de cadeau, vert &amp; rose"},"content":{"rendered":"<p>Gift Tags, \u00e9tiquettes cadeaux pour paquets assorties de dix mini attaches en bois color\u00e9es pour les emballages et les d\u00e9corations, vert &amp; rose, 4 x 7 cm ; 0.7 x 3.5 cm, 40 pcs.<\/p>\n<p>Les 30 \u00e9tiquettes cadeau blanco permettent d'\u00e9tiqueter les emballages cadeaux avec style. Le kit comprend des pinces en bois assorties pour fixer les cartes sur les cadeaux.<br \/>\nPour les f\u00eates aussi, les jolies \u00e9tiquettes peuvent \u00eatre utilis\u00e9es avec les mini-pinces en bois agraf\u00e9es aux serviettes pour une jolie d\u00e9coration de table.<\/p>","protected":false},"excerpt":{"rendered":"<p>Tags cadeaux, vert\/rose, 40 pcs.<\/p>","protected":false},"featured_media":76977,"template":"","meta":[],"product_brand":[],"product_cat":[1193,23,29],"product_tag":[324],"woo-feed-brand":[],"class_list":{"0":"post-76978","1":"product","2":"type-product","3":"status-publish","4":"has-post-thumbnail","6":"product_cat-baender-tueten","7":"product_cat-home-living","8":"product_cat-do-it-yourself","9":"product_tag-marein-ag","11":"first","12":"instock","13":"taxable","14":"shipping-taxable","15":"purchasable","16":"product-type-simple"},"_links":{"self":[{"href":"https:\/\/www.fleurop-home.ch\/fr-ch\/wp-json\/wp\/v2\/product\/76978","targetHints":{"allow":["GET"]}}],"collection":[{"href":"https:\/\/www.fleurop-home.ch\/fr-ch\/wp-json\/wp\/v2\/product"}],"about":[{"href":"https:\/\/www.fleurop-home.ch\/fr-ch\/wp-json\/wp\/v2\/types\/product"}],"wp:featuredmedia":[{"embeddable":true,"href":"https:\/\/www.fleurop-home.ch\/fr-ch\/wp-json\/wp\/v2\/media\/76977"}],"wp:attachment":[{"href":"https:\/\/www.fleurop-home.ch\/fr-ch\/wp-json\/wp\/v2\/media?parent=76978"}],"wp:term":[{"taxonomy":"product_brand","embeddable":true,"href":"https:\/\/www.fleurop-home.ch\/fr-ch\/wp-json\/wp\/v2\/product_brand?post=76978"},{"taxonomy":"product_cat","embeddable":true,"href":"https:\/\/www.fleurop-home.ch\/fr-ch\/wp-json\/wp\/v2\/product_cat?post=76978"},{"taxonomy":"product_tag","embeddable":true,"href":"https:\/\/www.fleurop-home.ch\/fr-ch\/wp-json\/wp\/v2\/product_tag?post=76978"},{"taxonomy":"woo-feed-brand","embeddable":true,"href":"https:\/\/www.fleurop-home.ch\/fr-ch\/wp-json\/wp\/v2\/woo-feed-brand?post=76978"}],"curies":[{"name":"wp","href":"https:\/\/api.w.org\/{rel}","templated":true}]}}