{"id":76972,"date":"2026-04-09T14:27:39","date_gmt":"2026-04-09T12:27:39","guid":{"rendered":"https:\/\/www.fleurop-home.ch\/de-ch\/p\/geschenkanhaenger-gift-tags-natur-und-gold-18-stk"},"modified":"2026-04-15T12:21:02","modified_gmt":"2026-04-15T10:21:02","slug":"pendentif-cadeau-nature-et-or-18-pcs","status":"publish","type":"product","link":"https:\/\/www.fleurop-home.ch\/fr-ch\/p\/geschenkanhaenger-natur-und-gold-18-stk","title":{"rendered":"\u00c9tiquettes de cadeau, nature et or, 18 pcs."},"content":{"rendered":"<p>Avec une \u00e9tiquette cadeau, tu peux d\u00e9corer un emballage cadeau avec style et faire plaisir \u00e0 celui ou celle qui le re\u00e7oit. Le kit comprend une ficelle assortie pour attacher les cadeaux.<\/p>\n<p>- 4 x 7,5 cm, 2 m de ficelle inclus<br \/>\n- 6 motifs de 3 pi\u00e8ces<\/p>","protected":false},"excerpt":{"rendered":"<p>Tags, naturel\/dor\u00e9,18 pi\u00e8ces et 2 m de ficelle<\/p>","protected":false},"featured_media":76971,"template":"","meta":[],"product_brand":[],"product_cat":[1193,23,29],"product_tag":[324],"woo-feed-brand":[],"class_list":{"0":"post-76972","1":"product","2":"type-product","3":"status-publish","4":"has-post-thumbnail","6":"product_cat-baender-tueten","7":"product_cat-home-living","8":"product_cat-do-it-yourself","9":"product_tag-marein-ag","11":"first","12":"instock","13":"taxable","14":"shipping-taxable","15":"purchasable","16":"product-type-simple"},"_links":{"self":[{"href":"https:\/\/www.fleurop-home.ch\/fr-ch\/wp-json\/wp\/v2\/product\/76972","targetHints":{"allow":["GET"]}}],"collection":[{"href":"https:\/\/www.fleurop-home.ch\/fr-ch\/wp-json\/wp\/v2\/product"}],"about":[{"href":"https:\/\/www.fleurop-home.ch\/fr-ch\/wp-json\/wp\/v2\/types\/product"}],"wp:featuredmedia":[{"embeddable":true,"href":"https:\/\/www.fleurop-home.ch\/fr-ch\/wp-json\/wp\/v2\/media\/76971"}],"wp:attachment":[{"href":"https:\/\/www.fleurop-home.ch\/fr-ch\/wp-json\/wp\/v2\/media?parent=76972"}],"wp:term":[{"taxonomy":"product_brand","embeddable":true,"href":"https:\/\/www.fleurop-home.ch\/fr-ch\/wp-json\/wp\/v2\/product_brand?post=76972"},{"taxonomy":"product_cat","embeddable":true,"href":"https:\/\/www.fleurop-home.ch\/fr-ch\/wp-json\/wp\/v2\/product_cat?post=76972"},{"taxonomy":"product_tag","embeddable":true,"href":"https:\/\/www.fleurop-home.ch\/fr-ch\/wp-json\/wp\/v2\/product_tag?post=76972"},{"taxonomy":"woo-feed-brand","embeddable":true,"href":"https:\/\/www.fleurop-home.ch\/fr-ch\/wp-json\/wp\/v2\/woo-feed-brand?post=76972"}],"curies":[{"name":"wp","href":"https:\/\/api.w.org\/{rel}","templated":true}]}}