{"id":76966,"date":"2026-04-09T14:27:30","date_gmt":"2026-04-09T12:27:30","guid":{"rendered":"https:\/\/www.fleurop-home.ch\/de-ch\/p\/gelbes-dekoband-geschenkband-aus-organza-6-x-2-m"},"modified":"2026-04-13T11:21:36","modified_gmt":"2026-04-13T09:21:36","slug":"ruban-de-decoration-jaune-ruban-cadeau-en-organza-6-x-2-m","status":"publish","type":"product","link":"https:\/\/www.fleurop-home.ch\/fr-ch\/p\/gelbes-dekoband-geschenkband-aus-organza-6-x-2-m","title":{"rendered":"Ruban d\u00e9coratif jaune \/ ruban cadeau en organza 6 x 2 m"},"content":{"rendered":"<p>Le ruban d'organza moderne et de haute qualit\u00e9 ne devrait pas manquer dans les travaux de bricolage populaires et vari\u00e9s ! Il s'utilise facilement et rapidement \u00e0 des fins de d\u00e9coration ou pour emballer des cadeaux ou d'autres objets.<\/p>\n<p>Dimensions :<br \/>\n- 4 mm x 2 m<br \/>\n- 7 mm x 2 m<br \/>\n- 10 mm x 2 m<br \/>\n- 15 mm x 2 m<br \/>\n- 20 mm x 2 m<br \/>\n- 40 mm x 2 m<\/p>","protected":false},"excerpt":{"rendered":"<p>Ruban d'organza, jaune, 6\u00d72 m<\/p>","protected":false},"featured_media":76965,"template":"","meta":[],"product_brand":[],"product_cat":[1193,23,29],"product_tag":[324],"woo-feed-brand":[],"class_list":{"0":"post-76966","1":"product","2":"type-product","3":"status-publish","4":"has-post-thumbnail","6":"product_cat-baender-tueten","7":"product_cat-home-living","8":"product_cat-do-it-yourself","9":"product_tag-marein-ag","11":"first","12":"instock","13":"taxable","14":"shipping-taxable","15":"purchasable","16":"product-type-simple"},"_links":{"self":[{"href":"https:\/\/www.fleurop-home.ch\/fr-ch\/wp-json\/wp\/v2\/product\/76966","targetHints":{"allow":["GET"]}}],"collection":[{"href":"https:\/\/www.fleurop-home.ch\/fr-ch\/wp-json\/wp\/v2\/product"}],"about":[{"href":"https:\/\/www.fleurop-home.ch\/fr-ch\/wp-json\/wp\/v2\/types\/product"}],"wp:featuredmedia":[{"embeddable":true,"href":"https:\/\/www.fleurop-home.ch\/fr-ch\/wp-json\/wp\/v2\/media\/76965"}],"wp:attachment":[{"href":"https:\/\/www.fleurop-home.ch\/fr-ch\/wp-json\/wp\/v2\/media?parent=76966"}],"wp:term":[{"taxonomy":"product_brand","embeddable":true,"href":"https:\/\/www.fleurop-home.ch\/fr-ch\/wp-json\/wp\/v2\/product_brand?post=76966"},{"taxonomy":"product_cat","embeddable":true,"href":"https:\/\/www.fleurop-home.ch\/fr-ch\/wp-json\/wp\/v2\/product_cat?post=76966"},{"taxonomy":"product_tag","embeddable":true,"href":"https:\/\/www.fleurop-home.ch\/fr-ch\/wp-json\/wp\/v2\/product_tag?post=76966"},{"taxonomy":"woo-feed-brand","embeddable":true,"href":"https:\/\/www.fleurop-home.ch\/fr-ch\/wp-json\/wp\/v2\/woo-feed-brand?post=76966"}],"curies":[{"name":"wp","href":"https:\/\/api.w.org\/{rel}","templated":true}]}}