{"id":76963,"date":"2026-04-09T14:27:27","date_gmt":"2026-04-09T12:27:27","guid":{"rendered":"https:\/\/www.fleurop-home.ch\/de-ch\/p\/federnset-schmuckfedern-set-mit-naturfedern-und-papierfedern-mit-glitter-gold-bakers-twine-und-kleinen-etiketten-pastellfarben-gold-10-16-cm-22-tlg"},"modified":"2026-04-13T16:27:19","modified_gmt":"2026-04-13T14:27:19","slug":"set-de-plumes-pour-bijoux-vert-or","status":"publish","type":"product","link":"https:\/\/www.fleurop-home.ch\/fr-ch\/p\/schmuckfedern-set-gruen-gold","title":{"rendered":"Set de plumes d\u00e9coratives, vert &amp; or"},"content":{"rendered":"<p>Set de plumes, set de plumes d\u00e9coratives avec plumes naturelles et plumes en papier avec paillettes, Gold Bakers Twine et petites \u00e9tiquettes, couleurs pastel &amp; or, 10-16 cm, 22 pcs.<\/p>\n<p>Cet ensemble de plumes d\u00e9coratives est tr\u00e8s \u00e9l\u00e9gant et noble gr\u00e2ce \u00e0 sa finition avec des paillettes dor\u00e9es. Ces jolies plumes sont parfaites pour d\u00e9corer des cadeaux ou pour orner des attrape-r\u00eaves, des cartes, des objets de d\u00e9coration et de bricolage. La fine cordelette chic torsad\u00e9e avec des fils Lurex or peut \u00eatre utilis\u00e9e comme ruban cadeau ou d\u00e9coratif. Assortis aux petites \u00e9tiquettes cadeau \u00e0 pois dor\u00e9s en forme de fanion. Ainsi, chaque cadeau attirera l'attention.<\/p>","protected":false},"excerpt":{"rendered":"<p>Jeu de plumes, vert \/ or, 22 pcs.<\/p>","protected":false},"featured_media":76962,"template":"","meta":[],"product_brand":[],"product_cat":[1196,23,29],"product_tag":[324],"woo-feed-brand":[],"class_list":{"0":"post-76963","1":"product","2":"type-product","3":"status-publish","4":"has-post-thumbnail","6":"product_cat-natur-deko","7":"product_cat-home-living","8":"product_cat-do-it-yourself","9":"product_tag-marein-ag","11":"first","12":"instock","13":"taxable","14":"shipping-taxable","15":"purchasable","16":"product-type-simple"},"_links":{"self":[{"href":"https:\/\/www.fleurop-home.ch\/fr-ch\/wp-json\/wp\/v2\/product\/76963","targetHints":{"allow":["GET"]}}],"collection":[{"href":"https:\/\/www.fleurop-home.ch\/fr-ch\/wp-json\/wp\/v2\/product"}],"about":[{"href":"https:\/\/www.fleurop-home.ch\/fr-ch\/wp-json\/wp\/v2\/types\/product"}],"wp:featuredmedia":[{"embeddable":true,"href":"https:\/\/www.fleurop-home.ch\/fr-ch\/wp-json\/wp\/v2\/media\/76962"}],"wp:attachment":[{"href":"https:\/\/www.fleurop-home.ch\/fr-ch\/wp-json\/wp\/v2\/media?parent=76963"}],"wp:term":[{"taxonomy":"product_brand","embeddable":true,"href":"https:\/\/www.fleurop-home.ch\/fr-ch\/wp-json\/wp\/v2\/product_brand?post=76963"},{"taxonomy":"product_cat","embeddable":true,"href":"https:\/\/www.fleurop-home.ch\/fr-ch\/wp-json\/wp\/v2\/product_cat?post=76963"},{"taxonomy":"product_tag","embeddable":true,"href":"https:\/\/www.fleurop-home.ch\/fr-ch\/wp-json\/wp\/v2\/product_tag?post=76963"},{"taxonomy":"woo-feed-brand","embeddable":true,"href":"https:\/\/www.fleurop-home.ch\/fr-ch\/wp-json\/wp\/v2\/woo-feed-brand?post=76963"}],"curies":[{"name":"wp","href":"https:\/\/api.w.org\/{rel}","templated":true}]}}