{"id":76948,"date":"2026-04-09T14:26:54","date_gmt":"2026-04-09T12:26:54","guid":{"rendered":"https:\/\/www.fleurop-home.ch\/de-ch\/p\/doppelspitzen-marker-12-stk"},"modified":"2026-04-16T13:26:32","modified_gmt":"2026-04-16T11:26:32","slug":"marqueur-a-double-pointe-12-pcs","status":"publish","type":"product","link":"https:\/\/www.fleurop-home.ch\/fr-ch\/p\/doppelspitzen-marker-12-stk","title":{"rendered":"Marqueur double pointe, 12 pi\u00e8ces."},"content":{"rendered":"<p>Le marqueur \u00e0 double pointe aux couleurs vives est id\u00e9al pour le handlettering, pour dessiner, peindre, colorier et illustrer. Il dispose d'une pointe de crayon fine \u00e0 une extr\u00e9mit\u00e9 et d'une pointe semblable \u00e0 un pinceau pour des traits fins et larges \u00e0 l'autre extr\u00e9mit\u00e9. Il est ainsi possible d'utiliser diff\u00e9rentes techniques. Les pointes pr\u00e9cises assurent une excellente nettet\u00e9 des bords ainsi qu'une largeur de trait fluide et les 12 nuances de couleurs permettent des possibilit\u00e9s presque illimit\u00e9es de compositions de couleurs.<\/p>\n<p>Largeur de trait : environ 0,3 \u00e0 10 mm<br \/>\n- Jaune<br \/>\n- Orange<br \/>\n- Rouge<br \/>\n- Rose<br \/>\n- Violet<br \/>\n- Bleu clair<br \/>\n- Bleu<br \/>\n- Vert clair<br \/>\n- Vert<br \/>\n- Marron<br \/>\n- Gris<br \/>\n- Noir<\/p>","protected":false},"excerpt":{"rendered":"<p>Dual Brush Pencils, \u00e0 base d'eau, 12 pcs.<\/p>","protected":false},"featured_media":76947,"template":"","meta":[],"product_brand":[],"product_cat":[1195,23,1263,29],"product_tag":[324],"woo-feed-brand":[],"class_list":{"0":"post-76948","1":"product","2":"type-product","3":"status-publish","4":"has-post-thumbnail","6":"product_cat-dekogrundlagen","7":"product_cat-home-living","8":"product_cat-fleuropkids","9":"product_cat-do-it-yourself","10":"product_tag-marein-ag","12":"first","13":"instock","14":"taxable","15":"shipping-taxable","16":"purchasable","17":"product-type-simple"},"_links":{"self":[{"href":"https:\/\/www.fleurop-home.ch\/fr-ch\/wp-json\/wp\/v2\/product\/76948","targetHints":{"allow":["GET"]}}],"collection":[{"href":"https:\/\/www.fleurop-home.ch\/fr-ch\/wp-json\/wp\/v2\/product"}],"about":[{"href":"https:\/\/www.fleurop-home.ch\/fr-ch\/wp-json\/wp\/v2\/types\/product"}],"wp:featuredmedia":[{"embeddable":true,"href":"https:\/\/www.fleurop-home.ch\/fr-ch\/wp-json\/wp\/v2\/media\/76947"}],"wp:attachment":[{"href":"https:\/\/www.fleurop-home.ch\/fr-ch\/wp-json\/wp\/v2\/media?parent=76948"}],"wp:term":[{"taxonomy":"product_brand","embeddable":true,"href":"https:\/\/www.fleurop-home.ch\/fr-ch\/wp-json\/wp\/v2\/product_brand?post=76948"},{"taxonomy":"product_cat","embeddable":true,"href":"https:\/\/www.fleurop-home.ch\/fr-ch\/wp-json\/wp\/v2\/product_cat?post=76948"},{"taxonomy":"product_tag","embeddable":true,"href":"https:\/\/www.fleurop-home.ch\/fr-ch\/wp-json\/wp\/v2\/product_tag?post=76948"},{"taxonomy":"woo-feed-brand","embeddable":true,"href":"https:\/\/www.fleurop-home.ch\/fr-ch\/wp-json\/wp\/v2\/woo-feed-brand?post=76948"}],"curies":[{"name":"wp","href":"https:\/\/api.w.org\/{rel}","templated":true}]}}