{"id":76937,"date":"2026-04-09T14:26:44","date_gmt":"2026-04-09T12:26:44","guid":{"rendered":"https:\/\/www.fleurop-home.ch\/de-ch\/p\/doppelseitiges-nano-klebeband-wasserdicht-wiederverwendbar-2-stk"},"modified":"2026-04-15T13:45:20","modified_gmt":"2026-04-15T11:45:20","slug":"ruban-adhesif-nano-50mmx5m-2-pcs","status":"publish","type":"product","link":"https:\/\/www.fleurop-home.ch\/fr-ch\/p\/nano-klebeband-50mmx5m-2-stk","title":{"rendered":"Nano ruban adh\u00e9sif 50mmx5m, 2 pcs."},"content":{"rendered":"<p>Ach\u00e8te maintenant notre (lot de 2) ruban adh\u00e9sif double face Nano et fixe facilement au mur des petits cadres, une horloge murale, un porte-serviettes ou une barre de crochet pour les ustensiles de cuisine, sans avoir \u00e0 percer de trous fastidieux. Mais le ruban adh\u00e9sif Nano est \u00e9galement polyvalent pour les besoins du bureau. Il permet de fixer facilement des stylos et autres instruments d'\u00e9criture, des agrafeuses de bureau, etc. sur presque toutes les surfaces lisses.<\/p>\n<p>Le ruban adh\u00e9sif double face Nano r\u00e9utilisable s'adapte \u00e0 toutes les formes et \u00e0 tous les objets. Gr\u00e2ce \u00e0 la colle nano \u00e9cologique, ce ruban adh\u00e9sif tient sur les surfaces lisses et m\u00eame rugueuses comme les carreaux de c\u00e9ramique, le marbre, le verre, etc. L'adh\u00e9sif a une bonne \u00e9lasticit\u00e9, est r\u00e9sistant aux UV et supporte des objets jusqu'\u00e0 1 kg. De plus, tu peux l'enlever sans laisser de traces sur les surfaces mentionn\u00e9es et le r\u00e9utiliser.<\/p>\n<p>Nettoie le support afin d'obtenir une force portante maximale avec le ruban adh\u00e9sif de montage.<\/p>\n<p>REMARQUE : le Nano Tape n'adh\u00e8re pas aux surfaces rugueuses, humides ou irr\u00e9guli\u00e8res. D\u00e9colle\/retire avec pr\u00e9caution\/lentement le Nano Tape sur les surfaces rev\u00eatues, peintes ou autres, comme le bois, afin d'\u00e9viter de les endommager.<\/p>\n<p>Ruban nano-adh\u00e9sif imperm\u00e9able, r\u00e9utilisable et double face :<\/p>\n<p>- Forte viscosit\u00e9<br \/>\n- Lavable et r\u00e9utilisable<br \/>\n- Mat\u00e9riau nano double face<br \/>\n- Facile \u00e0 couper \/ \u00e0 monter<br \/>\n- S'enl\u00e8ve sans laisser de traces<br \/>\n- Fixation de tous les objets<br \/>\n- Utilisable sur toutes les surfaces lisses<br \/>\n- Couleur : Transparent<br \/>\n- Mat\u00e9riau : plastique PVC<br \/>\n- Taille : environ 50mm x 5m<br \/>\n- \u00c9paisseur : 2mm<br \/>\n- Poids : environ 466 g<br \/>\n- Portabilit\u00e9 : 1 kg<\/p>","protected":false},"excerpt":{"rendered":"<p>(Lot de 2) 50mmx5m Ruban adh\u00e9sif double face nano \u00e9tanche \/ r\u00e9utilisable<\/p>","protected":false},"featured_media":76936,"template":"","meta":[],"product_brand":[],"product_cat":[1195,23,29],"product_tag":[324],"woo-feed-brand":[],"class_list":{"0":"post-76937","1":"product","2":"type-product","3":"status-publish","4":"has-post-thumbnail","6":"product_cat-dekogrundlagen","7":"product_cat-home-living","8":"product_cat-do-it-yourself","9":"product_tag-marein-ag","11":"first","12":"instock","13":"taxable","14":"shipping-taxable","15":"purchasable","16":"product-type-simple"},"_links":{"self":[{"href":"https:\/\/www.fleurop-home.ch\/fr-ch\/wp-json\/wp\/v2\/product\/76937","targetHints":{"allow":["GET"]}}],"collection":[{"href":"https:\/\/www.fleurop-home.ch\/fr-ch\/wp-json\/wp\/v2\/product"}],"about":[{"href":"https:\/\/www.fleurop-home.ch\/fr-ch\/wp-json\/wp\/v2\/types\/product"}],"wp:featuredmedia":[{"embeddable":true,"href":"https:\/\/www.fleurop-home.ch\/fr-ch\/wp-json\/wp\/v2\/media\/76936"}],"wp:attachment":[{"href":"https:\/\/www.fleurop-home.ch\/fr-ch\/wp-json\/wp\/v2\/media?parent=76937"}],"wp:term":[{"taxonomy":"product_brand","embeddable":true,"href":"https:\/\/www.fleurop-home.ch\/fr-ch\/wp-json\/wp\/v2\/product_brand?post=76937"},{"taxonomy":"product_cat","embeddable":true,"href":"https:\/\/www.fleurop-home.ch\/fr-ch\/wp-json\/wp\/v2\/product_cat?post=76937"},{"taxonomy":"product_tag","embeddable":true,"href":"https:\/\/www.fleurop-home.ch\/fr-ch\/wp-json\/wp\/v2\/product_tag?post=76937"},{"taxonomy":"woo-feed-brand","embeddable":true,"href":"https:\/\/www.fleurop-home.ch\/fr-ch\/wp-json\/wp\/v2\/woo-feed-brand?post=76937"}],"curies":[{"name":"wp","href":"https:\/\/api.w.org\/{rel}","templated":true}]}}