{"id":76933,"date":"2026-04-09T14:26:39","date_gmt":"2026-04-09T12:26:39","guid":{"rendered":"https:\/\/www.fleurop-home.ch\/de-ch\/p\/dekobaender-geschenkbaender-in-verschiedenen-ausfuehrungen-fuer-geschenke-und-zum-basteln-weiss-15-mm-x-2-m-5-motive-assortiert"},"modified":"2026-04-10T08:38:54","modified_gmt":"2026-04-10T06:38:54","slug":"ruban-decoratif-5-x-2-m-blanc","status":"publish","type":"product","link":"https:\/\/www.fleurop-home.ch\/fr-ch\/p\/dekoband-5-x-2-m-weiss","title":{"rendered":"Ruban d\u00e9coratif, 5 x 2 m, blanc"},"content":{"rendered":"<p>Que ce soit \u00e0 des fins de d\u00e9coration raffin\u00e9e ou pour emballer des cadeaux, nos rubans d\u00e9coratifs embellissent chaque objet.<\/p>\n<p>- 15 mm x 2 m<br \/>\n- 5 motifs<\/p>","protected":false},"excerpt":{"rendered":"<p>Rubans de d\u00e9coration, rubans cadeaux dans diff\u00e9rents mod\u00e8les pour les cadeaux et pour l'artisanat, blanc, 15 mm x 2 m, 5 motifs assortis<\/p>","protected":false},"featured_media":76932,"template":"","meta":[],"product_brand":[],"product_cat":[1193,23,29],"product_tag":[324],"woo-feed-brand":[],"class_list":{"0":"post-76933","1":"product","2":"type-product","3":"status-publish","4":"has-post-thumbnail","6":"product_cat-baender-tueten","7":"product_cat-home-living","8":"product_cat-do-it-yourself","9":"product_tag-marein-ag","11":"first","12":"instock","13":"taxable","14":"shipping-taxable","15":"purchasable","16":"product-type-simple"},"_links":{"self":[{"href":"https:\/\/www.fleurop-home.ch\/fr-ch\/wp-json\/wp\/v2\/product\/76933","targetHints":{"allow":["GET"]}}],"collection":[{"href":"https:\/\/www.fleurop-home.ch\/fr-ch\/wp-json\/wp\/v2\/product"}],"about":[{"href":"https:\/\/www.fleurop-home.ch\/fr-ch\/wp-json\/wp\/v2\/types\/product"}],"wp:featuredmedia":[{"embeddable":true,"href":"https:\/\/www.fleurop-home.ch\/fr-ch\/wp-json\/wp\/v2\/media\/76932"}],"wp:attachment":[{"href":"https:\/\/www.fleurop-home.ch\/fr-ch\/wp-json\/wp\/v2\/media?parent=76933"}],"wp:term":[{"taxonomy":"product_brand","embeddable":true,"href":"https:\/\/www.fleurop-home.ch\/fr-ch\/wp-json\/wp\/v2\/product_brand?post=76933"},{"taxonomy":"product_cat","embeddable":true,"href":"https:\/\/www.fleurop-home.ch\/fr-ch\/wp-json\/wp\/v2\/product_cat?post=76933"},{"taxonomy":"product_tag","embeddable":true,"href":"https:\/\/www.fleurop-home.ch\/fr-ch\/wp-json\/wp\/v2\/product_tag?post=76933"},{"taxonomy":"woo-feed-brand","embeddable":true,"href":"https:\/\/www.fleurop-home.ch\/fr-ch\/wp-json\/wp\/v2\/woo-feed-brand?post=76933"}],"curies":[{"name":"wp","href":"https:\/\/api.w.org\/{rel}","templated":true}]}}