{"id":76930,"date":"2026-04-09T14:26:36","date_gmt":"2026-04-09T12:26:36","guid":{"rendered":"https:\/\/www.fleurop-home.ch\/de-ch\/p\/blumentopf-blechtopf-in-mattem-pastellton-und-huebschem-rillenmuster-fuer-pflanzen-oder-als-dekobehaelter-rosa-o-16-x-15-cm"},"modified":"2026-04-15T13:19:40","modified_gmt":"2026-04-15T11:19:40","slug":"blechtopf-rosa-o-16-x-15-cm","status":"publish","type":"product","link":"https:\/\/www.fleurop-home.ch\/fr-ch\/p\/blechtopf-rosa-o-16-x-15-cm","title":{"rendered":"Pot en t\u00f4le rose, \u00f8 16 x 15 cm"},"content":{"rendered":"<p>Blumentopf, Blechtopf in mattem Pastellton und h\u00fcbschem Rillenmuster f\u00fcr Pflanzen oder als Dekobeh\u00e4lter, Rosa, \u00f8 16 x 15 cm<\/p>\n<p>Ce magnifique pot de fleurs avec son beau motif attire joliment l'attention. Il peut \u00eatre plant\u00e9 \u00e0 volont\u00e9 avec diverses herbes de cuisine, orchid\u00e9es, cactus et autres plantes d'int\u00e9rieur. Il convient \u00e9galement parfaitement comme r\u00e9cipient d\u00e9coratif pour les crayons, pinceaux, ciseaux, toutes sortes de petites choses, etc.<\/p>\n<p>\u2022 Inhalt: 1 St\u00fcck | Gr\u00f6sse: \u00f8 16 x 15 cm<br \/>\n\u2022 Farbe: Rosa| Material: Metall<br \/>\n\u2022 Matte Pastellfarbe<br \/>\n\u2022 Dekoratives Rillenmuster<br \/>\n\u2022 Als Pflanzen- und Kakteentopf<br \/>\n\u2022 Auch als Aufbewahrung f\u00fcr Stifte und Co.<br \/>\n\u2022 Shabby Chic- und Landhausstil<\/p>","protected":false},"excerpt":{"rendered":"<p>Blumentopf, matt rosa, 15cm<\/p>","protected":false},"featured_media":76929,"template":"","meta":[],"product_brand":[],"product_cat":[23,1198,27,34,40],"product_tag":[324],"woo-feed-brand":[],"class_list":{"0":"post-76930","1":"product","2":"type-product","3":"status-publish","4":"has-post-thumbnail","6":"product_cat-home-living","7":"product_cat-toepfe","8":"product_cat-vasen-gefaesse","9":"product_cat-garten-balkon","10":"product_cat-uebertoepfe","11":"product_tag-marein-ag","13":"first","14":"instock","15":"taxable","16":"shipping-taxable","17":"purchasable","18":"product-type-simple"},"_links":{"self":[{"href":"https:\/\/www.fleurop-home.ch\/fr-ch\/wp-json\/wp\/v2\/product\/76930","targetHints":{"allow":["GET"]}}],"collection":[{"href":"https:\/\/www.fleurop-home.ch\/fr-ch\/wp-json\/wp\/v2\/product"}],"about":[{"href":"https:\/\/www.fleurop-home.ch\/fr-ch\/wp-json\/wp\/v2\/types\/product"}],"wp:featuredmedia":[{"embeddable":true,"href":"https:\/\/www.fleurop-home.ch\/fr-ch\/wp-json\/wp\/v2\/media\/76929"}],"wp:attachment":[{"href":"https:\/\/www.fleurop-home.ch\/fr-ch\/wp-json\/wp\/v2\/media?parent=76930"}],"wp:term":[{"taxonomy":"product_brand","embeddable":true,"href":"https:\/\/www.fleurop-home.ch\/fr-ch\/wp-json\/wp\/v2\/product_brand?post=76930"},{"taxonomy":"product_cat","embeddable":true,"href":"https:\/\/www.fleurop-home.ch\/fr-ch\/wp-json\/wp\/v2\/product_cat?post=76930"},{"taxonomy":"product_tag","embeddable":true,"href":"https:\/\/www.fleurop-home.ch\/fr-ch\/wp-json\/wp\/v2\/product_tag?post=76930"},{"taxonomy":"woo-feed-brand","embeddable":true,"href":"https:\/\/www.fleurop-home.ch\/fr-ch\/wp-json\/wp\/v2\/woo-feed-brand?post=76930"}],"curies":[{"name":"wp","href":"https:\/\/api.w.org\/{rel}","templated":true}]}}