{"id":76923,"date":"2026-04-09T14:26:25","date_gmt":"2026-04-09T12:26:25","guid":{"rendered":"https:\/\/www.fleurop-home.ch\/de-ch\/p\/blumentopf-uebertopf-mit-spitzen-aus-blech-in-matt-weiss-o-11-x-11-cm"},"modified":"2026-04-09T16:37:30","modified_gmt":"2026-04-09T14:37:30","slug":"pot-de-fleurs-avec-pointes-blanc-mat-11-x-11cm","status":"publish","type":"product","link":"https:\/\/www.fleurop-home.ch\/fr-ch\/p\/blumentopf-mit-spitzen-matt-weiss-11-x-11cm","title":{"rendered":"Pot de fleurs avec dentelles blanc mat, 11 x 11cm"},"content":{"rendered":"<p>Fais briller tes fleurs - le pot de fleurs avec pointes, un accessoire l\u00e9ger et \u00e9l\u00e9gant qui fera briller ton jardin ou ton balcon avec sa couleur blanche mate et son design \u00e9l\u00e9gant !<\/p>\n<p>- En t\u00f4le blanche mate avec une bordure d\u00e9corative en dentelle<br \/>\n- Pot de fleurs pour l'int\u00e9rieur et l'ext\u00e9rieur<br \/>\n- Dimensions : diam\u00e8tre 11 cm x hauteur 11 cm<br \/>\n- Sans trou dans le fond<br \/>\n- Convient aux pots int\u00e9rieurs de 10 cm de diam\u00e8tre<\/p>","protected":false},"excerpt":{"rendered":"<p>Pot de fleurs \/ cache-pot avec pointes en t\u00f4le blanc mat, \u00d8 11 x 11 cm<\/p>","protected":false},"featured_media":76922,"template":"","meta":[],"product_brand":[],"product_cat":[1198,23,27,34,40],"product_tag":[324],"woo-feed-brand":[],"class_list":{"0":"post-76923","1":"product","2":"type-product","3":"status-publish","4":"has-post-thumbnail","6":"product_cat-toepfe","7":"product_cat-home-living","8":"product_cat-vasen-gefaesse","9":"product_cat-garten-balkon","10":"product_cat-uebertoepfe","11":"product_tag-marein-ag","13":"first","14":"instock","15":"taxable","16":"shipping-taxable","17":"purchasable","18":"product-type-simple"},"_links":{"self":[{"href":"https:\/\/www.fleurop-home.ch\/fr-ch\/wp-json\/wp\/v2\/product\/76923","targetHints":{"allow":["GET"]}}],"collection":[{"href":"https:\/\/www.fleurop-home.ch\/fr-ch\/wp-json\/wp\/v2\/product"}],"about":[{"href":"https:\/\/www.fleurop-home.ch\/fr-ch\/wp-json\/wp\/v2\/types\/product"}],"wp:featuredmedia":[{"embeddable":true,"href":"https:\/\/www.fleurop-home.ch\/fr-ch\/wp-json\/wp\/v2\/media\/76922"}],"wp:attachment":[{"href":"https:\/\/www.fleurop-home.ch\/fr-ch\/wp-json\/wp\/v2\/media?parent=76923"}],"wp:term":[{"taxonomy":"product_brand","embeddable":true,"href":"https:\/\/www.fleurop-home.ch\/fr-ch\/wp-json\/wp\/v2\/product_brand?post=76923"},{"taxonomy":"product_cat","embeddable":true,"href":"https:\/\/www.fleurop-home.ch\/fr-ch\/wp-json\/wp\/v2\/product_cat?post=76923"},{"taxonomy":"product_tag","embeddable":true,"href":"https:\/\/www.fleurop-home.ch\/fr-ch\/wp-json\/wp\/v2\/product_tag?post=76923"},{"taxonomy":"woo-feed-brand","embeddable":true,"href":"https:\/\/www.fleurop-home.ch\/fr-ch\/wp-json\/wp\/v2\/woo-feed-brand?post=76923"}],"curies":[{"name":"wp","href":"https:\/\/api.w.org\/{rel}","templated":true}]}}