{"id":76912,"date":"2026-04-09T14:26:06","date_gmt":"2026-04-09T12:26:06","guid":{"rendered":"https:\/\/www.fleurop-home.ch\/de-ch\/p\/blechtoepfe-set-kraeutertopf-3er-set-aus-blech-mit-rillung-und-auffangschale-als-pflanzengefaess-fuer-drinnen-und-draussen-urban-garden-silbergrau-33-x-10-cm-1-set"},"modified":"2026-04-15T13:16:38","modified_gmt":"2026-04-15T11:16:38","slug":"blech-kraeutertopf-3er-set-33-x-10-cm","status":"publish","type":"product","link":"https:\/\/www.fleurop-home.ch\/fr-ch\/p\/blech-kraeutertopf-3er-set-33-x-10-cm","title":{"rendered":"Pot \u00e0 herbes en m\u00e9tal, set de 3, 33 x 10 cm"},"content":{"rendered":"<p>Blecht\u00f6pfe-Set, Kr\u00e4utertopf 3er Set aus Blech mit Rillung und Auffangschale als Pflanzengef\u00e4ss f\u00fcr drinnen und draussen, Urban Garden, Silbergrau, 33 x 10 cm, 1 Set<\/p>\n<p>Pflanz dich gl\u00fccklich \u2013 Die Kr\u00e4utert\u00f6pfe eignen sich perfekt f\u00fcr den Urban Garden. Egal ob Schnittlauch, Petersilie oder Basilikum in die T\u00f6pfe passen alle m\u00f6glichen Kr\u00e4uter, die dann praktisch voneinander getrennt sind.<\/p>\n<p>\u2022 Inhalt: 3 T\u00f6pfe mit Schale | Gr\u00f6sse: 33 x 10 cm<br \/>\n\u2022 Farbe: Silbergrau | Material: Blech<br \/>\n\u2022 Mit h\u00fcbscher Rillung<br \/>\n\u2022 Pflanzengef\u00e4ss f\u00fcr drinnen und draussen<br \/>\n\u2022 F\u00fcr Kakteen und Kr\u00e4uter<br \/>\n\u2022 Auch geeigent als dekorative Aufbewahrung<\/p>","protected":false},"excerpt":{"rendered":"<p>33 x 10 cm<\/p>","protected":false},"featured_media":76911,"template":"","meta":[],"product_brand":[],"product_cat":[1198,23,27,34,40],"product_tag":[324],"woo-feed-brand":[],"class_list":{"0":"post-76912","1":"product","2":"type-product","3":"status-publish","4":"has-post-thumbnail","6":"product_cat-toepfe","7":"product_cat-home-living","8":"product_cat-vasen-gefaesse","9":"product_cat-garten-balkon","10":"product_cat-uebertoepfe","11":"product_tag-marein-ag","13":"first","14":"instock","15":"taxable","16":"shipping-taxable","17":"purchasable","18":"product-type-simple"},"_links":{"self":[{"href":"https:\/\/www.fleurop-home.ch\/fr-ch\/wp-json\/wp\/v2\/product\/76912","targetHints":{"allow":["GET"]}}],"collection":[{"href":"https:\/\/www.fleurop-home.ch\/fr-ch\/wp-json\/wp\/v2\/product"}],"about":[{"href":"https:\/\/www.fleurop-home.ch\/fr-ch\/wp-json\/wp\/v2\/types\/product"}],"wp:featuredmedia":[{"embeddable":true,"href":"https:\/\/www.fleurop-home.ch\/fr-ch\/wp-json\/wp\/v2\/media\/76911"}],"wp:attachment":[{"href":"https:\/\/www.fleurop-home.ch\/fr-ch\/wp-json\/wp\/v2\/media?parent=76912"}],"wp:term":[{"taxonomy":"product_brand","embeddable":true,"href":"https:\/\/www.fleurop-home.ch\/fr-ch\/wp-json\/wp\/v2\/product_brand?post=76912"},{"taxonomy":"product_cat","embeddable":true,"href":"https:\/\/www.fleurop-home.ch\/fr-ch\/wp-json\/wp\/v2\/product_cat?post=76912"},{"taxonomy":"product_tag","embeddable":true,"href":"https:\/\/www.fleurop-home.ch\/fr-ch\/wp-json\/wp\/v2\/product_tag?post=76912"},{"taxonomy":"woo-feed-brand","embeddable":true,"href":"https:\/\/www.fleurop-home.ch\/fr-ch\/wp-json\/wp\/v2\/woo-feed-brand?post=76912"}],"curies":[{"name":"wp","href":"https:\/\/api.w.org\/{rel}","templated":true}]}}