{"id":76902,"date":"2026-04-09T14:25:38","date_gmt":"2026-04-09T12:25:38","guid":{"rendered":"https:\/\/www.fleurop-home.ch\/de-ch\/p\/baender-in-box-geschenkbaender-in-praktischer-aufbewahrungsbox-mit-assortieren-baendern-softfarben-10-mm-x-3-m-5-motive"},"modified":"2026-04-10T08:42:26","modified_gmt":"2026-04-10T06:42:26","slug":"baender-box-15-mm-x-3-m-multicolore","status":"publish","type":"product","link":"https:\/\/www.fleurop-home.ch\/fr-ch\/p\/baender-box-15-mm-x-3-m-bunt","title":{"rendered":"Bo\u00eete de rubans, 15 mm x 3 m, multicolore"},"content":{"rendered":"<p>Les cinq rubans cadeaux assortis dans les tons pastel font de chaque cadeau un accroche-regard. De plus, ils sont parfaits pour r\u00e9aliser de beaux travaux de bricolage. Gr\u00e2ce \u00e0 la bo\u00eete de rangement pratique, les beaux rubans ne s'emm\u00ealent pas et peuvent \u00eatre rang\u00e9s \u00e0 merveille.<\/p>\n<p>Rubans cadeaux, bordures, DIY, cadeaux, emballer, ruban satin, bordures, bapt\u00eame, mariage, anniversaire.<\/p>\n<p>- 10 mm x 3 m<br \/>\n- 5 motifs<\/p>","protected":false},"excerpt":{"rendered":"<p>Rubans en bo\u00eete, rubans cadeaux dans une bo\u00eete de rangement pratique avec des rubans assortis, couleurs douces, 10 mm x 3 m, 5 motifs<\/p>","protected":false},"featured_media":76901,"template":"","meta":[],"product_brand":[],"product_cat":[1193,23,29],"product_tag":[324],"woo-feed-brand":[],"class_list":{"0":"post-76902","1":"product","2":"type-product","3":"status-publish","4":"has-post-thumbnail","6":"product_cat-baender-tueten","7":"product_cat-home-living","8":"product_cat-do-it-yourself","9":"product_tag-marein-ag","11":"first","12":"instock","13":"taxable","14":"shipping-taxable","15":"purchasable","16":"product-type-simple"},"_links":{"self":[{"href":"https:\/\/www.fleurop-home.ch\/fr-ch\/wp-json\/wp\/v2\/product\/76902","targetHints":{"allow":["GET"]}}],"collection":[{"href":"https:\/\/www.fleurop-home.ch\/fr-ch\/wp-json\/wp\/v2\/product"}],"about":[{"href":"https:\/\/www.fleurop-home.ch\/fr-ch\/wp-json\/wp\/v2\/types\/product"}],"wp:featuredmedia":[{"embeddable":true,"href":"https:\/\/www.fleurop-home.ch\/fr-ch\/wp-json\/wp\/v2\/media\/76901"}],"wp:attachment":[{"href":"https:\/\/www.fleurop-home.ch\/fr-ch\/wp-json\/wp\/v2\/media?parent=76902"}],"wp:term":[{"taxonomy":"product_brand","embeddable":true,"href":"https:\/\/www.fleurop-home.ch\/fr-ch\/wp-json\/wp\/v2\/product_brand?post=76902"},{"taxonomy":"product_cat","embeddable":true,"href":"https:\/\/www.fleurop-home.ch\/fr-ch\/wp-json\/wp\/v2\/product_cat?post=76902"},{"taxonomy":"product_tag","embeddable":true,"href":"https:\/\/www.fleurop-home.ch\/fr-ch\/wp-json\/wp\/v2\/product_tag?post=76902"},{"taxonomy":"woo-feed-brand","embeddable":true,"href":"https:\/\/www.fleurop-home.ch\/fr-ch\/wp-json\/wp\/v2\/woo-feed-brand?post=76902"}],"curies":[{"name":"wp","href":"https:\/\/api.w.org\/{rel}","templated":true}]}}