{"id":76898,"date":"2026-04-09T14:25:29","date_gmt":"2026-04-09T12:25:29","guid":{"rendered":"https:\/\/www.fleurop-home.ch\/de-ch\/p\/bakers-twine-baumwollschnur-zum-basteln-und-geschenke-verpacken-hellbraun-schwarz-2mm-x-10-m-2-stueck"},"modified":"2026-04-10T08:30:20","modified_gmt":"2026-04-10T06:30:20","slug":"bakers-twine-chocolat-2x10-m","status":"publish","type":"product","link":"https:\/\/www.fleurop-home.ch\/fr-ch\/p\/bakers-twine-chocolate-2x10-m","title":{"rendered":"Bakers Twine, Chocolate 2\u00d710 m"},"content":{"rendered":"<p>Le fil de boulangerie est un evergreen intemporel et peut \u00eatre utilis\u00e9 de multiples fa\u00e7ons : que ce soit pour des cadeaux emball\u00e9s de mani\u00e8re minimaliste ou pour d\u00e9corer des travaux cr\u00e9atifs, il ne doit manquer dans aucun foyer.<\/p>\n<p>- 2 mm x 10 m<br \/>\n- 2 pi\u00e8ces<\/p>","protected":false},"excerpt":{"rendered":"<p>Bakers Twine, cordon de coton pour l'artisanat et l'emballage de cadeaux, marron clair &amp; noir, 2mm x 10 m, 2 pi\u00e8ces<\/p>","protected":false},"featured_media":76897,"template":"","meta":[],"product_brand":[],"product_cat":[1193,23,1195,29],"product_tag":[324],"woo-feed-brand":[],"class_list":{"0":"post-76898","1":"product","2":"type-product","3":"status-publish","4":"has-post-thumbnail","6":"product_cat-baender-tueten","7":"product_cat-home-living","8":"product_cat-dekogrundlagen","9":"product_cat-do-it-yourself","10":"product_tag-marein-ag","12":"first","13":"instock","14":"taxable","15":"shipping-taxable","16":"purchasable","17":"product-type-simple"},"_links":{"self":[{"href":"https:\/\/www.fleurop-home.ch\/fr-ch\/wp-json\/wp\/v2\/product\/76898","targetHints":{"allow":["GET"]}}],"collection":[{"href":"https:\/\/www.fleurop-home.ch\/fr-ch\/wp-json\/wp\/v2\/product"}],"about":[{"href":"https:\/\/www.fleurop-home.ch\/fr-ch\/wp-json\/wp\/v2\/types\/product"}],"wp:featuredmedia":[{"embeddable":true,"href":"https:\/\/www.fleurop-home.ch\/fr-ch\/wp-json\/wp\/v2\/media\/76897"}],"wp:attachment":[{"href":"https:\/\/www.fleurop-home.ch\/fr-ch\/wp-json\/wp\/v2\/media?parent=76898"}],"wp:term":[{"taxonomy":"product_brand","embeddable":true,"href":"https:\/\/www.fleurop-home.ch\/fr-ch\/wp-json\/wp\/v2\/product_brand?post=76898"},{"taxonomy":"product_cat","embeddable":true,"href":"https:\/\/www.fleurop-home.ch\/fr-ch\/wp-json\/wp\/v2\/product_cat?post=76898"},{"taxonomy":"product_tag","embeddable":true,"href":"https:\/\/www.fleurop-home.ch\/fr-ch\/wp-json\/wp\/v2\/product_tag?post=76898"},{"taxonomy":"woo-feed-brand","embeddable":true,"href":"https:\/\/www.fleurop-home.ch\/fr-ch\/wp-json\/wp\/v2\/woo-feed-brand?post=76898"}],"curies":[{"name":"wp","href":"https:\/\/api.w.org\/{rel}","templated":true}]}}