{"id":76880,"date":"2026-04-09T14:24:51","date_gmt":"2026-04-09T12:24:51","guid":{"rendered":"https:\/\/www.fleurop-home.ch\/de-ch\/p\/automatischer-schaumseifenspender-fuer-kinder-giraffe"},"modified":"2026-04-13T14:40:20","modified_gmt":"2026-04-13T12:40:20","slug":"distributeur-de-savon-mousse-girafe","status":"publish","type":"product","link":"https:\/\/www.fleurop-home.ch\/fr-ch\/p\/schaumseifenspender-giraffe","title":{"rendered":"Distributeur de savon mousse Girafe"},"content":{"rendered":"<p>Avec notre adorable distributeur automatique de savon mousse sans contact en forme de girafe, se laver les mains devient un jeu d'enfant et une exp\u00e9rience amusante.<\/p>\n<p>Notre distributeur de savon mousse a \u00e9t\u00e9 sp\u00e9cialement con\u00e7u pour les enfants et leur permet de prendre du savon facilement et de mani\u00e8re hygi\u00e9nique, sans avoir \u00e0 toucher la surface.<\/p>\n<p>L'utilisation de savon mousse permet non seulement d'\u00e9conomiser du savon, mais aussi de l'eau, car la mousse se rince facilement. Le moteur durable assure une performance fiable et un temps de r\u00e9action rapide.<br \/>\nAvec une capacit\u00e9 g\u00e9n\u00e9reuse de 350 ml, le distributeur de savon n'a pas besoin d'\u00eatre rempli en permanence. L'installation est simple et le distributeur utilise 4 piles AA (non incluses) pour garantir un fonctionnement \u00e0 long terme.<\/p>\n<p>- Distributeur de savon automatique sans contact<br \/>\n- Design mignon de girafe, sp\u00e9cialement con\u00e7u pour les enfants<br \/>\n- Convient \u00e0 tous les savons liquides - Economise du savon<br \/>\n- Moteur \u00e0 longue dur\u00e9e de vie<br \/>\n- Temps de r\u00e9action rapide<br \/>\n- Contenance de 350 ml<br \/>\n- Type de piles : 4 piles AA (non incluses)<\/p>","protected":false},"excerpt":{"rendered":"<p>Distributeur de savon mousse pour voiture, girafe<\/p>","protected":false},"featured_media":76879,"template":"","meta":[],"product_brand":[],"product_cat":[939,48,49,59],"product_tag":[324],"woo-feed-brand":[],"class_list":{"0":"post-76880","1":"product","2":"type-product","3":"status-publish","4":"has-post-thumbnail","6":"product_cat-kindergeschenke","7":"product_cat-bad-wellness","8":"product_cat-seifen","9":"product_cat-kids","10":"product_tag-marein-ag","12":"first","13":"instock","14":"taxable","15":"shipping-taxable","16":"purchasable","17":"product-type-simple"},"_links":{"self":[{"href":"https:\/\/www.fleurop-home.ch\/fr-ch\/wp-json\/wp\/v2\/product\/76880","targetHints":{"allow":["GET"]}}],"collection":[{"href":"https:\/\/www.fleurop-home.ch\/fr-ch\/wp-json\/wp\/v2\/product"}],"about":[{"href":"https:\/\/www.fleurop-home.ch\/fr-ch\/wp-json\/wp\/v2\/types\/product"}],"wp:featuredmedia":[{"embeddable":true,"href":"https:\/\/www.fleurop-home.ch\/fr-ch\/wp-json\/wp\/v2\/media\/76879"}],"wp:attachment":[{"href":"https:\/\/www.fleurop-home.ch\/fr-ch\/wp-json\/wp\/v2\/media?parent=76880"}],"wp:term":[{"taxonomy":"product_brand","embeddable":true,"href":"https:\/\/www.fleurop-home.ch\/fr-ch\/wp-json\/wp\/v2\/product_brand?post=76880"},{"taxonomy":"product_cat","embeddable":true,"href":"https:\/\/www.fleurop-home.ch\/fr-ch\/wp-json\/wp\/v2\/product_cat?post=76880"},{"taxonomy":"product_tag","embeddable":true,"href":"https:\/\/www.fleurop-home.ch\/fr-ch\/wp-json\/wp\/v2\/product_tag?post=76880"},{"taxonomy":"woo-feed-brand","embeddable":true,"href":"https:\/\/www.fleurop-home.ch\/fr-ch\/wp-json\/wp\/v2\/woo-feed-brand?post=76880"}],"curies":[{"name":"wp","href":"https:\/\/api.w.org\/{rel}","templated":true}]}}