{"id":76867,"date":"2026-04-09T14:24:21","date_gmt":"2026-04-09T12:24:21","guid":{"rendered":"https:\/\/www.fleurop-home.ch\/de-ch\/p\/apricot-farbene-klappkarte-je-taime-maman-zum-aufstellen"},"modified":"2026-04-13T11:53:42","modified_gmt":"2026-04-13T09:53:42","slug":"carte-pliante-abricot-je-taime-maman","status":"publish","type":"product","link":"https:\/\/www.fleurop-home.ch\/fr-ch\/p\/apricot-farbene-klappkarte-je-taime-maman","title":{"rendered":"Carte \u00e0 volet abricot \u201cje t'aime maman\u201d"},"content":{"rendered":"<p>Laisse un beau message \u00e0 ta ch\u00e8re maman avec cette jolie carte. Id\u00e9al aussi pour la f\u00eate des m\u00e8res.<\/p>\n<p>- Carte \u00e0 volet double face<br \/>\n- Pages int\u00e9rieures vierges<br \/>\n- Comme carte de v\u0153ux ou de remerciement pour la maman<br \/>\n- Papier naturel de haute qualit\u00e9, imprim\u00e9 en mat<br \/>\n- Des couleurs riches en haute r\u00e9solution d'impression<br \/>\n- Impression de film brillant en or<br \/>\n- Fabriqu\u00e9 en Allemagne<\/p>","protected":false},"excerpt":{"rendered":"<p>Carte \u00e0 volet, je t'aime maman<\/p>","protected":false},"featured_media":76866,"template":"","meta":[],"product_brand":[],"product_cat":[58,1023,797,52],"product_tag":[324],"woo-feed-brand":[],"class_list":{"0":"post-76867","1":"product","2":"type-product","3":"status-publish","4":"has-post-thumbnail","6":"product_cat-grusskarten","7":"product_cat-fuer-mama","8":"product_cat-muttertag","9":"product_cat-geschenke","10":"product_tag-marein-ag","12":"first","13":"instock","14":"taxable","15":"shipping-taxable","16":"purchasable","17":"product-type-simple"},"_links":{"self":[{"href":"https:\/\/www.fleurop-home.ch\/fr-ch\/wp-json\/wp\/v2\/product\/76867","targetHints":{"allow":["GET"]}}],"collection":[{"href":"https:\/\/www.fleurop-home.ch\/fr-ch\/wp-json\/wp\/v2\/product"}],"about":[{"href":"https:\/\/www.fleurop-home.ch\/fr-ch\/wp-json\/wp\/v2\/types\/product"}],"wp:featuredmedia":[{"embeddable":true,"href":"https:\/\/www.fleurop-home.ch\/fr-ch\/wp-json\/wp\/v2\/media\/76866"}],"wp:attachment":[{"href":"https:\/\/www.fleurop-home.ch\/fr-ch\/wp-json\/wp\/v2\/media?parent=76867"}],"wp:term":[{"taxonomy":"product_brand","embeddable":true,"href":"https:\/\/www.fleurop-home.ch\/fr-ch\/wp-json\/wp\/v2\/product_brand?post=76867"},{"taxonomy":"product_cat","embeddable":true,"href":"https:\/\/www.fleurop-home.ch\/fr-ch\/wp-json\/wp\/v2\/product_cat?post=76867"},{"taxonomy":"product_tag","embeddable":true,"href":"https:\/\/www.fleurop-home.ch\/fr-ch\/wp-json\/wp\/v2\/product_tag?post=76867"},{"taxonomy":"woo-feed-brand","embeddable":true,"href":"https:\/\/www.fleurop-home.ch\/fr-ch\/wp-json\/wp\/v2\/woo-feed-brand?post=76867"}],"curies":[{"name":"wp","href":"https:\/\/api.w.org\/{rel}","templated":true}]}}