{"id":76865,"date":"2026-04-09T14:24:17","date_gmt":"2026-04-09T12:24:17","guid":{"rendered":"https:\/\/www.fleurop-home.ch\/de-ch\/p\/6-fineliner-stifte-in-verschiedenen-staerken"},"modified":"2026-04-13T14:57:52","modified_gmt":"2026-04-13T12:57:52","slug":"6-crayons-fineliner-de-differentes-epaisseurs","status":"publish","type":"product","link":"https:\/\/www.fleurop-home.ch\/fr-ch\/p\/6-fineliner-stifte-in-verschiedenen-staerken","title":{"rendered":"6 crayons fineliner de diff\u00e9rentes \u00e9paisseurs"},"content":{"rendered":"<p>Les feutres fins sont disponibles en six \u00e9paisseurs de trait diff\u00e9rentes et peuvent \u00eatre utilis\u00e9s pour les travaux artistiques et cr\u00e9atifs. L'\u00e9tui ind\u00e9formable offre une prise en main agr\u00e9able. Gr\u00e2ce au marquage sur le couvercle herm\u00e9tique, la largeur du trait peut \u00eatre rapidement identifi\u00e9e.<\/p>\n<p>Contenu :<br \/>\n1 x fineliner de chaque \u00e9paisseur de trait : 0.05, 0.1, 0.2, 0.3, 0.5, 0.8<\/p>","protected":false},"excerpt":{"rendered":"<p>Set Fineliner, 6 pi\u00e8ces.<\/p>","protected":false},"featured_media":76864,"template":"","meta":[],"product_brand":[],"product_cat":[1195,23,29],"product_tag":[324],"woo-feed-brand":[],"class_list":{"0":"post-76865","1":"product","2":"type-product","3":"status-publish","4":"has-post-thumbnail","6":"product_cat-dekogrundlagen","7":"product_cat-home-living","8":"product_cat-do-it-yourself","9":"product_tag-marein-ag","11":"first","12":"instock","13":"taxable","14":"shipping-taxable","15":"purchasable","16":"product-type-simple"},"_links":{"self":[{"href":"https:\/\/www.fleurop-home.ch\/fr-ch\/wp-json\/wp\/v2\/product\/76865","targetHints":{"allow":["GET"]}}],"collection":[{"href":"https:\/\/www.fleurop-home.ch\/fr-ch\/wp-json\/wp\/v2\/product"}],"about":[{"href":"https:\/\/www.fleurop-home.ch\/fr-ch\/wp-json\/wp\/v2\/types\/product"}],"wp:featuredmedia":[{"embeddable":true,"href":"https:\/\/www.fleurop-home.ch\/fr-ch\/wp-json\/wp\/v2\/media\/76864"}],"wp:attachment":[{"href":"https:\/\/www.fleurop-home.ch\/fr-ch\/wp-json\/wp\/v2\/media?parent=76865"}],"wp:term":[{"taxonomy":"product_brand","embeddable":true,"href":"https:\/\/www.fleurop-home.ch\/fr-ch\/wp-json\/wp\/v2\/product_brand?post=76865"},{"taxonomy":"product_cat","embeddable":true,"href":"https:\/\/www.fleurop-home.ch\/fr-ch\/wp-json\/wp\/v2\/product_cat?post=76865"},{"taxonomy":"product_tag","embeddable":true,"href":"https:\/\/www.fleurop-home.ch\/fr-ch\/wp-json\/wp\/v2\/product_tag?post=76865"},{"taxonomy":"woo-feed-brand","embeddable":true,"href":"https:\/\/www.fleurop-home.ch\/fr-ch\/wp-json\/wp\/v2\/woo-feed-brand?post=76865"}],"curies":[{"name":"wp","href":"https:\/\/api.w.org\/{rel}","templated":true}]}}