{"id":76856,"date":"2026-04-09T14:24:06","date_gmt":"2026-04-09T12:24:06","guid":{"rendered":"https:\/\/www.fleurop-home.ch\/de-ch\/p\/3d-glitter-sticker-klebebuchstaben-und-zahlen-mit-glitter-in-bunten-farben-ca-1-5-x-2-5-cm-100-stk-2-blaetter"},"modified":"2026-04-16T13:25:36","modified_gmt":"2026-04-16T11:25:36","slug":"3d-glitter-sticker-lettres-chiffres","status":"publish","type":"product","link":"https:\/\/www.fleurop-home.ch\/fr-ch\/p\/3d-glitter-sticker-buchstaben-zahlen","title":{"rendered":"Autocollants 3D paillet\u00e9s, lettres et chiffres"},"content":{"rendered":"<p>3D Glitter Sticker, lettres &amp; chiffres avec paillettes de couleurs vives, environ 1,5 x 2,5 cm, 100 pi\u00e8ces, 2 feuilles<\/p>\n<p>Les autocollants d\u00e9coratifs de couleur l\u00e9g\u00e8rement sur\u00e9lev\u00e9s, lettres et chiffres, sont parfaits pour d\u00e9corer et bricoler. La feuille d'autocollants contient tout l'ABC ainsi que les chiffres de 0 \u00e0 9. Les autocollants 3D amusants invitent \u00e0 d\u00e9corer des carnets, des cartes de v\u0153ux, des photos, du scrapbooking, etc. Les lettres et chiffres autocollants sont \u00e9galement tr\u00e8s astucieux en combinaison avec des projets de handlettering.<br \/>\nLes autocollants \u00e0 lettres permettent \u00e9galement d'\u00e9crire gaiement sur les paquets cadeaux et les enveloppes de bons.<\/p>\n<p>- Taille : environ 1,5 x 2,5 cm<br \/>\n- 2 feuilles, 100 pi\u00e8ces<br \/>\n- Effet 3 D<br \/>\n- Auto-adh\u00e9sif<br \/>\n- Avec des paillettes<br \/>\n- Convient pour le lettrage, les livres scolaires et les cahiers<\/p>","protected":false},"excerpt":{"rendered":"<p>Autocollants, paillettes alphabet, 100 pi\u00e8ces<\/p>","protected":false},"featured_media":76855,"template":"","meta":[],"product_brand":[],"product_cat":[939,23,1195,1263,29,59],"product_tag":[324],"woo-feed-brand":[],"class_list":{"0":"post-76856","1":"product","2":"type-product","3":"status-publish","4":"has-post-thumbnail","6":"product_cat-kindergeschenke","7":"product_cat-home-living","8":"product_cat-dekogrundlagen","9":"product_cat-fleuropkids","10":"product_cat-do-it-yourself","11":"product_cat-kids","12":"product_tag-marein-ag","14":"first","15":"instock","16":"taxable","17":"shipping-taxable","18":"purchasable","19":"product-type-simple"},"_links":{"self":[{"href":"https:\/\/www.fleurop-home.ch\/fr-ch\/wp-json\/wp\/v2\/product\/76856","targetHints":{"allow":["GET"]}}],"collection":[{"href":"https:\/\/www.fleurop-home.ch\/fr-ch\/wp-json\/wp\/v2\/product"}],"about":[{"href":"https:\/\/www.fleurop-home.ch\/fr-ch\/wp-json\/wp\/v2\/types\/product"}],"wp:featuredmedia":[{"embeddable":true,"href":"https:\/\/www.fleurop-home.ch\/fr-ch\/wp-json\/wp\/v2\/media\/76855"}],"wp:attachment":[{"href":"https:\/\/www.fleurop-home.ch\/fr-ch\/wp-json\/wp\/v2\/media?parent=76856"}],"wp:term":[{"taxonomy":"product_brand","embeddable":true,"href":"https:\/\/www.fleurop-home.ch\/fr-ch\/wp-json\/wp\/v2\/product_brand?post=76856"},{"taxonomy":"product_cat","embeddable":true,"href":"https:\/\/www.fleurop-home.ch\/fr-ch\/wp-json\/wp\/v2\/product_cat?post=76856"},{"taxonomy":"product_tag","embeddable":true,"href":"https:\/\/www.fleurop-home.ch\/fr-ch\/wp-json\/wp\/v2\/product_tag?post=76856"},{"taxonomy":"woo-feed-brand","embeddable":true,"href":"https:\/\/www.fleurop-home.ch\/fr-ch\/wp-json\/wp\/v2\/woo-feed-brand?post=76856"}],"curies":[{"name":"wp","href":"https:\/\/api.w.org\/{rel}","templated":true}]}}