{"id":76785,"date":"2026-04-07T14:26:51","date_gmt":"2026-04-07T12:26:51","guid":{"rendered":"https:\/\/www.fleurop-home.ch\/de-ch\/?post_type=product&#038;p=76785"},"modified":"2026-04-08T07:43:32","modified_gmt":"2026-04-08T05:43:32","slug":"kinder-schaufel-mit-kurzem-griff-tiere","status":"publish","type":"product","link":"https:\/\/www.fleurop-home.ch\/fr-ch\/p\/kinder-schaufel-mit-kurzem-griff-tiere","title":{"rendered":"Pelle pour enfants avec poign\u00e9e courte - animaux"},"content":{"rendered":"<p>Diese robuste Kinderschaufel ist dank ihres extra kurzen Griffs perfekt auf die Ergonomie kleiner H\u00e4nde abgestimmt. Sie erm\u00f6glicht Kindern ein m\u00fcheloses und sicheres Graben in Sand oder Erde und f\u00f6rdert so spielerisch den Spass an der Gartenarbeit. Das stabile Werkzeug ist der ideale Begleiter f\u00fcr kleine Nachwuchsg\u00e4rtner bei ihren ersten grossen Projekten im Freien.<\/p>","protected":false},"excerpt":{"rendered":"<p>Diese robuste Kinderschaufel ist dank ihres extra kurzen Griffs perfekt auf die Ergonomie kleiner H\u00e4nde abgestimmt.<\/p>","protected":false},"featured_media":76794,"template":"","meta":[],"product_brand":[],"product_cat":[62,34,1062,39,1122,59,132],"product_tag":[973],"woo-feed-brand":[],"class_list":{"0":"post-76785","1":"product","2":"type-product","3":"status-publish","4":"has-post-thumbnail","6":"product_cat-spielzeug","7":"product_cat-garten-balkon","8":"product_cat-gartenwerkzeug","9":"product_cat-gartenzubehoer","10":"product_cat-kids-im-gruenen","11":"product_cat-kids","12":"product_cat-neu","13":"product_tag-samen-mauser","15":"first","16":"instock","17":"taxable","18":"shipping-taxable","19":"purchasable","20":"product-type-simple"},"_links":{"self":[{"href":"https:\/\/www.fleurop-home.ch\/fr-ch\/wp-json\/wp\/v2\/product\/76785","targetHints":{"allow":["GET"]}}],"collection":[{"href":"https:\/\/www.fleurop-home.ch\/fr-ch\/wp-json\/wp\/v2\/product"}],"about":[{"href":"https:\/\/www.fleurop-home.ch\/fr-ch\/wp-json\/wp\/v2\/types\/product"}],"wp:featuredmedia":[{"embeddable":true,"href":"https:\/\/www.fleurop-home.ch\/fr-ch\/wp-json\/wp\/v2\/media\/76794"}],"wp:attachment":[{"href":"https:\/\/www.fleurop-home.ch\/fr-ch\/wp-json\/wp\/v2\/media?parent=76785"}],"wp:term":[{"taxonomy":"product_brand","embeddable":true,"href":"https:\/\/www.fleurop-home.ch\/fr-ch\/wp-json\/wp\/v2\/product_brand?post=76785"},{"taxonomy":"product_cat","embeddable":true,"href":"https:\/\/www.fleurop-home.ch\/fr-ch\/wp-json\/wp\/v2\/product_cat?post=76785"},{"taxonomy":"product_tag","embeddable":true,"href":"https:\/\/www.fleurop-home.ch\/fr-ch\/wp-json\/wp\/v2\/product_tag?post=76785"},{"taxonomy":"woo-feed-brand","embeddable":true,"href":"https:\/\/www.fleurop-home.ch\/fr-ch\/wp-json\/wp\/v2\/woo-feed-brand?post=76785"}],"curies":[{"name":"wp","href":"https:\/\/api.w.org\/{rel}","templated":true}]}}