{"id":76734,"date":"2026-04-05T22:05:04","date_gmt":"2026-04-05T20:05:04","guid":{"rendered":"https:\/\/www.fleurop-home.ch\/de-ch\/?post_type=product&#038;p=76734"},"modified":"2026-04-07T08:04:54","modified_gmt":"2026-04-07T06:04:54","slug":"bougie-parfumee-dans-un-emballage-cadeau-ange-maman","status":"publish","type":"product","link":"https:\/\/www.fleurop-home.ch\/fr-ch\/p\/duftkerze-in-geschenkverpackung-engel-mama","title":{"rendered":"Bougie parfum\u00e9e dans son emballage cadeau \u201eAnge maman\u201c.\u201c"},"content":{"rendered":"<p>Le cadeau parfait et personnalis\u00e9 !<\/p>\n<p>Une bougie durable et v\u00e9g\u00e9talienne fabriqu\u00e9e en Suisse. Des slogans individuels pour chaque occasion. Nous utilisons de la cire de colza pure pour les bougies. Pas de paraffine, pas de plastique, pas de soja. Sans tests sur les animaux. La m\u00e8che et le couvercle sont fabriqu\u00e9s dans le m\u00eame village \u00e0 partir de bois suisse. La m\u00e8che en bois cr\u00e9e une superbe ambiance de feu de camp.<\/p>\n<p>Noble bougie parfum\u00e9e 100% naturelle (cire de colza) avec m\u00e8che en bois suisse et couvercle en bois suisse de la menuiserie du village.<\/p>\n<p><strong>Parfums :<\/strong><\/p>\n<ul>\n<li>M\u00e9lange de parfums Cosy Home (clou de girofle, cannelle, cassis, mandarine, etc.),<\/li>\n<li>Citron embrass\u00e9 par le soleil (citron \/ lemongrass),<\/li>\n<li>L'air de la for\u00eat (<span class=\"OYPEnA font-feature-liga-off font-feature-clig-off font-feature-calt-off text-decoration-none text-strikethrough-none\">feuilles d'\u00e9l\u00e9mi, clou de girofle, pin cembro, g\u00e9ranium, bois de santal, bois de c\u00e8dre)<\/span><\/li>\n<\/ul>\n<p>&nbsp;<\/p>\n<p>280 ml<br \/>\nDur\u00e9e de combustion : environ 40-50 h<\/p>\n<p>L'emballage cadeau est r\u00e9utilisable. (sans marque d'entreprise)<\/p>","protected":false},"excerpt":{"rendered":"<p>Bougie parfum\u00e9e dans 3 parfums diff\u00e9rents avec un emballage cadeau noir mat \u00e9l\u00e9gant avec un n\u0153ud en satin et un insert pour le transport.<\/p>","protected":false},"featured_media":76738,"template":"","meta":[],"product_brand":[],"product_cat":[99,23,1023,797,28,52,1223,53],"product_tag":[313],"woo-feed-brand":[],"class_list":{"0":"post-76734","1":"product","2":"type-product","3":"status-publish","4":"has-post-thumbnail","6":"product_cat-duftkerzen","7":"product_cat-home-living","8":"product_cat-fuer-mama","9":"product_cat-muttertag","10":"product_cat-kerzen-lichter","11":"product_cat-geschenke","12":"product_cat-anlaesse","13":"product_cat-geschenksets","14":"product_tag-chruterei-klg","16":"first","17":"instock","18":"taxable","19":"shipping-taxable","20":"purchasable","21":"product-type-variable","22":"has-default-attributes"},"_links":{"self":[{"href":"https:\/\/www.fleurop-home.ch\/fr-ch\/wp-json\/wp\/v2\/product\/76734","targetHints":{"allow":["GET"]}}],"collection":[{"href":"https:\/\/www.fleurop-home.ch\/fr-ch\/wp-json\/wp\/v2\/product"}],"about":[{"href":"https:\/\/www.fleurop-home.ch\/fr-ch\/wp-json\/wp\/v2\/types\/product"}],"wp:featuredmedia":[{"embeddable":true,"href":"https:\/\/www.fleurop-home.ch\/fr-ch\/wp-json\/wp\/v2\/media\/76738"}],"wp:attachment":[{"href":"https:\/\/www.fleurop-home.ch\/fr-ch\/wp-json\/wp\/v2\/media?parent=76734"}],"wp:term":[{"taxonomy":"product_brand","embeddable":true,"href":"https:\/\/www.fleurop-home.ch\/fr-ch\/wp-json\/wp\/v2\/product_brand?post=76734"},{"taxonomy":"product_cat","embeddable":true,"href":"https:\/\/www.fleurop-home.ch\/fr-ch\/wp-json\/wp\/v2\/product_cat?post=76734"},{"taxonomy":"product_tag","embeddable":true,"href":"https:\/\/www.fleurop-home.ch\/fr-ch\/wp-json\/wp\/v2\/product_tag?post=76734"},{"taxonomy":"woo-feed-brand","embeddable":true,"href":"https:\/\/www.fleurop-home.ch\/fr-ch\/wp-json\/wp\/v2\/woo-feed-brand?post=76734"}],"curies":[{"name":"wp","href":"https:\/\/api.w.org\/{rel}","templated":true}]}}