{"id":76475,"date":"2026-03-31T09:11:05","date_gmt":"2026-03-31T07:11:05","guid":{"rendered":"https:\/\/www.fleurop-home.ch\/?post_type=product&#038;p=76475"},"modified":"2026-03-31T09:13:00","modified_gmt":"2026-03-31T07:13:00","slug":"racine-de-maison-sempervivum-hybrida-20","status":"publish","type":"product","link":"https:\/\/www.fleurop-home.ch\/fr-ch\/p\/hauswurz-sempervivum-hybrida-20","title":{"rendered":"Racine de maison - Sempervivum Hybrida"},"content":{"rendered":"<p>Plante robuste et peu exigeante \u00e0 feuilles \u00e9paisses, \u00e0 utiliser dans les rocailles, les murs de pierres s\u00e8ches, sur les tombes, ainsi que dans divers bacs \u00e0 plantes.<\/p>\n<p>Hauteur : 10 cm<br \/>\nTaille du pot : pot de 14<br \/>\nR\u00e9sistance au froid : r\u00e9sistant au froid<br \/>\nLumi\u00e8re : ensoleill\u00e9e<br \/>\nP\u00e9riode de floraison : juin \u00e0 ao\u00fbt<br \/>\nSol : perm\u00e9able<\/p>","protected":false},"excerpt":{"rendered":"<p>La racine de maison robuste - Sempervivum Ruby Lime<\/p>","protected":false},"featured_media":76477,"template":"","meta":[],"product_brand":[],"product_cat":[109,34,41],"product_tag":[299],"woo-feed-brand":[],"class_list":{"0":"post-76475","1":"product","2":"type-product","3":"status-publish","4":"has-post-thumbnail","6":"product_cat-saisonale-pflanzen","7":"product_cat-garten-balkon","8":"product_cat-outdoorpflanzen","9":"product_tag-santispracht","11":"first","12":"instock","13":"taxable","14":"shipping-taxable","15":"purchasable","16":"product-type-simple"},"_links":{"self":[{"href":"https:\/\/www.fleurop-home.ch\/fr-ch\/wp-json\/wp\/v2\/product\/76475","targetHints":{"allow":["GET"]}}],"collection":[{"href":"https:\/\/www.fleurop-home.ch\/fr-ch\/wp-json\/wp\/v2\/product"}],"about":[{"href":"https:\/\/www.fleurop-home.ch\/fr-ch\/wp-json\/wp\/v2\/types\/product"}],"wp:featuredmedia":[{"embeddable":true,"href":"https:\/\/www.fleurop-home.ch\/fr-ch\/wp-json\/wp\/v2\/media\/76477"}],"wp:attachment":[{"href":"https:\/\/www.fleurop-home.ch\/fr-ch\/wp-json\/wp\/v2\/media?parent=76475"}],"wp:term":[{"taxonomy":"product_brand","embeddable":true,"href":"https:\/\/www.fleurop-home.ch\/fr-ch\/wp-json\/wp\/v2\/product_brand?post=76475"},{"taxonomy":"product_cat","embeddable":true,"href":"https:\/\/www.fleurop-home.ch\/fr-ch\/wp-json\/wp\/v2\/product_cat?post=76475"},{"taxonomy":"product_tag","embeddable":true,"href":"https:\/\/www.fleurop-home.ch\/fr-ch\/wp-json\/wp\/v2\/product_tag?post=76475"},{"taxonomy":"woo-feed-brand","embeddable":true,"href":"https:\/\/www.fleurop-home.ch\/fr-ch\/wp-json\/wp\/v2\/woo-feed-brand?post=76475"}],"curies":[{"name":"wp","href":"https:\/\/api.w.org\/{rel}","templated":true}]}}