{"id":7622,"date":"2021-04-12T08:59:15","date_gmt":"2021-04-12T06:59:15","guid":{"rendered":"https:\/\/www.fleurop-home.ch\/?product=gottlieber-schatzkistli-etter-rum"},"modified":"2026-02-05T14:35:10","modified_gmt":"2026-02-05T13:35:10","slug":"gottlieber-schatzkistli-etter-rum","status":"publish","type":"product","link":"https:\/\/www.fleurop-home.ch\/fr-ch\/p\/gottlieber-schatzkistli-etter-rum","title":{"rendered":"Bo\u00eete \u00e0 tr\u00e9sors de Gottlieber \"Etter Rum"},"content":{"rendered":"<div class=\"description\">\n<p>Un vrai r\u00e9gal. La bo\u00eete au tr\u00e9sor contient deux paquets cadeaux remplis de mini-bouch\u00e9es croustillantes du m\u00e9lange traditionnel et du m\u00e9lange classique. Le RUM1823 de la gamme RUM est assorti et a m\u00fbri avec soin pendant sept ans. <a href=\"https:\/\/www.etter-distillerie.ch\/de\/\" target=\"_blank\" rel=\"noopener\">Etter Soehne AG<\/a>\u00a0procure du plaisir et de la d\u00e9tente \u00e0 l'\u00e9tat pur. En combinaison, le plaisir est d'autant plus intense.<\/p>\n<p><strong>La tradition :<\/strong>\u00a0Pralin\u00e9, moka, gianduja<\/p>\n<p><strong>Classic :<\/strong>\u00a0Vanille, caramel, amande<\/p>\n<p>Pour fabriquer le RUM1823, Etter Soehne AG utilise une m\u00e9lasse de canne \u00e0 sucre dor\u00e9e et naturellement aromatique provenant d'un petit producteur de canne \u00e0 sucre de Jama\u00efque. La m\u00e9lasse de canne \u00e0 sucre est ferment\u00e9e et l'alcool qui en r\u00e9sulte est concentr\u00e9 via le processus de distillation. Ensuite, la maturation a lieu pendant plusieurs ann\u00e9es dans des f\u00fbts de bourbon am\u00e9ricain usag\u00e9s. C'est ainsi qu'il obtient son go\u00fbt unique et sa belle couleur. Dans les grottes de stalactites des H\u00f6llgrotten \u00e0 Baar, la nature veille \u00e0 ce que l'eau soit l'une des plus pures de Suisse. Cette eau de source originelle affine le RUM1823.<\/p>\n<p>La bo\u00eete \u00e0 tr\u00e9sors Gottlieber \"Etter Rum\" est emball\u00e9e dans une \u00e9l\u00e9gante bo\u00eete pliante noire et blanche en carton solide avec fermeture magn\u00e9tique (r\u00e9utilisable).<\/p>\n<\/div>\n<dl class=\"product-attributes\">\n<dt class=\"label\"><strong>Contenu<\/strong><\/dt>\n<dt class=\"label\"><\/dt>\n<dt class=\"label\"><\/dt>\n<dt class=\"label\">1 bo\u00eete cadeau Classic, environ 22 mini-bouch\u00e9es, 85 g<br \/>\n1 bo\u00eete cadeau Tradition, environ 22 mini-bouch\u00e9es, 85 g<br \/>\n1 Etter RUM1823, rhum suisse, 40% vol, 70cl<\/dt>\n<\/dl>\n<p><strong>Masse<\/strong><br \/>\n220 x 300 x 110 mm<\/p>\n<dl class=\"product-attributes\">\n<dt class=\"label\"><\/dt>\n<dt class=\"label\"><\/dt>\n<dt class=\"label\"><\/dt>\n<dt class=\"label\"><\/dt>\n<dt class=\"label\"><\/dt>\n<dt class=\"label\"><\/dt>\n<dt class=\"label\"><\/dt>\n<dt class=\"label\"><\/dt>\n<dt class=\"label\"><a href=\"https:\/\/www.gottlieber.ch\/de\/online-shop\/naehrwertinformationen\" target=\"_blank\" rel=\"noopener\">Informations nutritionnelles et conseils pour les personnes allergiques<\/a><\/dt>\n<dt class=\"label\"><\/dt>\n<dd class=\"value\"><\/dd>\n<dd class=\"value\"><\/dd>\n<dd class=\"value\"><\/dd>\n<dd class=\"value\"><\/dd>\n<dd class=\"value\"><\/dd>\n<dd class=\"value\"><\/dd>\n<dd class=\"value\"><\/dd>\n<dd class=\"value\"><\/dd>\n<\/dl>","protected":false},"excerpt":{"rendered":"<p>Le RUM1823 de Etter Soehne AG garantit un plaisir et une d\u00e9tente \u00e0 l'\u00e9tat pur. Pour intensifier le plaisir, la bo\u00eete \u00e0 tr\u00e9sors contient deux paquets cadeaux remplis de mini-bouch\u00e9es croustillantes du m\u00e9lange traditionnel et du m\u00e9lange classique.<\/p>","protected":false},"featured_media":7623,"template":"","meta":[],"product_brand":[],"product_cat":[53,1090,910,984,993,1088,909,916,42,115,114,885,52,1225],"product_tag":[147,286],"woo-feed-brand":[],"class_list":{"0":"post-7622","1":"product","2":"type-product","3":"status-publish","4":"has-post-thumbnail","6":"product_cat-geschenksets","7":"product_cat-geniesser","8":"product_cat-geschenkideen","9":"product_cat-silvester","10":"product_cat-silvestergeschenke","11":"product_cat-vatertag","12":"product_cat-weihnachten","13":"product_cat-praesente","14":"product_cat-kueche","15":"product_cat-spirituosen","16":"product_cat-schokolade-sweets","17":"product_cat-koestlichkeiten","18":"product_cat-geschenke","19":"product_cat-genuss","20":"product_tag-alkohol","21":"product_tag-gottlieber-spezialitaten-ag","23":"first","24":"instock","25":"taxable","26":"shipping-taxable","27":"purchasable","28":"product-type-simple"},"_links":{"self":[{"href":"https:\/\/www.fleurop-home.ch\/fr-ch\/wp-json\/wp\/v2\/product\/7622","targetHints":{"allow":["GET"]}}],"collection":[{"href":"https:\/\/www.fleurop-home.ch\/fr-ch\/wp-json\/wp\/v2\/product"}],"about":[{"href":"https:\/\/www.fleurop-home.ch\/fr-ch\/wp-json\/wp\/v2\/types\/product"}],"wp:featuredmedia":[{"embeddable":true,"href":"https:\/\/www.fleurop-home.ch\/fr-ch\/wp-json\/wp\/v2\/media\/7623"}],"wp:attachment":[{"href":"https:\/\/www.fleurop-home.ch\/fr-ch\/wp-json\/wp\/v2\/media?parent=7622"}],"wp:term":[{"taxonomy":"product_brand","embeddable":true,"href":"https:\/\/www.fleurop-home.ch\/fr-ch\/wp-json\/wp\/v2\/product_brand?post=7622"},{"taxonomy":"product_cat","embeddable":true,"href":"https:\/\/www.fleurop-home.ch\/fr-ch\/wp-json\/wp\/v2\/product_cat?post=7622"},{"taxonomy":"product_tag","embeddable":true,"href":"https:\/\/www.fleurop-home.ch\/fr-ch\/wp-json\/wp\/v2\/product_tag?post=7622"},{"taxonomy":"woo-feed-brand","embeddable":true,"href":"https:\/\/www.fleurop-home.ch\/fr-ch\/wp-json\/wp\/v2\/woo-feed-brand?post=7622"}],"curies":[{"name":"wp","href":"https:\/\/api.w.org\/{rel}","templated":true}]}}