{"id":75772,"date":"2026-03-13T16:46:41","date_gmt":"2026-03-13T15:46:41","guid":{"rendered":"https:\/\/www.fleurop-home.ch\/de-ch\/?post_type=product&#038;p=75772"},"modified":"2026-03-16T13:56:33","modified_gmt":"2026-03-16T12:56:33","slug":"plateau-sculptural-dune","status":"publish","type":"product","link":"https:\/\/www.fleurop-home.ch\/fr-ch\/p\/dune-skulpturales-tablett","title":{"rendered":"Dune - Plateau sculptural"},"content":{"rendered":"<p data-start=\"652\" data-end=\"799\"><strong>Un \u00e9l\u00e9gant plateau \u00e0 bijoux et \u00e0 d\u00e9coration aux formes douces et organiques. Le design apporte un mouvement tranquille et une structure douce dans les espaces de vie modernes.<\/strong><\/p>\n<p data-start=\"801\" data-end=\"980\">Dune peut \u00eatre utilis\u00e9 aussi bien comme un plateau fonctionnel pour les bijoux, les cl\u00e9s ou les flacons de parfum que comme un objet d\u00e9coratif sur une table basse, un buffet ou une pile de livres.<\/p>\n<p data-start=\"982\" data-end=\"1105\">Chaque pi\u00e8ce est fabriqu\u00e9e \u00e0 la main dans notre studio suisse, ce qui lui conf\u00e8re son propre caract\u00e8re unique.<\/p>\n<p data-start=\"1107\" data-end=\"1118\"><strong data-start=\"1107\" data-end=\"1118\">D\u00e9tails<\/strong><\/p>\n<ul>\n<li data-start=\"1120\" data-end=\"1236\">Taille : 29 \u00d7 18 \u00d7 1,8 cm<\/li>\n<li data-start=\"1120\" data-end=\"1236\">Couleur : alb\u00e2tre (cr\u00e8me avec de fines veines blanches - voir photos)<\/li>\n<li data-start=\"1120\" data-end=\"1236\">Surface : Lisse, mate<\/li>\n<li data-start=\"1120\" data-end=\"1236\">Mat\u00e9riau : composite \u00e9cologique \u00e0 base de min\u00e9raux<\/li>\n<\/ul>\n<p data-start=\"1120\" data-end=\"1236\">","protected":false},"excerpt":{"rendered":"<p>Plateau d\u00e9coratif sculptural aux lignes organiques - fabriqu\u00e9 \u00e0 la main en Suisse. Parfait pour les bijoux, les cl\u00e9s ou les arrangements \u00e9l\u00e9gants sur une table basse ou un sideboard.<\/p>","protected":false},"featured_media":75777,"template":"","meta":[],"product_brand":[],"product_cat":[1190,23,32,30,132],"product_tag":[1218],"woo-feed-brand":[],"class_list":{"0":"post-75772","1":"product","2":"type-product","3":"status-publish","4":"has-post-thumbnail","6":"product_cat-dekoobjekte","7":"product_cat-home-living","8":"product_cat-aufbewahrung","9":"product_cat-deko-accessoires","10":"product_cat-neu","11":"product_tag-hw-designs","13":"first","14":"instock","15":"taxable","16":"shipping-taxable","17":"purchasable","18":"product-type-simple"},"_links":{"self":[{"href":"https:\/\/www.fleurop-home.ch\/fr-ch\/wp-json\/wp\/v2\/product\/75772","targetHints":{"allow":["GET"]}}],"collection":[{"href":"https:\/\/www.fleurop-home.ch\/fr-ch\/wp-json\/wp\/v2\/product"}],"about":[{"href":"https:\/\/www.fleurop-home.ch\/fr-ch\/wp-json\/wp\/v2\/types\/product"}],"wp:featuredmedia":[{"embeddable":true,"href":"https:\/\/www.fleurop-home.ch\/fr-ch\/wp-json\/wp\/v2\/media\/75777"}],"wp:attachment":[{"href":"https:\/\/www.fleurop-home.ch\/fr-ch\/wp-json\/wp\/v2\/media?parent=75772"}],"wp:term":[{"taxonomy":"product_brand","embeddable":true,"href":"https:\/\/www.fleurop-home.ch\/fr-ch\/wp-json\/wp\/v2\/product_brand?post=75772"},{"taxonomy":"product_cat","embeddable":true,"href":"https:\/\/www.fleurop-home.ch\/fr-ch\/wp-json\/wp\/v2\/product_cat?post=75772"},{"taxonomy":"product_tag","embeddable":true,"href":"https:\/\/www.fleurop-home.ch\/fr-ch\/wp-json\/wp\/v2\/product_tag?post=75772"},{"taxonomy":"woo-feed-brand","embeddable":true,"href":"https:\/\/www.fleurop-home.ch\/fr-ch\/wp-json\/wp\/v2\/woo-feed-brand?post=75772"}],"curies":[{"name":"wp","href":"https:\/\/api.w.org\/{rel}","templated":true}]}}