{"id":75722,"date":"2026-03-13T09:42:56","date_gmt":"2026-03-13T08:42:56","guid":{"rendered":"https:\/\/www.fleurop-home.ch\/?post_type=product&#038;p=75722"},"modified":"2026-04-01T15:26:19","modified_gmt":"2026-04-01T13:26:19","slug":"pichet-bleu-en-ceramique-emaillee-a-la-main-1-litre","status":"publish","type":"product","link":"https:\/\/www.fleurop-home.ch\/fr-ch\/p\/blauer-krug-aus-handglasierter-keramik-1-liter","title":{"rendered":"Pichet bleu en c\u00e9ramique \u00e9maill\u00e9e \u00e0 la main, 1 litre"},"content":{"rendered":"<p>Un vrai coup de c\u0153ur : une cruche moderne en c\u00e9ramique bleue \u00e9maill\u00e9e, id\u00e9ale pour les boissons chaudes et froides. Chaque pichet est \u00e9maill\u00e9 \u00e0 la main, c'est pourquoi chaque produit est vraiment unique.<\/p>\n<p style=\"text-align: left;\">- Chaque pichet est amoureusement \u00e9maill\u00e9 \u00e0 la main en bleu, donc l'\u00e9mail peut varier.<br \/>\n- En c\u00e9ramique l\u00e9g\u00e8re et de haute qualit\u00e9<br \/>\n- Id\u00e9al pour le th\u00e9, l'eau ou les sodas<br \/>\n- Contient 1 litre de liquide<br \/>\n- Hauteur 20 cm, ouverture 11 cm, diam\u00e8tre 15.5 cm<br \/>\n- Convient pour les aliments et passe au lave-vaisselle<\/p>","protected":false},"excerpt":{"rendered":"<p>Merveilleux pour les boissons chaudes et froides.<\/p>","protected":false},"featured_media":75724,"template":"","meta":[],"product_brand":[],"product_cat":[1103,1022,797,1019,1018,42,1101,43,132],"product_tag":[324],"woo-feed-brand":[],"class_list":{"0":"post-75722","1":"product","2":"type-product","3":"status-publish","4":"has-post-thumbnail","6":"product_cat-trinken","7":"product_cat-brunch","8":"product_cat-muttertag","9":"product_cat-osterbrunch","10":"product_cat-ostern","11":"product_cat-kueche","12":"product_cat-geschirr","13":"product_cat-gedeckter-tisch","14":"product_cat-neu","15":"product_tag-marein-ag","17":"first","18":"instock","19":"taxable","20":"shipping-taxable","21":"purchasable","22":"product-type-simple"},"_links":{"self":[{"href":"https:\/\/www.fleurop-home.ch\/fr-ch\/wp-json\/wp\/v2\/product\/75722","targetHints":{"allow":["GET"]}}],"collection":[{"href":"https:\/\/www.fleurop-home.ch\/fr-ch\/wp-json\/wp\/v2\/product"}],"about":[{"href":"https:\/\/www.fleurop-home.ch\/fr-ch\/wp-json\/wp\/v2\/types\/product"}],"wp:featuredmedia":[{"embeddable":true,"href":"https:\/\/www.fleurop-home.ch\/fr-ch\/wp-json\/wp\/v2\/media\/75724"}],"wp:attachment":[{"href":"https:\/\/www.fleurop-home.ch\/fr-ch\/wp-json\/wp\/v2\/media?parent=75722"}],"wp:term":[{"taxonomy":"product_brand","embeddable":true,"href":"https:\/\/www.fleurop-home.ch\/fr-ch\/wp-json\/wp\/v2\/product_brand?post=75722"},{"taxonomy":"product_cat","embeddable":true,"href":"https:\/\/www.fleurop-home.ch\/fr-ch\/wp-json\/wp\/v2\/product_cat?post=75722"},{"taxonomy":"product_tag","embeddable":true,"href":"https:\/\/www.fleurop-home.ch\/fr-ch\/wp-json\/wp\/v2\/product_tag?post=75722"},{"taxonomy":"woo-feed-brand","embeddable":true,"href":"https:\/\/www.fleurop-home.ch\/fr-ch\/wp-json\/wp\/v2\/woo-feed-brand?post=75722"}],"curies":[{"name":"wp","href":"https:\/\/api.w.org\/{rel}","templated":true}]}}