{"id":75687,"date":"2026-03-12T20:43:26","date_gmt":"2026-03-12T19:43:26","guid":{"rendered":"https:\/\/www.fleurop-home.ch\/fr-ch\/?post_type=product&#038;p=75687"},"modified":"2026-03-13T09:23:14","modified_gmt":"2026-03-13T08:23:14","slug":"coupe-a-fleurs-les-oiseaux-en-fleurs","status":"publish","type":"product","link":"https:\/\/www.fleurop-home.ch\/fr-ch\/p\/blumenschale-les-oiseaux-en-fleurs","title":{"rendered":"Coupe \u00e0 fleurs \u00abLes oiseaux en fleurs\u00bb"},"content":{"rendered":"<p>Magnifique arrangement pour la table ou la r\u00e9ception, compos\u00e9 de deux roses blanches conserv\u00e9es et de plantes s\u00e9ch\u00e9es. Sans entretien, diam\u00e8tre 31 cm.<br \/>\nUn beau cadeau \u00e0 offrir.<\/p>","protected":false},"excerpt":{"rendered":"<p>Bol avec des oiseaux dans les tons blancs<\/p>","protected":false},"featured_media":75695,"template":"","meta":[],"product_brand":[],"product_cat":[102,23,26,132],"product_tag":[1135],"woo-feed-brand":[],"class_list":{"0":"post-75687","1":"product","2":"type-product","3":"status-publish","4":"has-post-thumbnail","6":"product_cat-infinity-rosen","7":"product_cat-home-living","8":"product_cat-blumen-pflanzen","9":"product_cat-neu","10":"product_tag-mon-reve-fleuri","12":"first","13":"instock","14":"taxable","15":"shipping-taxable","16":"purchasable","17":"product-type-simple"},"_links":{"self":[{"href":"https:\/\/www.fleurop-home.ch\/fr-ch\/wp-json\/wp\/v2\/product\/75687","targetHints":{"allow":["GET"]}}],"collection":[{"href":"https:\/\/www.fleurop-home.ch\/fr-ch\/wp-json\/wp\/v2\/product"}],"about":[{"href":"https:\/\/www.fleurop-home.ch\/fr-ch\/wp-json\/wp\/v2\/types\/product"}],"wp:featuredmedia":[{"embeddable":true,"href":"https:\/\/www.fleurop-home.ch\/fr-ch\/wp-json\/wp\/v2\/media\/75695"}],"wp:attachment":[{"href":"https:\/\/www.fleurop-home.ch\/fr-ch\/wp-json\/wp\/v2\/media?parent=75687"}],"wp:term":[{"taxonomy":"product_brand","embeddable":true,"href":"https:\/\/www.fleurop-home.ch\/fr-ch\/wp-json\/wp\/v2\/product_brand?post=75687"},{"taxonomy":"product_cat","embeddable":true,"href":"https:\/\/www.fleurop-home.ch\/fr-ch\/wp-json\/wp\/v2\/product_cat?post=75687"},{"taxonomy":"product_tag","embeddable":true,"href":"https:\/\/www.fleurop-home.ch\/fr-ch\/wp-json\/wp\/v2\/product_tag?post=75687"},{"taxonomy":"woo-feed-brand","embeddable":true,"href":"https:\/\/www.fleurop-home.ch\/fr-ch\/wp-json\/wp\/v2\/woo-feed-brand?post=75687"}],"curies":[{"name":"wp","href":"https:\/\/api.w.org\/{rel}","templated":true}]}}