{"id":75651,"date":"2026-03-10T14:04:29","date_gmt":"2026-03-10T13:04:29","guid":{"rendered":"https:\/\/www.fleurop-home.ch\/de-ch\/?post_type=product&#038;p=75651"},"modified":"2026-03-10T14:23:22","modified_gmt":"2026-03-10T13:23:22","slug":"carte-double-elephant-boy","status":"publish","type":"product","link":"https:\/\/www.fleurop-home.ch\/fr-ch\/p\/doppelkarte-elefant-boy","title":{"rendered":"Cartes doubles | El\u00e9phant - boy"},"content":{"rendered":"<ul class=\"ul1\">\n<li class=\"li1\"><span class=\"s2\">12 x 17cm<\/span><\/li>\n<li class=\"li1\"><span class=\"s2\">Gaufrage \u00e0 l'or<\/span><\/li>\n<li class=\"li1\"><span class=\"s2\">Format papier : B6 <\/span><\/li>\n<li class=\"li1\"><span class=\"s2\">avec enveloppe de couleur assortie<\/span><\/li>\n<\/ul>\n<p class=\"p1\"><span class=\"s2\">L'int\u00e9rieur de la carte n'est pas \u00e9crit, ce qui laisse suffisamment de place pour les v\u0153ux personnels. <\/span><\/p>","protected":false},"excerpt":{"rendered":"<p><span class=\"s2\">L'int\u00e9rieur de la carte n'est pas \u00e9crit, ce qui laisse suffisamment de place pour les v\u0153ux personnels.<\/span><\/p>","protected":false},"featured_media":63953,"template":"","meta":[],"product_brand":[],"product_cat":[58,52,132],"product_tag":[1168],"woo-feed-brand":[],"class_list":{"0":"post-75651","1":"product","2":"type-product","3":"status-publish","4":"has-post-thumbnail","6":"product_cat-grusskarten","7":"product_cat-geschenke","8":"product_cat-neu","9":"product_tag-melia-atelier","11":"first","12":"instock","13":"taxable","14":"shipping-taxable","15":"purchasable","16":"product-type-simple"},"_links":{"self":[{"href":"https:\/\/www.fleurop-home.ch\/fr-ch\/wp-json\/wp\/v2\/product\/75651","targetHints":{"allow":["GET"]}}],"collection":[{"href":"https:\/\/www.fleurop-home.ch\/fr-ch\/wp-json\/wp\/v2\/product"}],"about":[{"href":"https:\/\/www.fleurop-home.ch\/fr-ch\/wp-json\/wp\/v2\/types\/product"}],"wp:featuredmedia":[{"embeddable":true,"href":"https:\/\/www.fleurop-home.ch\/fr-ch\/wp-json\/wp\/v2\/media\/63953"}],"wp:attachment":[{"href":"https:\/\/www.fleurop-home.ch\/fr-ch\/wp-json\/wp\/v2\/media?parent=75651"}],"wp:term":[{"taxonomy":"product_brand","embeddable":true,"href":"https:\/\/www.fleurop-home.ch\/fr-ch\/wp-json\/wp\/v2\/product_brand?post=75651"},{"taxonomy":"product_cat","embeddable":true,"href":"https:\/\/www.fleurop-home.ch\/fr-ch\/wp-json\/wp\/v2\/product_cat?post=75651"},{"taxonomy":"product_tag","embeddable":true,"href":"https:\/\/www.fleurop-home.ch\/fr-ch\/wp-json\/wp\/v2\/product_tag?post=75651"},{"taxonomy":"woo-feed-brand","embeddable":true,"href":"https:\/\/www.fleurop-home.ch\/fr-ch\/wp-json\/wp\/v2\/woo-feed-brand?post=75651"}],"curies":[{"name":"wp","href":"https:\/\/api.w.org\/{rel}","templated":true}]}}