{"id":75649,"date":"2026-03-10T14:01:04","date_gmt":"2026-03-10T13:01:04","guid":{"rendered":"https:\/\/www.fleurop-home.ch\/de-ch\/?post_type=product&#038;p=75649"},"modified":"2026-03-10T14:22:45","modified_gmt":"2026-03-10T13:22:45","slug":"carte-double-elephant-girl","status":"publish","type":"product","link":"https:\/\/www.fleurop-home.ch\/fr-ch\/p\/doppelkarte-elefant-girl","title":{"rendered":"Carte double| \u00e9l\u00e9phant - girl"},"content":{"rendered":"<ul class=\"ul1\">\n<li class=\"li1\"><span class=\"s2\">12 x 17cm<\/span><\/li>\n<li class=\"li1\"><span class=\"s2\">Gaufrage \u00e0 l'or<\/span><\/li>\n<li class=\"li1\"><span class=\"s2\">Format papier : B6 <\/span><\/li>\n<li class=\"li1\"><span class=\"s2\">avec enveloppe de couleur assortie<\/span><\/li>\n<\/ul>\n<p class=\"p1\"><span class=\"s2\">L'int\u00e9rieur de la carte n'est pas \u00e9crit, ce qui laisse suffisamment de place pour les v\u0153ux personnels. <\/span><\/p>","protected":false},"excerpt":{"rendered":"<p><span class=\"s2\">L'int\u00e9rieur de la carte n'est pas \u00e9crit, ce qui laisse suffisamment de place pour les v\u0153ux personnels.<\/span><\/p>","protected":false},"featured_media":63954,"template":"","meta":[],"product_brand":[],"product_cat":[58,52,132],"product_tag":[1168],"woo-feed-brand":[],"class_list":{"0":"post-75649","1":"product","2":"type-product","3":"status-publish","4":"has-post-thumbnail","6":"product_cat-grusskarten","7":"product_cat-geschenke","8":"product_cat-neu","9":"product_tag-melia-atelier","11":"first","12":"instock","13":"taxable","14":"shipping-taxable","15":"purchasable","16":"product-type-simple"},"_links":{"self":[{"href":"https:\/\/www.fleurop-home.ch\/fr-ch\/wp-json\/wp\/v2\/product\/75649","targetHints":{"allow":["GET"]}}],"collection":[{"href":"https:\/\/www.fleurop-home.ch\/fr-ch\/wp-json\/wp\/v2\/product"}],"about":[{"href":"https:\/\/www.fleurop-home.ch\/fr-ch\/wp-json\/wp\/v2\/types\/product"}],"wp:featuredmedia":[{"embeddable":true,"href":"https:\/\/www.fleurop-home.ch\/fr-ch\/wp-json\/wp\/v2\/media\/63954"}],"wp:attachment":[{"href":"https:\/\/www.fleurop-home.ch\/fr-ch\/wp-json\/wp\/v2\/media?parent=75649"}],"wp:term":[{"taxonomy":"product_brand","embeddable":true,"href":"https:\/\/www.fleurop-home.ch\/fr-ch\/wp-json\/wp\/v2\/product_brand?post=75649"},{"taxonomy":"product_cat","embeddable":true,"href":"https:\/\/www.fleurop-home.ch\/fr-ch\/wp-json\/wp\/v2\/product_cat?post=75649"},{"taxonomy":"product_tag","embeddable":true,"href":"https:\/\/www.fleurop-home.ch\/fr-ch\/wp-json\/wp\/v2\/product_tag?post=75649"},{"taxonomy":"woo-feed-brand","embeddable":true,"href":"https:\/\/www.fleurop-home.ch\/fr-ch\/wp-json\/wp\/v2\/woo-feed-brand?post=75649"}],"curies":[{"name":"wp","href":"https:\/\/api.w.org\/{rel}","templated":true}]}}