{"id":75478,"date":"2026-03-05T14:29:42","date_gmt":"2026-03-05T13:29:42","guid":{"rendered":"https:\/\/www.fleurop-home.ch\/?post_type=product&#038;p=75478"},"modified":"2026-04-01T15:02:18","modified_gmt":"2026-04-01T13:02:18","slug":"moule-a-oeufs-en-faience-pastel-4-pieces","status":"publish","type":"product","link":"https:\/\/www.fleurop-home.ch\/fr-ch\/p\/eierbecher-aus-steingut-pastellfarben-4-stueck","title":{"rendered":"Coquetiers en fa\u00efence, couleurs pastel, 4 pi\u00e8ces"},"content":{"rendered":"<p>Colore ton petit-d\u00e9jeuner avec cet ensemble de coquetiers ludiques en forme de donuts modernes. Les supports \u00e0 \u0153ufs en fa\u00efence de haute qualit\u00e9 ne sont pas seulement un accessoire pratique, mais une v\u00e9ritable d\u00e9claration de design sur ta table dress\u00e9e.<\/p>\n<p>Le set contient quatre douces couleurs pastel - bleu, jaune, cr\u00e8me et rouge - qui s'harmonisent parfaitement entre elles et te mettent de bonne humeur le matin. Gr\u00e2ce \u00e0 la forme plate et ronde, tes \u0153ufs sont stables et s\u00fbrs.<\/p>\n<p>Que ce soit pour l'\u0153uf du petit d\u00e9jeuner quotidien ou comme point fort sp\u00e9cial pour P\u00e2ques, cette vaisselle est polyvalente. De plus, le mat\u00e9riau est extr\u00eamement facile \u00e0 entretenir et passe au lave-vaisselle, tu auras donc plus de temps pour en profiter apr\u00e8s le repas. Ces coquetiers color\u00e9s sont \u00e9galement une merveilleuse id\u00e9e de cadeau pour tous ceux qui aiment le design de cuisine moderne.<\/p>\n<p>&nbsp;<\/p>\n<ul>\n<li>Set de 4 coquetiers en fa\u00efence de haute qualit\u00e9<\/li>\n<li>Design moderne en forme de beignet rond<\/li>\n<li>M\u00e9lange de 4 couleurs pastel : Bleu Jaune Cr\u00e8me et Rouge<\/li>\n<li>Passe au lave-vaisselle pour un nettoyage facile<\/li>\n<li>Diam\u00e8tre 8.2 cm et hauteur 3 cm<\/li>\n<\/ul>","protected":false},"excerpt":{"rendered":"<p>Coquetier en fa\u00efence en forme de donut<\/p>","protected":false},"featured_media":75480,"template":"","meta":[],"product_brand":[],"product_cat":[1102,1022,797,1019,1018,42,1101,43,132],"product_tag":[324],"woo-feed-brand":[],"class_list":{"0":"post-75478","1":"product","2":"type-product","3":"status-publish","4":"has-post-thumbnail","6":"product_cat-essen","7":"product_cat-brunch","8":"product_cat-muttertag","9":"product_cat-osterbrunch","10":"product_cat-ostern","11":"product_cat-kueche","12":"product_cat-geschirr","13":"product_cat-gedeckter-tisch","14":"product_cat-neu","15":"product_tag-marein-ag","17":"first","18":"instock","19":"taxable","20":"shipping-taxable","21":"purchasable","22":"product-type-simple"},"_links":{"self":[{"href":"https:\/\/www.fleurop-home.ch\/fr-ch\/wp-json\/wp\/v2\/product\/75478","targetHints":{"allow":["GET"]}}],"collection":[{"href":"https:\/\/www.fleurop-home.ch\/fr-ch\/wp-json\/wp\/v2\/product"}],"about":[{"href":"https:\/\/www.fleurop-home.ch\/fr-ch\/wp-json\/wp\/v2\/types\/product"}],"wp:featuredmedia":[{"embeddable":true,"href":"https:\/\/www.fleurop-home.ch\/fr-ch\/wp-json\/wp\/v2\/media\/75480"}],"wp:attachment":[{"href":"https:\/\/www.fleurop-home.ch\/fr-ch\/wp-json\/wp\/v2\/media?parent=75478"}],"wp:term":[{"taxonomy":"product_brand","embeddable":true,"href":"https:\/\/www.fleurop-home.ch\/fr-ch\/wp-json\/wp\/v2\/product_brand?post=75478"},{"taxonomy":"product_cat","embeddable":true,"href":"https:\/\/www.fleurop-home.ch\/fr-ch\/wp-json\/wp\/v2\/product_cat?post=75478"},{"taxonomy":"product_tag","embeddable":true,"href":"https:\/\/www.fleurop-home.ch\/fr-ch\/wp-json\/wp\/v2\/product_tag?post=75478"},{"taxonomy":"woo-feed-brand","embeddable":true,"href":"https:\/\/www.fleurop-home.ch\/fr-ch\/wp-json\/wp\/v2\/woo-feed-brand?post=75478"}],"curies":[{"name":"wp","href":"https:\/\/api.w.org\/{rel}","templated":true}]}}