{"id":75449,"date":"2026-03-05T11:49:12","date_gmt":"2026-03-05T10:49:12","guid":{"rendered":"https:\/\/www.fleurop-home.ch\/?post_type=product&#038;p=75449"},"modified":"2026-03-05T14:44:17","modified_gmt":"2026-03-05T13:44:17","slug":"bougeoir-en-ceramique-rouge-clair-rose","status":"publish","type":"product","link":"https:\/\/www.fleurop-home.ch\/fr-ch\/p\/keramik-kerzenstaender-hellrot-rosa","title":{"rendered":"Bougeoir en c\u00e9ramique, rouge clair\/rose"},"content":{"rendered":"<p>Mets l'accent dans ton int\u00e9rieur avec notre \u00e9l\u00e9gant bougeoir en c\u00e9ramique rose-rouge clair avec des \u00e9clats blancs. Ce bougeoir particulier a \u00e9t\u00e9 fabriqu\u00e9 avec une grande attention aux d\u00e9tails et ajoute une atmosph\u00e8re chaleureuse \u00e0 ton int\u00e9rieur.<\/p>\n<p>Avec une hauteur de 6,5 cm et un diam\u00e8tre de 5 cm, elle offre un ajustement parfait pour les bougies tige de 2 cm de diam\u00e8tre. Sa qualit\u00e9 artisanale et son design unique en font un v\u00e9ritable accroche-regard.<\/p>","protected":false},"excerpt":{"rendered":"<p>Dimensions : hauteur 6,5 cm x diam\u00e8tre 5 cm \/ Pour bougies tige de 2 cm de diam\u00e8tre<\/p>","protected":false},"featured_media":75451,"template":"","meta":[],"product_brand":[],"product_cat":[104,23,1021,1018,28,132],"product_tag":[324],"woo-feed-brand":[],"class_list":{"0":"post-75449","1":"product","2":"type-product","3":"status-publish","4":"has-post-thumbnail","6":"product_cat-kerzenhalter","7":"product_cat-home-living","8":"product_cat-osterdeko","9":"product_cat-ostern","10":"product_cat-kerzen-lichter","11":"product_cat-neu","12":"product_tag-marein-ag","14":"first","15":"instock","16":"taxable","17":"shipping-taxable","18":"purchasable","19":"product-type-simple"},"_links":{"self":[{"href":"https:\/\/www.fleurop-home.ch\/fr-ch\/wp-json\/wp\/v2\/product\/75449","targetHints":{"allow":["GET"]}}],"collection":[{"href":"https:\/\/www.fleurop-home.ch\/fr-ch\/wp-json\/wp\/v2\/product"}],"about":[{"href":"https:\/\/www.fleurop-home.ch\/fr-ch\/wp-json\/wp\/v2\/types\/product"}],"wp:featuredmedia":[{"embeddable":true,"href":"https:\/\/www.fleurop-home.ch\/fr-ch\/wp-json\/wp\/v2\/media\/75451"}],"wp:attachment":[{"href":"https:\/\/www.fleurop-home.ch\/fr-ch\/wp-json\/wp\/v2\/media?parent=75449"}],"wp:term":[{"taxonomy":"product_brand","embeddable":true,"href":"https:\/\/www.fleurop-home.ch\/fr-ch\/wp-json\/wp\/v2\/product_brand?post=75449"},{"taxonomy":"product_cat","embeddable":true,"href":"https:\/\/www.fleurop-home.ch\/fr-ch\/wp-json\/wp\/v2\/product_cat?post=75449"},{"taxonomy":"product_tag","embeddable":true,"href":"https:\/\/www.fleurop-home.ch\/fr-ch\/wp-json\/wp\/v2\/product_tag?post=75449"},{"taxonomy":"woo-feed-brand","embeddable":true,"href":"https:\/\/www.fleurop-home.ch\/fr-ch\/wp-json\/wp\/v2\/woo-feed-brand?post=75449"}],"curies":[{"name":"wp","href":"https:\/\/api.w.org\/{rel}","templated":true}]}}