{"id":75412,"date":"2026-03-05T10:50:37","date_gmt":"2026-03-05T09:50:37","guid":{"rendered":"https:\/\/www.fleurop-home.ch\/?post_type=product&#038;p=75412"},"modified":"2026-05-12T09:37:18","modified_gmt":"2026-05-12T07:37:18","slug":"racine-de-maison-sempervivum-hybrida-13","status":"publish","type":"product","link":"https:\/\/www.fleurop-home.ch\/fr-ch\/p\/hauswurz-sempervivum-hybrida-13","title":{"rendered":"Racine de maison - Sempervivum Hybrida"},"content":{"rendered":"<p>Cette plante vivace verte est une v\u00e9ritable plante \u00e0 feuilles \u00e9paisses et s\u00e9duit par ses soins peu exigeants. La racine de maison Reinhart pr\u00e9f\u00e8re un emplacement ensoleill\u00e9 et se d\u00e9veloppe mieux dans un sol perm\u00e9able. Ses feuilles qui retiennent l'eau en font une compagne id\u00e9ale pour les endroits secs comme les rocailles, les murs secs ou m\u00eame les tombes. La p\u00e9riode de floraison s'\u00e9tend de juin \u00e0 ao\u00fbt. Le bac d'argile de 20 contient des plantes vigoureuses de 100 % production suisse, dont la r\u00e9sistance \u00e0 l'hiver est particuli\u00e8rement appr\u00e9ci\u00e9e. Avec sa croissance naturelle et ses rosettes d\u00e9coratives, la plante apporte de la structure \u00e0 diff\u00e9rents r\u00e9cipients et zones du jardin tout au long de l'ann\u00e9e.<\/p>\n<p>Hauteur : 10 cm<br \/>\nTaille du pot : bol de 20<br \/>\nR\u00e9sistance au froid : r\u00e9sistant au froid<br \/>\nLumi\u00e8re : ensoleill\u00e9e<br \/>\nP\u00e9riode de floraison : juin \u00e0 ao\u00fbt<br \/>\nSol : perm\u00e9able<\/p>","protected":false},"excerpt":{"rendered":"<p>Racine de maison Reinhart dans une coupe en argile - plante robuste \u00e0 feuilles \u00e9paisses cultiv\u00e9e en Suisse<\/p>","protected":false},"featured_media":75414,"template":"","meta":[],"product_brand":[],"product_cat":[109,34,41],"product_tag":[299],"woo-feed-brand":[],"class_list":{"0":"post-75412","1":"product","2":"type-product","3":"status-publish","4":"has-post-thumbnail","6":"product_cat-saisonale-pflanzen","7":"product_cat-garten-balkon","8":"product_cat-outdoorpflanzen","9":"product_tag-santispracht","11":"first","12":"instock","13":"taxable","14":"shipping-taxable","15":"purchasable","16":"product-type-simple"},"_links":{"self":[{"href":"https:\/\/www.fleurop-home.ch\/fr-ch\/wp-json\/wp\/v2\/product\/75412","targetHints":{"allow":["GET"]}}],"collection":[{"href":"https:\/\/www.fleurop-home.ch\/fr-ch\/wp-json\/wp\/v2\/product"}],"about":[{"href":"https:\/\/www.fleurop-home.ch\/fr-ch\/wp-json\/wp\/v2\/types\/product"}],"wp:featuredmedia":[{"embeddable":true,"href":"https:\/\/www.fleurop-home.ch\/fr-ch\/wp-json\/wp\/v2\/media\/75414"}],"wp:attachment":[{"href":"https:\/\/www.fleurop-home.ch\/fr-ch\/wp-json\/wp\/v2\/media?parent=75412"}],"wp:term":[{"taxonomy":"product_brand","embeddable":true,"href":"https:\/\/www.fleurop-home.ch\/fr-ch\/wp-json\/wp\/v2\/product_brand?post=75412"},{"taxonomy":"product_cat","embeddable":true,"href":"https:\/\/www.fleurop-home.ch\/fr-ch\/wp-json\/wp\/v2\/product_cat?post=75412"},{"taxonomy":"product_tag","embeddable":true,"href":"https:\/\/www.fleurop-home.ch\/fr-ch\/wp-json\/wp\/v2\/product_tag?post=75412"},{"taxonomy":"woo-feed-brand","embeddable":true,"href":"https:\/\/www.fleurop-home.ch\/fr-ch\/wp-json\/wp\/v2\/woo-feed-brand?post=75412"}],"curies":[{"name":"wp","href":"https:\/\/api.w.org\/{rel}","templated":true}]}}