{"id":75409,"date":"2026-03-05T10:48:23","date_gmt":"2026-03-05T09:48:23","guid":{"rendered":"https:\/\/www.fleurop-home.ch\/?post_type=product&#038;p=75409"},"modified":"2026-05-12T09:37:37","modified_gmt":"2026-05-12T07:37:37","slug":"racine-de-maison-sempervivum-hybrida-14","status":"publish","type":"product","link":"https:\/\/www.fleurop-home.ch\/fr-ch\/p\/hauswurz-sempervivum-hybrida-14","title":{"rendered":"Racine de maison - Sempervivum Hybrida"},"content":{"rendered":"<p>La racine d'int\u00e9rieur Ruby Lime est une plante robuste \u00e0 feuilles \u00e9paisses avec une coloration rouge marquante et provient d'une production suisse 100 %. Gr\u00e2ce \u00e0 sa r\u00e9sistance \u00e0 l'hiver, elle survit sans probl\u00e8me aux mois les plus froids et est id\u00e9ale pour les endroits ensoleill\u00e9s comme les rocailles, les murs de pierres s\u00e8ches, les tombes ou les bacs \u00e0 plantes. Cette plante vivace peu exigeante pr\u00e9f\u00e8re les sols perm\u00e9ables et n'a besoin que de peu d'eau. C'est surtout dans des r\u00e9cipients ou sur des surfaces expos\u00e9es qu'elle d\u00e9ploie sa beaut\u00e9 typique et enrichit l'ann\u00e9e de jardinage gr\u00e2ce \u00e0 son caract\u00e8re facile \u00e0 entretenir. La joubarbe n'offre pas seulement un aspect particulier, elle est aussi synonyme de splendeur florale issue de la force primaire et d'une conception proche de la nature.<\/p>\n<p>Hauteur : 10 cm<br \/>\nTaille du pot : bol de 20<br \/>\nR\u00e9sistance au froid : r\u00e9sistant au froid<br \/>\nLumi\u00e8re : ensoleill\u00e9e<br \/>\nP\u00e9riode de floraison : juin \u00e0 ao\u00fbt<br \/>\nSol : perm\u00e9able<\/p>","protected":false},"excerpt":{"rendered":"<p>Racine de maison Ruby Lime dans une coupe en argile - plante vivace r\u00e9sistante \u00e0 l'hiver de production suisse<\/p>","protected":false},"featured_media":75411,"template":"","meta":[],"product_brand":[],"product_cat":[109,34,41],"product_tag":[299],"woo-feed-brand":[],"class_list":{"0":"post-75409","1":"product","2":"type-product","3":"status-publish","4":"has-post-thumbnail","6":"product_cat-saisonale-pflanzen","7":"product_cat-garten-balkon","8":"product_cat-outdoorpflanzen","9":"product_tag-santispracht","11":"first","12":"instock","13":"taxable","14":"shipping-taxable","15":"purchasable","16":"product-type-simple"},"_links":{"self":[{"href":"https:\/\/www.fleurop-home.ch\/fr-ch\/wp-json\/wp\/v2\/product\/75409","targetHints":{"allow":["GET"]}}],"collection":[{"href":"https:\/\/www.fleurop-home.ch\/fr-ch\/wp-json\/wp\/v2\/product"}],"about":[{"href":"https:\/\/www.fleurop-home.ch\/fr-ch\/wp-json\/wp\/v2\/types\/product"}],"wp:featuredmedia":[{"embeddable":true,"href":"https:\/\/www.fleurop-home.ch\/fr-ch\/wp-json\/wp\/v2\/media\/75411"}],"wp:attachment":[{"href":"https:\/\/www.fleurop-home.ch\/fr-ch\/wp-json\/wp\/v2\/media?parent=75409"}],"wp:term":[{"taxonomy":"product_brand","embeddable":true,"href":"https:\/\/www.fleurop-home.ch\/fr-ch\/wp-json\/wp\/v2\/product_brand?post=75409"},{"taxonomy":"product_cat","embeddable":true,"href":"https:\/\/www.fleurop-home.ch\/fr-ch\/wp-json\/wp\/v2\/product_cat?post=75409"},{"taxonomy":"product_tag","embeddable":true,"href":"https:\/\/www.fleurop-home.ch\/fr-ch\/wp-json\/wp\/v2\/product_tag?post=75409"},{"taxonomy":"woo-feed-brand","embeddable":true,"href":"https:\/\/www.fleurop-home.ch\/fr-ch\/wp-json\/wp\/v2\/woo-feed-brand?post=75409"}],"curies":[{"name":"wp","href":"https:\/\/api.w.org\/{rel}","templated":true}]}}