{"id":75403,"date":"2026-03-05T10:39:36","date_gmt":"2026-03-05T09:39:36","guid":{"rendered":"https:\/\/www.fleurop-home.ch\/?post_type=product&#038;p=75403"},"modified":"2026-05-12T09:38:05","modified_gmt":"2026-05-12T07:38:05","slug":"racine-de-maison-sempervivum-hybrida-16","status":"publish","type":"product","link":"https:\/\/www.fleurop-home.ch\/fr-ch\/p\/hauswurz-sempervivum-hybrida-16","title":{"rendered":"Racine de maison - Sempervivum Hybrida"},"content":{"rendered":"<p>La racine de maison Coconut Crystal, en tant que plante vivace peu exigeante et extr\u00eamement r\u00e9sistante, apporte des accents naturels \u00e0 ton jardin de rocaille, aux murs secs ou aux tombes. Gr\u00e2ce \u00e0 sa croissance compacte et \u00e0 son feuillage rouge d\u00e9coratif, elle est \u00e9galement le choix id\u00e9al pour les bacs \u00e0 plantes. Elle pr\u00e9f\u00e8re un emplacement en plein soleil, a besoin de peu d'eau et s'adapte parfaitement aux sols perm\u00e9ables et plut\u00f4t maigres. Cette plante \u00e0 feuilles \u00e9paisses convainc par sa qualit\u00e9 suisse et reste attractive toute l'ann\u00e9e, m\u00eame dans des conditions m\u00e9t\u00e9orologiques difficiles. Profite de la splendeur florale durable de la force primaire avec la racine de maison Coconut Crystal.<\/p>\n<p>Hauteur : 10 cm<br \/>\nTaille du pot : bol de 30<br \/>\nR\u00e9sistance au froid : r\u00e9sistant au froid<br \/>\nLumi\u00e8re : ensoleill\u00e9e<br \/>\nP\u00e9riode de floraison : juin \u00e0 ao\u00fbt<br \/>\nSol : perm\u00e9able<\/p>","protected":false},"excerpt":{"rendered":"<p>Racine de maison Coconut Crystal dans une coupe en argile - plante robuste \u00e0 feuilles \u00e9paisses de production suisse<\/p>","protected":false},"featured_media":75405,"template":"","meta":[],"product_brand":[],"product_cat":[109,34,41],"product_tag":[299],"woo-feed-brand":[],"class_list":{"0":"post-75403","1":"product","2":"type-product","3":"status-publish","4":"has-post-thumbnail","6":"product_cat-saisonale-pflanzen","7":"product_cat-garten-balkon","8":"product_cat-outdoorpflanzen","9":"product_tag-santispracht","11":"first","12":"instock","13":"taxable","14":"shipping-taxable","15":"purchasable","16":"product-type-simple"},"_links":{"self":[{"href":"https:\/\/www.fleurop-home.ch\/fr-ch\/wp-json\/wp\/v2\/product\/75403","targetHints":{"allow":["GET"]}}],"collection":[{"href":"https:\/\/www.fleurop-home.ch\/fr-ch\/wp-json\/wp\/v2\/product"}],"about":[{"href":"https:\/\/www.fleurop-home.ch\/fr-ch\/wp-json\/wp\/v2\/types\/product"}],"wp:featuredmedia":[{"embeddable":true,"href":"https:\/\/www.fleurop-home.ch\/fr-ch\/wp-json\/wp\/v2\/media\/75405"}],"wp:attachment":[{"href":"https:\/\/www.fleurop-home.ch\/fr-ch\/wp-json\/wp\/v2\/media?parent=75403"}],"wp:term":[{"taxonomy":"product_brand","embeddable":true,"href":"https:\/\/www.fleurop-home.ch\/fr-ch\/wp-json\/wp\/v2\/product_brand?post=75403"},{"taxonomy":"product_cat","embeddable":true,"href":"https:\/\/www.fleurop-home.ch\/fr-ch\/wp-json\/wp\/v2\/product_cat?post=75403"},{"taxonomy":"product_tag","embeddable":true,"href":"https:\/\/www.fleurop-home.ch\/fr-ch\/wp-json\/wp\/v2\/product_tag?post=75403"},{"taxonomy":"woo-feed-brand","embeddable":true,"href":"https:\/\/www.fleurop-home.ch\/fr-ch\/wp-json\/wp\/v2\/woo-feed-brand?post=75403"}],"curies":[{"name":"wp","href":"https:\/\/api.w.org\/{rel}","templated":true}]}}