{"id":75291,"date":"2026-03-02T19:51:06","date_gmt":"2026-03-02T18:51:06","guid":{"rendered":"https:\/\/www.fleurop-home.ch\/fr-ch\/?post_type=product&#038;p=75291"},"modified":"2026-04-15T16:38:54","modified_gmt":"2026-04-15T14:38:54","slug":"glasherz-coeur-en-verre-rouge","status":"publish","type":"product","link":"https:\/\/www.fleurop-home.ch\/fr-ch\/p\/glasherz-coeur-en-verre-rouge","title":{"rendered":"C\u0153ur en verre rouge\u00ab"},"content":{"rendered":"<p>Ce magnifique c\u0153ur avec deux roses rouges conserv\u00e9es, \u00e0 offrir avec beaucoup d'amour et de tendresse.<br \/>\nNe n\u00e9cessite aucun entretien et peut \u00eatre conserv\u00e9 pendant plusieurs ann\u00e9es.<br \/>\nEnviron 23 cm de haut.<\/p>","protected":false},"excerpt":{"rendered":"<p>C\u0153ur en verre avec roses conserv\u00e9es<\/p>","protected":false},"featured_media":75292,"template":"","meta":[],"product_brand":[],"product_cat":[102,23,1000,1023,797,999,26,52,55],"product_tag":[1135],"woo-feed-brand":[],"class_list":{"0":"post-75291","1":"product","2":"type-product","3":"status-publish","4":"has-post-thumbnail","6":"product_cat-infinity-rosen","7":"product_cat-home-living","8":"product_cat-valentinstagsdeko","9":"product_cat-fuer-mama","10":"product_cat-muttertag","11":"product_cat-valentinstag","12":"product_cat-blumen-pflanzen","13":"product_cat-geschenke","14":"product_cat-blumige-geschenke","15":"product_tag-mon-reve-fleuri","17":"first","18":"instock","19":"taxable","20":"shipping-taxable","21":"purchasable","22":"product-type-simple"},"_links":{"self":[{"href":"https:\/\/www.fleurop-home.ch\/fr-ch\/wp-json\/wp\/v2\/product\/75291","targetHints":{"allow":["GET"]}}],"collection":[{"href":"https:\/\/www.fleurop-home.ch\/fr-ch\/wp-json\/wp\/v2\/product"}],"about":[{"href":"https:\/\/www.fleurop-home.ch\/fr-ch\/wp-json\/wp\/v2\/types\/product"}],"wp:featuredmedia":[{"embeddable":true,"href":"https:\/\/www.fleurop-home.ch\/fr-ch\/wp-json\/wp\/v2\/media\/75292"}],"wp:attachment":[{"href":"https:\/\/www.fleurop-home.ch\/fr-ch\/wp-json\/wp\/v2\/media?parent=75291"}],"wp:term":[{"taxonomy":"product_brand","embeddable":true,"href":"https:\/\/www.fleurop-home.ch\/fr-ch\/wp-json\/wp\/v2\/product_brand?post=75291"},{"taxonomy":"product_cat","embeddable":true,"href":"https:\/\/www.fleurop-home.ch\/fr-ch\/wp-json\/wp\/v2\/product_cat?post=75291"},{"taxonomy":"product_tag","embeddable":true,"href":"https:\/\/www.fleurop-home.ch\/fr-ch\/wp-json\/wp\/v2\/product_tag?post=75291"},{"taxonomy":"woo-feed-brand","embeddable":true,"href":"https:\/\/www.fleurop-home.ch\/fr-ch\/wp-json\/wp\/v2\/woo-feed-brand?post=75291"}],"curies":[{"name":"wp","href":"https:\/\/api.w.org\/{rel}","templated":true}]}}