{"id":75166,"date":"2026-02-24T21:01:11","date_gmt":"2026-02-24T20:01:11","guid":{"rendered":"https:\/\/www.fleurop-home.ch\/de-ch\/?post_type=product&#038;p=75166"},"modified":"2026-02-25T16:28:14","modified_gmt":"2026-02-25T15:28:14","slug":"oceanherz-orange-pour-toujours-dans-nos-coeurs","status":"publish","type":"product","link":"https:\/\/www.fleurop-home.ch\/fr-ch\/p\/oceanherz-orange-fuer-immer-in-unseren-herzen","title":{"rendered":"Oceanherz orange \u00abPour toujours dans nos c\u0153urs\u00bb.\u00bb"},"content":{"rendered":"<p>Le sentiment de la mer \u00e0 la maison - parfait comme id\u00e9e de cadeau ou comme d\u00e9coration.<br \/>\nLe design d'Ocean est compos\u00e9 de r\u00e9sine \u00e9poxy et est con\u00e7u \u00e0 la main. Le c\u0153ur est adapt\u00e9 au contact alimentaire et convainc par sa qualit\u00e9 sup\u00e9rieure.<\/p>","protected":false},"excerpt":{"rendered":"<p>Chaque pi\u00e8ce est unique et faite \u00e0 la main, inspir\u00e9e par les vagues de la mer. Les couleurs et les motifs peuvent varier et font de chaque c\u0153ur quelque chose de tr\u00e8s sp\u00e9cial.<\/p>","protected":false},"featured_media":75124,"template":"","meta":[],"product_brand":[],"product_cat":[1190,23,30,52,53,1248,132],"product_tag":[1147],"woo-feed-brand":[],"class_list":{"0":"post-75166","1":"product","2":"type-product","3":"status-publish","4":"has-post-thumbnail","6":"product_cat-dekoobjekte","7":"product_cat-home-living","8":"product_cat-deko-accessoires","9":"product_cat-geschenke","10":"product_cat-geschenksets","11":"product_cat-kleinigkeiten","12":"product_cat-neu","13":"product_tag-handmade-by-selina","15":"first","16":"instock","17":"taxable","18":"shipping-taxable","19":"purchasable","20":"product-type-simple"},"_links":{"self":[{"href":"https:\/\/www.fleurop-home.ch\/fr-ch\/wp-json\/wp\/v2\/product\/75166","targetHints":{"allow":["GET"]}}],"collection":[{"href":"https:\/\/www.fleurop-home.ch\/fr-ch\/wp-json\/wp\/v2\/product"}],"about":[{"href":"https:\/\/www.fleurop-home.ch\/fr-ch\/wp-json\/wp\/v2\/types\/product"}],"wp:featuredmedia":[{"embeddable":true,"href":"https:\/\/www.fleurop-home.ch\/fr-ch\/wp-json\/wp\/v2\/media\/75124"}],"wp:attachment":[{"href":"https:\/\/www.fleurop-home.ch\/fr-ch\/wp-json\/wp\/v2\/media?parent=75166"}],"wp:term":[{"taxonomy":"product_brand","embeddable":true,"href":"https:\/\/www.fleurop-home.ch\/fr-ch\/wp-json\/wp\/v2\/product_brand?post=75166"},{"taxonomy":"product_cat","embeddable":true,"href":"https:\/\/www.fleurop-home.ch\/fr-ch\/wp-json\/wp\/v2\/product_cat?post=75166"},{"taxonomy":"product_tag","embeddable":true,"href":"https:\/\/www.fleurop-home.ch\/fr-ch\/wp-json\/wp\/v2\/product_tag?post=75166"},{"taxonomy":"woo-feed-brand","embeddable":true,"href":"https:\/\/www.fleurop-home.ch\/fr-ch\/wp-json\/wp\/v2\/woo-feed-brand?post=75166"}],"curies":[{"name":"wp","href":"https:\/\/api.w.org\/{rel}","templated":true}]}}